{"id":683230,"date":"2026-01-08T15:59:24","date_gmt":"2026-01-08T14:59:24","guid":{"rendered":"https:\/\/lucacastelli.com\/?post_type=product&#038;p=683230"},"modified":"2026-01-09T11:54:36","modified_gmt":"2026-01-09T10:54:36","slug":"stihl-barre-speciale-centennial-edition-light-01-1-4-1-1-mm-100e-anniversaire-stihl-barre-de-fixation-3005-copia-copia-copia-copia-copia-copia-copia-copia-copia","status":"publish","type":"product","link":"https:\/\/lucacastelli.com\/fr\/produit\/stihl-barre-speciale-centennial-edition-light-01-1-4-1-1-mm-100e-anniversaire-stihl-barre-de-fixation-3005-copia-copia-copia-copia-copia-copia-copia-copia-copia\/","title":{"rendered":"STIHL Barre de guidage de la lumi\u00e8re 04 &#8211; K095 &#8211; 45 cm 325&#8243; P 1,5 mm"},"content":{"rendered":"<h2>Guide STIHL Light 04, 0,325&#8243;, 1,5 mm : qualit\u00e9 STIHL pour les tron\u00e7onneuses d&#8217;autres fabricants avec l&#8217;accessoire de guide K095.<\/h2>\n<p>Avec l&#8217;accessoire STIHL Light 04, 0,325&#8243;, 1,5 mm avec barre K095, tu <b>peux b\u00e9n\u00e9ficier des avantages concrets d&#8217;une barre STIHL, m\u00eame avec une Tron\u00e7onneuses d&#8217;autres fabricants.<\/b><\/p>\n<p>Le guide-cha\u00eene STIHL Light 04, 0,325&#8243;, 1,5 mm avec attachement K095 a \u00e9t\u00e9 con\u00e7u pour les <b>professionnels de la sylviculture et de l&#8217;agriculture, du jardinage et de l&#8217;am\u00e9nagement paysager, ainsi que pour les applications priv\u00e9es<\/b> exigeantes. Les guides STIHL Light 04 avec un pas de 0,325&#8243; conviennent par exemple <b>aux travaux d&#8217;abattage et d&#8217;\u00e9lagage d&#8217;arbres, de coupe de bois de chauffage ou de coupe de bois de construction<\/b>. Gr\u00e2ce \u00e0 leur <b>faible poids<\/b>, m\u00eame les travaux de coupe exigeants peuvent \u00eatre effectu\u00e9s confortablement. Gr\u00e2ce \u00e0 leur faible poids et \u00e0 leur <b>\u00e9quilibre parfait<\/b>, les barres de guidage STIHL Light 04 sont <b>faciles \u00e0 man\u0153uvrer<\/b> et permettent un <b>travail particuli\u00e8rement agile<\/b>.   <\/p>\n<p>Pour <b>plus de robustesse et de long\u00e9vit\u00e9<\/b>, la roue d\u00e9flectrice du guide-cha\u00eene STIHL Light 04 est fix\u00e9e \u00e0 l&#8217;aide de 4 rivets solides. En outre, le <b>roulement en \u00e9toile ferm\u00e9<\/b> offre une protection \u00e9lev\u00e9e contre la p\u00e9n\u00e9tration de salet\u00e9s provenant de l&#8217;ext\u00e9rieur. Le roulement en \u00e9toile du guide-cha\u00eene STIHL n&#8217;a pas besoin d&#8217;\u00eatre lubrifi\u00e9 manuellement, ce qui <b>supprime tout besoin d&#8217;entretien<\/b>.  <\/p>\n<p>Le guide-cha\u00eene STIHL Light 04, 0,325&#8243;, 1,5 mm avec l&#8217;accessoire de guide-cha\u00eene K095 convient <b>aux Tron\u00e7onneuses d&#8217;une puissance de moteur allant jusqu&#8217;\u00e0 3,0 kW<\/b> et est disponible <b>en longueurs de 40 cm, 45 cm et 50 cm.<\/b><\/p>\n<p><b><strong>Les principaux avantages* de la STIHL Light 04 en un coup d&#8217;\u0153il :<\/strong><\/b><\/p>\n<ul>\n<li><b>Dur\u00e9e de vie 50 % plus longue :<\/b> gr\u00e2ce \u00e0 des mat\u00e9riaux plus r\u00e9sistants \u00e0 l&#8217;usure et \u00e0 4 rivets sur le nez du pignon.<\/li>\n<li><b>Robustesse sup\u00e9rieure :<\/b> moins sensible \u00e0 la salet\u00e9 gr\u00e2ce au roulement en \u00e9toile encapsul\u00e9 et au nez de pignon ferm\u00e9 et bien prot\u00e9g\u00e9.<\/li>\n<li><b>Sans entretien :<\/b> gr\u00e2ce \u00e0 un graissage illimit\u00e9 \u00e0 vie de la roue dent\u00e9e.<\/li>\n<li><b>Rigidit\u00e9 optimale :<\/b> jusqu&#8217;\u00e0 20 % de stabilit\u00e9 en plus gr\u00e2ce \u00e0 des mat\u00e9riaux de haute qualit\u00e9 et r\u00e9sistants \u00e0 l&#8217;usure.<\/li>\n<li><b>Poids r\u00e9duit :<\/b> jusqu&#8217;\u00e0 22 % plus l\u00e9ger gr\u00e2ce \u00e0 des plaques interm\u00e9diaires au poids optimis\u00e9.<\/li>\n<\/ul>\n<p>* Avantages par rapport aux barres de guidage d&#8217;autres fabricants.<\/p>\n<p>Le guide STIHL Light 04, 0,325&#8243;, 1,5 mm avec l&#8217;accessoire de guide K095 <b>n&#8217;est pas compatible avec les Tron\u00e7onneuses STIHL<\/b>. Un aper\u00e7u des tron\u00e7onneuses d&#8217;autres fabricants compatibles avec STIHL Light 04 est disponible. <\/p>\n<p>&nbsp;<\/p>\n<table data-test-id=\"pdp-spec-tech-table\">\n<tbody>\n<tr>\n<td>Nutbreite<\/td>\n<td>1.5mm\/.058&#8243;<\/td>\n<\/tr>\n<tr>\n<td>Teilung Umlenkstern<\/td>\n<td>8.25mm\/.325&#8243;<\/td>\n<\/tr>\n<tr>\n<td>Schienenanschluss<\/td>\n<td>K095 <sup>1<!-- --><\/sup> )<\/td>\n<\/tr>\n<tr>\n<td>Z\u00e4hneanzahl Umlenkstern<\/td>\n<td>10<\/td>\n<\/tr>\n<tr>\n<td>Longueur de l&#8217;\u00e9cran<\/td>\n<td>40cm\/16&#8243; \/ 45cm\/18&#8243;<\/td>\n<\/tr>\n<tr>\n<td>Gewicht Schiene<\/td>\n<td>0,672 \/ 0,762 kg<\/td>\n<\/tr>\n<\/tbody>\n<\/table>\n","protected":false},"excerpt":{"rendered":"<p>Guide STIHL Light 04, 0,325&#8243;, 1,5 mm : qualit\u00e9 STIHL pour les tron\u00e7onneuses d&#8217;autres fabricants avec l&#8217;accessoire de guide K095.<\/p>\n","protected":false},"featured_media":683217,"template":"","meta":{"_seopress_robots_primary_cat":"none","_seopress_titles_title":"","_seopress_titles_desc":"","_seopress_robots_index":""},"product_brand":[3366],"product_cat":[29,268,524],"product_tag":[],"class_list":{"0":"post-683230","1":"product","2":"type-product","3":"status-publish","4":"has-post-thumbnail","6":"product_brand-stihl","7":"product_cat-macchinari","8":"product_cat-motoseghe","9":"product_cat-spranghe-guida","10":"sws-gruppo-macchinari-fr","11":"sws-conto-ricavi-merci-rivendita-macchinari-fr","12":"sws-gruppo-iva-iva81-fr","14":"first","15":"instock","16":"shipping-taxable","17":"purchasable","18":"product-type-simple"},"_links":{"self":[{"href":"https:\/\/lucacastelli.com\/fr\/wp-json\/wp\/v2\/product\/683230","targetHints":{"allow":["GET"]}}],"collection":[{"href":"https:\/\/lucacastelli.com\/fr\/wp-json\/wp\/v2\/product"}],"about":[{"href":"https:\/\/lucacastelli.com\/fr\/wp-json\/wp\/v2\/types\/product"}],"wp:featuredmedia":[{"embeddable":true,"href":"https:\/\/lucacastelli.com\/fr\/wp-json\/wp\/v2\/media\/683217"}],"wp:attachment":[{"href":"https:\/\/lucacastelli.com\/fr\/wp-json\/wp\/v2\/media?parent=683230"}],"wp:term":[{"taxonomy":"product_brand","embeddable":true,"href":"https:\/\/lucacastelli.com\/fr\/wp-json\/wp\/v2\/product_brand?post=683230"},{"taxonomy":"product_cat","embeddable":true,"href":"https:\/\/lucacastelli.com\/fr\/wp-json\/wp\/v2\/product_cat?post=683230"},{"taxonomy":"product_tag","embeddable":true,"href":"https:\/\/lucacastelli.com\/fr\/wp-json\/wp\/v2\/product_tag?post=683230"}],"curies":[{"name":"wp","href":"https:\/\/api.w.org\/{rel}","templated":true}]}}