{"id":683184,"date":"2026-01-08T15:40:30","date_gmt":"2026-01-08T14:40:30","guid":{"rendered":"https:\/\/lucacastelli.com\/?post_type=product&#038;p=683184"},"modified":"2026-01-09T11:54:23","modified_gmt":"2026-01-09T10:54:23","slug":"stihl-barre-speciale-centennial-edition-light-01-1-4-1-1-mm-100e-anniversaire-stihl-barre-de-fixation-3005-copia-copia-copia-copia-copia-copia-2","status":"publish","type":"product","link":"https:\/\/lucacastelli.com\/fr\/produit\/stihl-barre-speciale-centennial-edition-light-01-1-4-1-1-mm-100e-anniversaire-stihl-barre-de-fixation-3005-copia-copia-copia-copia-copia-copia-2\/","title":{"rendered":"STIHL Barre de guidage de la lumi\u00e8re 04 &#8211; A041 &#8211; 35 cm 3\/8&#8243; P 1,3 mm"},"content":{"rendered":"<h2>STIHL Light 04, 3\/8&#8243; P, guide 1,3 mm : qualit\u00e9 d&#8217;origine STIHL pour les tron\u00e7onneuses d&#8217;autres fabricants avec attachement de guide A041.<\/h2>\n<p>Avec la STIHL Light 04, 3\/8&#8243; P, 1,3 mm avec attachement de barre A041, tu <b>peux b\u00e9n\u00e9ficier des avantages tangibles d&#8217;une barre STIHL m\u00eame avec une Tron\u00e7onneuses d&#8217;autres fabricants.<\/b><\/p>\n<p>Le guide STIHL Light 04, 3\/8&#8243; P, 1,3 mm avec attachement de barre A041 est id\u00e9al pour les <b>travaux professionnels<\/b> d <b>&#8216;entretien des arbres<\/b> et les <b>applications priv\u00e9es exigeantes<\/b>. Les barres de guidage STIHL Light 04 avec un pas de 3\/8&#8243; P te permettent de r\u00e9aliser des travaux tels que l&#8217;<b>abattage de petits arbres et des<\/b> travaux d&#8217;<b>\u00e9lagage de<\/b> mani\u00e8re permanente et sans effort. Gr\u00e2ce \u00e0 leur <b>faible poids<\/b> et \u00e0 leur <b>\u00e9quilibre parfait<\/b>, les barres de guidage STIHL Light 04 sont faciles \u00e0 <b>man\u0153uvrer<\/b> et permettent un <b>travail particuli\u00e8rement agile<\/b>.  <\/p>\n<p>Pour <b>plus de robustesse et de long\u00e9vit\u00e9<\/b>, le roulement en \u00e9toile des barres de guidage STIHL Light 04 est fix\u00e9 \u00e0 l&#8217;aide de 4 rivets solides. En outre, le <b>roulement en \u00e9toile ferm\u00e9<\/b> offre une protection \u00e9lev\u00e9e contre la p\u00e9n\u00e9tration de salet\u00e9s provenant de l&#8217;ext\u00e9rieur. Le roulement en \u00e9toile du guide-cha\u00eene STIHL n&#8217;a pas besoin d&#8217;\u00eatre lubrifi\u00e9 manuellement, ce qui <b>\u00e9limine tout besoin d&#8217;entretien<\/b>.  <\/p>\n<p>Le guide-cha\u00eene STIHL Light 04, 3\/8&#8243; P, 1,3 mm avec l&#8217;accessoire de barre A041 convient <b>aux Tron\u00e7onneuses d&#8217;une puissance de moteur allant jusqu&#8217;\u00e0 2,3 kW<\/b> et est disponible <b>dans les longueurs 30 cm, 35 cm et 40 cm.<\/b><\/p>\n<p><b>Les principaux avantages* de la STIHL Light 04 en un coup d&#8217;\u0153il :<\/b><\/p>\n<ul>\n<li><b>Dur\u00e9e de vie 50 % plus longue :<\/b> gr\u00e2ce \u00e0 des mat\u00e9riaux plus r\u00e9sistants \u00e0 l&#8217;usure et \u00e0 4 rivets sur le nez du pignon.<\/li>\n<li><b>Robustesse sup\u00e9rieure :<\/b> moins sensible \u00e0 la salet\u00e9 gr\u00e2ce au roulement en \u00e9toile encapsul\u00e9 et au nez de pignon ferm\u00e9 et bien prot\u00e9g\u00e9.<\/li>\n<li><b>Sans entretien :<\/b> gr\u00e2ce \u00e0 un graissage illimit\u00e9 \u00e0 vie de la roue dent\u00e9e.<\/li>\n<li><b>Rigidit\u00e9 de pliage parfaite :<\/b> jusqu&#8217;\u00e0 20 % plus stable gr\u00e2ce \u00e0 des mat\u00e9riaux de haute qualit\u00e9 et r\u00e9sistants \u00e0 l&#8217;usure.<\/li>\n<li><b>Poids r\u00e9duit :<\/b> jusqu&#8217;\u00e0 15 pour cent plus l\u00e9ger gr\u00e2ce \u00e0 un design fin et \u00e0 des plaques interm\u00e9diaires au poids optimis\u00e9.<\/li>\n<\/ul>\n<p>* Avantages par rapport aux barres de guidage d&#8217;autres fabricants.<\/p>\n<p>Le STIHL Light 04, guide-cha\u00eene 3\/8&#8243; P, 1,3 mm avec embout de guide-cha\u00eene A041 <b>n&#8217;est pas compatible avec les Tron\u00e7onneuses STIHL<\/b>. Un aper\u00e7u des tron\u00e7onneuses d&#8217;autres fabricants compatibles avec STIHL Light 04 est disponible. <\/p>\n<p>&nbsp;<\/p>\n<table data-test-id=\"pdp-spec-tech-table\">\n<tbody>\n<tr>\n<td>Nutbreite<\/td>\n<td>1.3mm\/.050&#8243;<\/td>\n<\/tr>\n<tr>\n<td>Teilung Umlenkstern<\/td>\n<td>9.32mm\/3\/8 &#8220;P<\/td>\n<\/tr>\n<tr>\n<td>Schienenanschluss<\/td>\n<td>A041 <sup>1<!-- --><\/sup> )<\/td>\n<\/tr>\n<tr>\n<td>Z\u00e4hneanzahl Umlenkstern<\/td>\n<td>9<\/td>\n<\/tr>\n<tr>\n<td>Longueur de l&#8217;\u00e9cran<\/td>\n<td>30cm\/12&#8243; \/ 35cm\/14&#8243; \/ 40cm\/16&#8243;<\/td>\n<\/tr>\n<tr>\n<td>Gewicht Schiene<\/td>\n<td>0,418 \/ 0,501 \/ 0,549 kg<\/td>\n<\/tr>\n<\/tbody>\n<\/table>\n","protected":false},"excerpt":{"rendered":"<p>STIHL Light 04, 3\/8&#8243; P, guide 1,3 mm : qualit\u00e9 d&#8217;origine STIHL pour les tron\u00e7onneuses d&#8217;autres fabricants avec attachement de<\/p>\n","protected":false},"featured_media":683180,"template":"","meta":{"_seopress_robots_primary_cat":"none","_seopress_titles_title":"","_seopress_titles_desc":"","_seopress_robots_index":""},"product_brand":[3555],"product_cat":[167,1604,1622],"product_tag":[],"class_list":{"0":"post-683184","1":"product","2":"type-product","3":"status-publish","4":"has-post-thumbnail","6":"product_brand-stihl-fr","7":"product_cat-machines","8":"product_cat-tronconneuses","9":"product_cat-guides-chaine","10":"sws-gruppo-macchinari-fr","11":"sws-conto-ricavi-merci-rivendita-macchinari-fr","12":"sws-gruppo-iva-iva81-fr","14":"first","15":"instock","16":"shipping-taxable","17":"purchasable","18":"product-type-simple"},"_links":{"self":[{"href":"https:\/\/lucacastelli.com\/fr\/wp-json\/wp\/v2\/product\/683184","targetHints":{"allow":["GET"]}}],"collection":[{"href":"https:\/\/lucacastelli.com\/fr\/wp-json\/wp\/v2\/product"}],"about":[{"href":"https:\/\/lucacastelli.com\/fr\/wp-json\/wp\/v2\/types\/product"}],"wp:featuredmedia":[{"embeddable":true,"href":"https:\/\/lucacastelli.com\/fr\/wp-json\/wp\/v2\/media\/683180"}],"wp:attachment":[{"href":"https:\/\/lucacastelli.com\/fr\/wp-json\/wp\/v2\/media?parent=683184"}],"wp:term":[{"taxonomy":"product_brand","embeddable":true,"href":"https:\/\/lucacastelli.com\/fr\/wp-json\/wp\/v2\/product_brand?post=683184"},{"taxonomy":"product_cat","embeddable":true,"href":"https:\/\/lucacastelli.com\/fr\/wp-json\/wp\/v2\/product_cat?post=683184"},{"taxonomy":"product_tag","embeddable":true,"href":"https:\/\/lucacastelli.com\/fr\/wp-json\/wp\/v2\/product_tag?post=683184"}],"curies":[{"name":"wp","href":"https:\/\/api.w.org\/{rel}","templated":true}]}}