{"id":683122,"date":"2026-01-08T15:19:49","date_gmt":"2026-01-08T14:19:49","guid":{"rendered":"https:\/\/lucacastelli.com\/?post_type=product&#038;p=683122"},"modified":"2026-01-08T15:34:39","modified_gmt":"2026-01-08T14:34:39","slug":"stihl-barre-speciale-centennial-edition-light-01-1-4-1-1-mm-100e-anniversaire-stihl-barre-de-fixation-3005-copia-copia-copia-copia","status":"publish","type":"product","link":"https:\/\/lucacastelli.com\/fr\/produit\/stihl-barre-speciale-centennial-edition-light-01-1-4-1-1-mm-100e-anniversaire-stihl-barre-de-fixation-3005-copia-copia-copia-copia\/","title":{"rendered":"STIHL Barre sp\u00e9ciale &#8220;Centennial Edition&#8221; Light 04, 325&#8243;, 1.6 mm, 40 cm 100e anniversaire STIHL, barre de fixation 3003"},"content":{"rendered":"<h2>Guide STIHL Light 04, 0,325&#8243;, 1,6 mm dans le design du 100e anniversaire de STIHL : guide de tron\u00e7onneuse stable et sans entretien.<\/h2>\n<p>La barre STIHL Light 04, 0,325&#8243;, 1,6 mm, offerte \u00e0 l&#8217;occasion du <b>100e anniversaire de STIHL<\/b>, a une <b>forme sp\u00e9ciale et \u00e9lanc\u00e9e<\/b> qui am\u00e9liore la performance de coupe et assure un <b>faible poids<\/b>. Cela rend les travaux p\u00e9nibles plus confortables et assure une plus grande r\u00e9sistance lors de la coupe. <\/p>\n<p>Le STIHL Light 04, 0,325&#8243;, 1,6 mm est 200 g plus l\u00e9ger que les rails STIHL existants et contribue donc \u00e0 l&#8217;all\u00e8gement du syst\u00e8me. Il est facile \u00e0 man\u0153uvrer et permet un travail agile avec des Tron\u00e7onneuses telles que la STIHL MS 261. Il est ainsi possible d&#8217;effectuer plus rapidement des travaux tels que l&#8217;abattage et l&#8217;\u00e9lagage d&#8217;arbres ou le soin des arbres avec nos Tron\u00e7onneuses STIHL. Le guide-cha\u00eene de la Tron\u00e7onneuses atteint une<b>puissance de coupe \u00e9lev\u00e9e avec un faible rebond<\/b>. Ainsi, m\u00eame les coupes p\u00e9n\u00e9trantes avec ce guide STIHL sont plus faciles.    <\/p>\n<p>&nbsp;<\/p>\n<p>&nbsp;<\/p>\n<p>&nbsp;<\/p>\n<table data-test-id=\"pdp-spec-tech-table\">\n<tbody>\n<tr>\n<td>Teilung Umlenkstern<\/td>\n<td>8.25mm\/.325&#8243;<\/td>\n<\/tr>\n<tr>\n<td>Nutbreite<\/td>\n<td>1.6mm\/.063&#8243;<\/td>\n<\/tr>\n<tr>\n<td>Schienenanschluss<\/td>\n<td>3003<\/td>\n<\/tr>\n<tr>\n<td>Z\u00e4hneanzahl Umlenkstern<\/td>\n<td>11<\/td>\n<\/tr>\n<tr>\n<td>Longueur de l&#8217;\u00e9cran<\/td>\n<td>40cm\/16&#8243;<\/td>\n<\/tr>\n<tr>\n<td>Gewicht Schiene<\/td>\n<td>0,782 kg<\/td>\n<\/tr>\n<\/tbody>\n<\/table>\n","protected":false},"excerpt":{"rendered":"<p>Guide STIHL Light 04, 0,325&#8243;, 1,6 mm dans le design du 100e anniversaire de STIHL : guide de tron\u00e7onneuse stable<\/p>\n","protected":false},"featured_media":683131,"template":"","meta":{"_seopress_robots_primary_cat":"none","_seopress_titles_title":"","_seopress_titles_desc":"","_seopress_robots_index":""},"product_brand":[3366],"product_cat":[29,268,524],"product_tag":[],"class_list":{"0":"post-683122","1":"product","2":"type-product","3":"status-publish","4":"has-post-thumbnail","6":"product_brand-stihl","7":"product_cat-macchinari","8":"product_cat-motoseghe","9":"product_cat-spranghe-guida","10":"sws-gruppo-macchinari-fr","11":"sws-conto-ricavi-merci-rivendita-macchinari-fr","12":"sws-gruppo-iva-iva81-fr","14":"first","15":"instock","16":"shipping-taxable","17":"purchasable","18":"product-type-simple"},"_links":{"self":[{"href":"https:\/\/lucacastelli.com\/fr\/wp-json\/wp\/v2\/product\/683122","targetHints":{"allow":["GET"]}}],"collection":[{"href":"https:\/\/lucacastelli.com\/fr\/wp-json\/wp\/v2\/product"}],"about":[{"href":"https:\/\/lucacastelli.com\/fr\/wp-json\/wp\/v2\/types\/product"}],"wp:featuredmedia":[{"embeddable":true,"href":"https:\/\/lucacastelli.com\/fr\/wp-json\/wp\/v2\/media\/683131"}],"wp:attachment":[{"href":"https:\/\/lucacastelli.com\/fr\/wp-json\/wp\/v2\/media?parent=683122"}],"wp:term":[{"taxonomy":"product_brand","embeddable":true,"href":"https:\/\/lucacastelli.com\/fr\/wp-json\/wp\/v2\/product_brand?post=683122"},{"taxonomy":"product_cat","embeddable":true,"href":"https:\/\/lucacastelli.com\/fr\/wp-json\/wp\/v2\/product_cat?post=683122"},{"taxonomy":"product_tag","embeddable":true,"href":"https:\/\/lucacastelli.com\/fr\/wp-json\/wp\/v2\/product_tag?post=683122"}],"curies":[{"name":"wp","href":"https:\/\/api.w.org\/{rel}","templated":true}]}}