{"id":683078,"date":"2026-01-08T14:51:00","date_gmt":"2026-01-08T13:51:00","guid":{"rendered":"https:\/\/lucacastelli.com\/?post_type=product&#038;p=683078"},"modified":"2026-01-08T15:34:54","modified_gmt":"2026-01-08T14:34:54","slug":"stihl-rollomatic-e-3-8-po-11-p-63-cm-copia-copia-copia-copia-copia-copia-copia-copia-copia-copia-copia-copia-copia-copia-copia-2","status":"publish","type":"product","link":"https:\/\/lucacastelli.com\/fr\/produit\/stihl-rollomatic-e-3-8-po-11-p-63-cm-copia-copia-copia-copia-copia-copia-copia-copia-copia-copia-copia-copia-copia-copia-copia-2\/","title":{"rendered":"STIHL DUROMATIC E 50 cm 3\/8 1,6 mm barre de guidage"},"content":{"rendered":"<h2 class=\"product-details__title\">Barre int\u00e9grale robuste<\/h2>\n<div class=\"product-details__description richtexteditor\">Le STIHL Duromatic E est un guide-cha\u00eene polyvalent extr\u00eamement robuste pour travailler avec des Tron\u00e7onneuses de moyenne et grande puissance. Le corps du guide-cha\u00eene est fabriqu\u00e9 en acier massif extraordinairement r\u00e9sistant. La pointe du guide-cha\u00eene, con\u00e7ue pour r\u00e9sister \u00e0 des charges \u00e9lev\u00e9es, est prot\u00e9g\u00e9e par un rev\u00eatement en m\u00e9tal dur.  <\/div>\n<div><\/div>\n<div>Longueur : 50 cm<\/div>\n<div>Pas (pouces) : 3\/8<\/div>\n<div>Largeur de la rainure : 1,6 mm<\/div>\n<div><\/div>\n<div>Pour Tron\u00e7onneuses : MS 400, MS 462, MS 500i, MS 661<\/div>\n","protected":false},"excerpt":{"rendered":"<p>Rollomatic E, 3\/8&#8243;, 11 d, 63cm<\/p>\n","protected":false},"featured_media":683067,"template":"","meta":{"_seopress_robots_primary_cat":"none","_seopress_titles_title":"","_seopress_titles_desc":"","_seopress_robots_index":""},"product_brand":[3555],"product_cat":[1622,167,1604],"product_tag":[3267],"class_list":{"0":"post-683078","1":"product","2":"type-product","3":"status-publish","4":"has-post-thumbnail","6":"product_brand-stihl-fr","7":"product_cat-guides-chaine","8":"product_cat-machines","9":"product_cat-tronconneuses","10":"product_tag-import-stihl-fr","11":"sws-gruppo-macchinari-fr","12":"sws-conto-ricavi-merci-rivendita-macchinari-fr","13":"sws-gruppo-iva-iva81-fr","15":"first","16":"onbackorder","17":"purchasable","18":"product-type-simple"},"_links":{"self":[{"href":"https:\/\/lucacastelli.com\/fr\/wp-json\/wp\/v2\/product\/683078","targetHints":{"allow":["GET"]}}],"collection":[{"href":"https:\/\/lucacastelli.com\/fr\/wp-json\/wp\/v2\/product"}],"about":[{"href":"https:\/\/lucacastelli.com\/fr\/wp-json\/wp\/v2\/types\/product"}],"wp:featuredmedia":[{"embeddable":true,"href":"https:\/\/lucacastelli.com\/fr\/wp-json\/wp\/v2\/media\/683067"}],"wp:attachment":[{"href":"https:\/\/lucacastelli.com\/fr\/wp-json\/wp\/v2\/media?parent=683078"}],"wp:term":[{"taxonomy":"product_brand","embeddable":true,"href":"https:\/\/lucacastelli.com\/fr\/wp-json\/wp\/v2\/product_brand?post=683078"},{"taxonomy":"product_cat","embeddable":true,"href":"https:\/\/lucacastelli.com\/fr\/wp-json\/wp\/v2\/product_cat?post=683078"},{"taxonomy":"product_tag","embeddable":true,"href":"https:\/\/lucacastelli.com\/fr\/wp-json\/wp\/v2\/product_tag?post=683078"}],"curies":[{"name":"wp","href":"https:\/\/api.w.org\/{rel}","templated":true}]}}