{"id":683053,"date":"2026-01-05T15:33:01","date_gmt":"2026-01-05T14:33:01","guid":{"rendered":"https:\/\/lucacastelli.com\/prodotto\/stihl-barre-speciale-centennial-edition-light-01-1-4-1-1-mm-100e-anniversaire-stihl-barre-de-fixation-3005\/"},"modified":"2026-01-05T15:33:01","modified_gmt":"2026-01-05T14:33:01","slug":"stihl-barre-speciale-centennial-edition-light-01-1-4-1-1-mm-100e-anniversaire-stihl-barre-de-fixation-3005","status":"publish","type":"product","link":"https:\/\/lucacastelli.com\/fr\/produit\/stihl-barre-speciale-centennial-edition-light-01-1-4-1-1-mm-100e-anniversaire-stihl-barre-de-fixation-3005\/","title":{"rendered":"STIHL Barre sp\u00e9ciale &#8220;Centennial Edition&#8221; Light 01, 1\/4&#8243;, 1.1 mm, 100e anniversaire STIHL, barre de fixation 3005"},"content":{"rendered":"<h2>STIHL Light 01, 1\/4&#8243; P, 1,1 mm dans le design de l&#8217;anniversaire des 100 ans de STIHL : particuli\u00e8rement \u00e9troit et l\u00e9ger.<\/h2>\n<p>Ce STIHL Light 01, 1\/4&#8243; P, 1,1 mm est un guide particuli\u00e8rement l\u00e9ger et \u00e9troit propos\u00e9 \u00e0 l&#8217;occasion du 100e anniversaire de STIHL. Il est id\u00e9al pour un travail encore plus pr\u00e9cis et plus rapide avec ta tron\u00e7onneuse. Avec cette lame de Tron\u00e7onneuses, tu peux par exemple \u00e9laguer des arbres, couper des arbustes, couper du bois de chauffage et abattre de petits arbres. Gr\u00e2ce \u00e0 sa <b>plus grande capacit\u00e9 de coupe<\/b>, tu auras besoin de moins de force pour toutes ces t\u00e2ches. La STIHL Light 01, 1\/4&#8243; P, 1,1 mm est compatible avec la cha\u00eene STIHL 1\/4&#8243; Picco Micro 3.    <\/p>\n<p>&nbsp;<\/p>\n<p>&nbsp;<\/p>\n<table data-test-id=\"pdp-spec-tech-table\">\n<tbody>\n<tr>\n<td>Section Umlenkstern<\/td>\n<td>6.35mm\/1\/4 &#8220;P<\/td>\n<\/tr>\n<tr>\n<td>Nutbreite<\/td>\n<td>1.1mm\/.043&#8243;<\/td>\n<\/tr>\n<tr>\n<td>Schienenanschluss<\/td>\n<td>3005<\/td>\n<\/tr>\n<tr>\n<td>Z\u00e4hneanzahl Umlenkstern<\/td>\n<td>8<\/td>\n<\/tr>\n<tr>\n<td>Longueur de l&#8217;arbre<\/td>\n<td>30cm\/12&#8243;<\/td>\n<\/tr>\n<\/tbody>\n<\/table>\n","protected":false},"excerpt":{"rendered":"<p>STIHL Light 01, 1\/4&#8243; P, 1,1 mm dans le design de l&#8217;anniversaire des 100 ans de STIHL : particuli\u00e8rement \u00e9troit<\/p>\n","protected":false},"featured_media":680637,"template":"","meta":{"_seopress_robots_primary_cat":"none","_seopress_titles_title":"","_seopress_titles_desc":"","_seopress_robots_index":""},"product_brand":[3366],"product_cat":[29,268,524],"product_tag":[],"class_list":{"0":"post-683053","1":"product","2":"type-product","3":"status-publish","4":"has-post-thumbnail","6":"product_brand-stihl","7":"product_cat-macchinari","8":"product_cat-motoseghe","9":"product_cat-spranghe-guida","10":"sws-gruppo-macchinari-fr","11":"sws-conto-ricavi-merci-rivendita-macchinari-fr","12":"sws-gruppo-iva-iva81-fr","14":"first","15":"instock","16":"shipping-taxable","17":"purchasable","18":"product-type-simple"},"_links":{"self":[{"href":"https:\/\/lucacastelli.com\/fr\/wp-json\/wp\/v2\/product\/683053","targetHints":{"allow":["GET"]}}],"collection":[{"href":"https:\/\/lucacastelli.com\/fr\/wp-json\/wp\/v2\/product"}],"about":[{"href":"https:\/\/lucacastelli.com\/fr\/wp-json\/wp\/v2\/types\/product"}],"wp:featuredmedia":[{"embeddable":true,"href":"https:\/\/lucacastelli.com\/fr\/wp-json\/wp\/v2\/media\/680637"}],"wp:attachment":[{"href":"https:\/\/lucacastelli.com\/fr\/wp-json\/wp\/v2\/media?parent=683053"}],"wp:term":[{"taxonomy":"product_brand","embeddable":true,"href":"https:\/\/lucacastelli.com\/fr\/wp-json\/wp\/v2\/product_brand?post=683053"},{"taxonomy":"product_cat","embeddable":true,"href":"https:\/\/lucacastelli.com\/fr\/wp-json\/wp\/v2\/product_cat?post=683053"},{"taxonomy":"product_tag","embeddable":true,"href":"https:\/\/lucacastelli.com\/fr\/wp-json\/wp\/v2\/product_tag?post=683053"}],"curies":[{"name":"wp","href":"https:\/\/api.w.org\/{rel}","templated":true}]}}