{"id":683046,"date":"2026-01-05T15:07:57","date_gmt":"2026-01-05T14:07:57","guid":{"rendered":"https:\/\/lucacastelli.com\/prodotto\/stihl-protection-contre-lusure-2\/"},"modified":"2026-01-05T15:07:57","modified_gmt":"2026-01-05T14:07:57","slug":"stihl-protection-contre-lusure-2","status":"publish","type":"product","link":"https:\/\/lucacastelli.com\/fr\/produit\/stihl-protection-contre-lusure-2\/","title":{"rendered":"STIHL Protection contre l&#8217;usure"},"content":{"rendered":"<h2>Protection contre l&#8217;usure : pour une plus grande durabilit\u00e9<\/h2>\n<p>Avec la protection anti-usure STIHL pour les <a href=\"https:\/\/www.stihl.de\/de\/ap\/maehkopf-polycut-28-2-135001\"><b>t\u00eates de coupe PolyCut 28-2<\/b><\/a> e <a href=\"https:\/\/www.stihl.de\/de\/ap\/maehkopf-polycut-48-2-135034\"><b>PolyCut 48-2<\/b><\/a> tu peux <b>prot\u00e9ger ces t\u00eates de coupe<\/b>. Gr\u00e2ce \u00e0 cette protection, les <b>professionnels comme les utilisateurs priv\u00e9s<\/b> peuvent \u00e9viter que la t\u00eate de coupe ou l&#8217;outil de coupe ne subissent de graves dommages lorsqu&#8217;ils entrent en contact avec des obstacles solides tels que des pierres, des bordures de plates-bandes ou des murs. La <b>protection en plastique robuste<\/b> se visse <b>directement<\/b> comme un couvercle suppl\u00e9mentaire \u00e0 l&#8217;aide de 4 vis.  <\/p>\n<p><b>Remarque :<\/b> les t\u00eates de coupe ne peuvent \u00eatre utilis\u00e9es qu&#8217;avec un protecteur sp\u00e9cial ou un protecteur universel STIHL. <a href=\"https:\/\/www.stihl.de\/de\/ap\/universalschutz-maehkoepf-metallwerkzeug-1615\"><b>Protection universelle STIHL pour les t\u00eates de coupe et les outils en m\u00e9tal.<\/b><\/a>.<\/p>\n","protected":false},"excerpt":{"rendered":"<p>Protection contre l&#8217;usure : pour une plus grande durabilit\u00e9 Avec la protection anti-usure STIHL pour les t\u00eates de coupe PolyCut<\/p>\n","protected":false},"featured_media":680623,"template":"","meta":{"_seopress_robots_primary_cat":"none","_seopress_titles_title":"","_seopress_titles_desc":"","_seopress_robots_index":""},"product_brand":[3366],"product_cat":[29,515,270,271,280],"product_tag":[],"class_list":{"0":"post-683046","1":"product","2":"type-product","3":"status-publish","4":"has-post-thumbnail","6":"product_brand-stihl","7":"product_cat-macchinari","8":"product_cat-accessori-e-materiale-di-consumo-altri-dispositivi","9":"product_cat-decespugliatori-e-tagliabordi","10":"product_cat-accessori-e-materiale-di-consumo-decespugliatori-e-tagliabordi","11":"product_cat-decespugliatori-e-tagliabordi-a-motore","12":"sws-gruppo-macchinari-fr","13":"sws-conto-ricavi-merci-rivendita-macchinari-fr","14":"sws-gruppo-iva-iva81-fr","16":"first","17":"instock","18":"shipping-taxable","19":"purchasable","20":"product-type-simple"},"_links":{"self":[{"href":"https:\/\/lucacastelli.com\/fr\/wp-json\/wp\/v2\/product\/683046","targetHints":{"allow":["GET"]}}],"collection":[{"href":"https:\/\/lucacastelli.com\/fr\/wp-json\/wp\/v2\/product"}],"about":[{"href":"https:\/\/lucacastelli.com\/fr\/wp-json\/wp\/v2\/types\/product"}],"wp:featuredmedia":[{"embeddable":true,"href":"https:\/\/lucacastelli.com\/fr\/wp-json\/wp\/v2\/media\/680623"}],"wp:attachment":[{"href":"https:\/\/lucacastelli.com\/fr\/wp-json\/wp\/v2\/media?parent=683046"}],"wp:term":[{"taxonomy":"product_brand","embeddable":true,"href":"https:\/\/lucacastelli.com\/fr\/wp-json\/wp\/v2\/product_brand?post=683046"},{"taxonomy":"product_cat","embeddable":true,"href":"https:\/\/lucacastelli.com\/fr\/wp-json\/wp\/v2\/product_cat?post=683046"},{"taxonomy":"product_tag","embeddable":true,"href":"https:\/\/lucacastelli.com\/fr\/wp-json\/wp\/v2\/product_tag?post=683046"}],"curies":[{"name":"wp","href":"https:\/\/api.w.org\/{rel}","templated":true}]}}