{"id":682919,"date":"2026-01-08T14:20:32","date_gmt":"2026-01-08T13:20:32","guid":{"rendered":"https:\/\/lucacastelli.com\/?post_type=product&#038;p=682919"},"modified":"2026-01-08T14:38:47","modified_gmt":"2026-01-08T13:38:47","slug":"stihl-rollomatic-e-3-8-po-11-p-63-cm-copia-copia-copia-copia-copia-copia-copia-copia-copia-copia-copia","status":"publish","type":"product","link":"https:\/\/lucacastelli.com\/fr\/produit\/stihl-rollomatic-e-3-8-po-11-p-63-cm-copia-copia-copia-copia-copia-copia-copia-copia-copia-copia-copia\/","title":{"rendered":"STIHL Barre de guidage Light 06, 63 cm, 3\/8\u2033, 1,3 mm 84 dents."},"content":{"rendered":"<p><b>Information sur le produit &#8220;Barre de guidage lumineux Stihl 06 &#8211; 3\/8&#8243; 1,3 mm 63 cm 84TG 30030007831&#8221;<\/b><\/p>\n<p>Le <b>guide-cha\u00eene Stihl 30030007831 Light 06<\/b>, d&#8217;une longueur de 40 cm et d&#8217;un pas de cha\u00eene de 3\/8 pouces, offre des performances exceptionnelles aux utilisateurs professionnels. Le guide, fabriqu\u00e9 avec une largeur de 1,3 mm et \u00e9quip\u00e9 de 60 maillons d&#8217;entra\u00eenement, permet des coupes pr\u00e9cises et efficaces, id\u00e9ales pour les travaux de coupe exigeants dans la sylviculture et l&#8217;entretien des jardins. <\/p>\n<h2><b>Caract\u00e9ristiques et avantages<\/b><\/h2>\n<p><b>L\u00e9ger et robuste :<\/b> sp\u00e9cialement con\u00e7u pour \u00eatre durable et l\u00e9ger afin de minimiser la fatigue de l&#8217;utilisateur.<\/p>\n<p><b>Efficacit\u00e9 :<\/b> permet des coupes rapides et nettes gr\u00e2ce \u00e0 l&#8217;optimisation de la g\u00e9om\u00e9trie des dents, ce qui r\u00e9duit le temps de travail et augmente la productivit\u00e9.<\/p>\n<p><b>Compatibilit\u00e9 :<\/b> s&#8217;adapte \u00e0 divers mod\u00e8les de tron\u00e7onneuses STIHL, ce qui en fait un choix polyvalent pour de nombreux utilisateurs.<\/p>\n<p>Domaines d&#8217;application : id\u00e9al pour une utilisation professionnelle dans la sylviculture, l&#8217;entretien des arbres et les travaux de jardinage exigeants.<\/p>\n<p>&nbsp;<\/p>\n<p>Mod\u00e8le d&#8217;\u00e9quipement : MS 400, MS 462, MS 500, MS 661<\/p>\n","protected":false},"excerpt":{"rendered":"<p>Rollomatic E, 3\/8&#8243;, 11 d, 63cm<\/p>\n","protected":false},"featured_media":682903,"template":"","meta":{"_seopress_robots_primary_cat":"none","_seopress_titles_title":"","_seopress_titles_desc":"","_seopress_robots_index":""},"product_brand":[3366],"product_cat":[29,268,524],"product_tag":[3265],"class_list":{"0":"post-682919","1":"product","2":"type-product","3":"status-publish","4":"has-post-thumbnail","6":"product_brand-stihl","7":"product_cat-macchinari","8":"product_cat-motoseghe","9":"product_cat-spranghe-guida","10":"product_tag-import-stihl","11":"sws-gruppo-macchinari-fr","12":"sws-conto-ricavi-merci-rivendita-macchinari-fr","13":"sws-gruppo-iva-iva81-fr","15":"first","16":"onbackorder","17":"purchasable","18":"product-type-simple"},"_links":{"self":[{"href":"https:\/\/lucacastelli.com\/fr\/wp-json\/wp\/v2\/product\/682919","targetHints":{"allow":["GET"]}}],"collection":[{"href":"https:\/\/lucacastelli.com\/fr\/wp-json\/wp\/v2\/product"}],"about":[{"href":"https:\/\/lucacastelli.com\/fr\/wp-json\/wp\/v2\/types\/product"}],"wp:featuredmedia":[{"embeddable":true,"href":"https:\/\/lucacastelli.com\/fr\/wp-json\/wp\/v2\/media\/682903"}],"wp:attachment":[{"href":"https:\/\/lucacastelli.com\/fr\/wp-json\/wp\/v2\/media?parent=682919"}],"wp:term":[{"taxonomy":"product_brand","embeddable":true,"href":"https:\/\/lucacastelli.com\/fr\/wp-json\/wp\/v2\/product_brand?post=682919"},{"taxonomy":"product_cat","embeddable":true,"href":"https:\/\/lucacastelli.com\/fr\/wp-json\/wp\/v2\/product_cat?post=682919"},{"taxonomy":"product_tag","embeddable":true,"href":"https:\/\/lucacastelli.com\/fr\/wp-json\/wp\/v2\/product_tag?post=682919"}],"curies":[{"name":"wp","href":"https:\/\/api.w.org\/{rel}","templated":true}]}}