{"id":682882,"date":"2026-01-08T13:49:26","date_gmt":"2026-01-08T12:49:26","guid":{"rendered":"https:\/\/lucacastelli.com\/?post_type=product&#038;p=682882"},"modified":"2026-01-08T14:39:17","modified_gmt":"2026-01-08T13:39:17","slug":"stihl-rollomatic-e-3-8-po-11-p-63-cm-copia-copia-copia-copia-copia-copia","status":"publish","type":"product","link":"https:\/\/lucacastelli.com\/fr\/produit\/stihl-rollomatic-e-3-8-po-11-p-63-cm-copia-copia-copia-copia-copia-copia\/","title":{"rendered":"Lumi\u00e8re de barre STIHL 04, pas de 1,3 mm 40 cm"},"content":{"rendered":"<h2 class=\"product-details__title\">Grande stabilit\u00e9, poids favorable<\/h2>\n<div class=\"product-details__description richtexteditor\">\n<p>Barre en version standard avec d&#8217;excellentes performances de coupe et une tendance au rebond limit\u00e9e. Principales utilisations : travaux forestiers, agriculture, construction, loisirs et utilisateurs occasionnels. Le corps de la barre est constitu\u00e9 de trois plaques de m\u00e9tal soud\u00e9es. Celle du milieu est fortement &#8220;d\u00e9cal\u00e9e&#8221;. Grande stabilit\u00e9 et poids tr\u00e8s favorable. La cha\u00eene fonctionne sur une \u00e9toile de renvoi tournant sur des roulements robustes, interchangeables et sans lubrification.     <\/p>\n<\/div>\n<p>Longueur 40 cm<\/p>\n<p>&nbsp;<\/p>\n<p>&nbsp;<\/p>\n<p>&nbsp;<\/p>\n<p>&nbsp;<\/p>\n<table data-test-id=\"pdp-spec-tech-table\">\n<tbody>\n<tr>\n<td>Pas de l&#8217;\u00e9toile de d\u00e9viation<\/td>\n<td>9.32mm\/3\/8 &#8220;P<\/td>\n<\/tr>\n<tr>\n<td>Largeur de la rainure<\/td>\n<td>1.3mm\/.050&#8243;<\/td>\n<\/tr>\n<tr>\n<td>Raccordement de la barre de guidage<\/td>\n<td>3005 \/ 3003<\/td>\n<\/tr>\n<tr>\n<td>Nombre de dents de pignon<\/td>\n<td>9<\/td>\n<\/tr>\n<tr>\n<td>Longueur de la barre<\/td>\n<td>30cm\/12&#8243; \/ 35cm\/14&#8243; \/ 40cm\/16&#8243; \/ 45cm\/18&#8243; \/ 32cm\/13&#8243;<\/td>\n<\/tr>\n<tr>\n<td>Pas de barre<\/td>\n<td>0,436 \/ 0,518 \/ 0,591 \/ 0,674 \/ 0,525 \/ 0,672 \/ 0,767 kg<\/td>\n<\/tr>\n<\/tbody>\n<\/table>\n","protected":false},"excerpt":{"rendered":"<p>Rollomatic E, 3\/8&#8243;, 11 d, 63cm<\/p>\n","protected":false},"featured_media":682833,"template":"","meta":{"_seopress_robots_primary_cat":"none","_seopress_titles_title":"","_seopress_titles_desc":"","_seopress_robots_index":""},"product_brand":[3366],"product_cat":[29,268,524],"product_tag":[3265],"class_list":{"0":"post-682882","1":"product","2":"type-product","3":"status-publish","4":"has-post-thumbnail","6":"product_brand-stihl","7":"product_cat-macchinari","8":"product_cat-motoseghe","9":"product_cat-spranghe-guida","10":"product_tag-import-stihl","11":"sws-gruppo-macchinari-fr","12":"sws-conto-ricavi-merci-rivendita-macchinari-fr","13":"sws-gruppo-iva-iva81-fr","15":"first","16":"onbackorder","17":"purchasable","18":"product-type-simple"},"_links":{"self":[{"href":"https:\/\/lucacastelli.com\/fr\/wp-json\/wp\/v2\/product\/682882","targetHints":{"allow":["GET"]}}],"collection":[{"href":"https:\/\/lucacastelli.com\/fr\/wp-json\/wp\/v2\/product"}],"about":[{"href":"https:\/\/lucacastelli.com\/fr\/wp-json\/wp\/v2\/types\/product"}],"wp:featuredmedia":[{"embeddable":true,"href":"https:\/\/lucacastelli.com\/fr\/wp-json\/wp\/v2\/media\/682833"}],"wp:attachment":[{"href":"https:\/\/lucacastelli.com\/fr\/wp-json\/wp\/v2\/media?parent=682882"}],"wp:term":[{"taxonomy":"product_brand","embeddable":true,"href":"https:\/\/lucacastelli.com\/fr\/wp-json\/wp\/v2\/product_brand?post=682882"},{"taxonomy":"product_cat","embeddable":true,"href":"https:\/\/lucacastelli.com\/fr\/wp-json\/wp\/v2\/product_cat?post=682882"},{"taxonomy":"product_tag","embeddable":true,"href":"https:\/\/lucacastelli.com\/fr\/wp-json\/wp\/v2\/product_tag?post=682882"}],"curies":[{"name":"wp","href":"https:\/\/api.w.org\/{rel}","templated":true}]}}