{"id":682647,"date":"2026-01-08T11:08:27","date_gmt":"2026-01-08T10:08:27","guid":{"rendered":"https:\/\/lucacastelli.com\/?post_type=product&#038;p=682647"},"modified":"2026-01-08T14:38:49","modified_gmt":"2026-01-08T13:38:49","slug":"stihl-rollomatic-e-3-8-po-11-p-63-cm-copia-copia","status":"publish","type":"product","link":"https:\/\/lucacastelli.com\/fr\/produit\/stihl-rollomatic-e-3-8-po-11-p-63-cm-copia-copia\/","title":{"rendered":"Guide-cha\u00eene de sculpture STIHL Light S pour GTA 30 et GTA 40 &#8211; 1\/4&#8243; P &#8211; 1,1 mm &#8211; 15 cm"},"content":{"rendered":"<p>Sp\u00e9cialement con\u00e7u pour les travaux de sculpture sur bois (carving), le guide-cha\u00eene aff\u00fbt\u00e9 STIHL Light S est parfaitement adapt\u00e9 <a href=\"https:\/\/www.kingvert.fr\/produit\/scie-de-jardin-a-batterie-stihl-gta-40-pack-2-batteries-stihl\/31514\"><b>\u00e0 la tron\u00e7onneuse sans fil STIHL GTA 40.<\/b><\/a> e <a href=\"https:\/\/www.kingvert.fr\/produit\/scie-de-jardin-a-batterie-stihl-gta-30-pack-complet-stihl\/33444\"><b>la scie \u00e0 \u00e9laguer sans fil STIHL GTA 30<\/b><\/a>. Gr\u00e2ce \u00e0 sa conception aff\u00fbt\u00e9e, il offre une pr\u00e9cision de coupe exceptionnelle, m\u00eame dans les zones \u00e9troites ou les formes complexes. <\/p>\n<p>Avec une longueur de 15 cm, un pas de cha\u00eene de 1\/4&#8243; P et un calibre fin de 1,1 mm, ce guide-cha\u00eene est compatible avec la. <a href=\"https:\/\/www.kingvert.fr\/produit\/chaine-picco-micro-3-14-p-11-mm-15-cm-pour-gta-40-stihl\/31710\"><b>cha\u00eene de tron\u00e7onneuses STIHL 1\/4&#8243; PM3<\/b><\/a>qui est connue pour sa faible \u00e9paisseur de coupe et ses performances. Elle permet un travail propre, rapide et pr\u00e9cis, qu&#8217;il s&#8217;agisse d&#8217;\u0153uvres d&#8217;art, de sculpture de pr\u00e9cision, d&#8217;\u00e9lagage d\u00e9taill\u00e9 ou de coupe pr\u00e8s du sol. <\/p>\n<p>Robuste et l\u00e9ger, ce rail conique Light S allie maniabilit\u00e9 et durabilit\u00e9, offrant une grande libert\u00e9 de mouvement aux utilisateurs exigeants en mati\u00e8re de sculpture, d&#8217;am\u00e9nagement paysager de pr\u00e9cision ou de travail du bois.<\/p>\n<p><b>Longueur du guide : <\/b>15 cm<\/p>\n<p><b>Pas : <\/b>1\/4&#8243; P<\/p>\n<p><b>\u00c9paisseur : <\/b>1,1 mm<\/p>\n<p><b>Type : <\/b>Light S<\/p>\n","protected":false},"excerpt":{"rendered":"<p>Rollomatic E, 3\/8&#8243;, 11 d, 63cm<\/p>\n","protected":false},"featured_media":682656,"template":"","meta":{"_seopress_robots_primary_cat":"none","_seopress_titles_title":"","_seopress_titles_desc":"","_seopress_robots_index":""},"product_brand":[3366],"product_cat":[29,268,524],"product_tag":[3265],"class_list":{"0":"post-682647","1":"product","2":"type-product","3":"status-publish","4":"has-post-thumbnail","6":"product_brand-stihl","7":"product_cat-macchinari","8":"product_cat-motoseghe","9":"product_cat-spranghe-guida","10":"product_tag-import-stihl","11":"sws-gruppo-macchinari-fr","12":"sws-conto-ricavi-merci-rivendita-macchinari-fr","13":"sws-gruppo-iva-iva81-fr","15":"first","16":"onbackorder","17":"purchasable","18":"product-type-simple"},"_links":{"self":[{"href":"https:\/\/lucacastelli.com\/fr\/wp-json\/wp\/v2\/product\/682647","targetHints":{"allow":["GET"]}}],"collection":[{"href":"https:\/\/lucacastelli.com\/fr\/wp-json\/wp\/v2\/product"}],"about":[{"href":"https:\/\/lucacastelli.com\/fr\/wp-json\/wp\/v2\/types\/product"}],"wp:featuredmedia":[{"embeddable":true,"href":"https:\/\/lucacastelli.com\/fr\/wp-json\/wp\/v2\/media\/682656"}],"wp:attachment":[{"href":"https:\/\/lucacastelli.com\/fr\/wp-json\/wp\/v2\/media?parent=682647"}],"wp:term":[{"taxonomy":"product_brand","embeddable":true,"href":"https:\/\/lucacastelli.com\/fr\/wp-json\/wp\/v2\/product_brand?post=682647"},{"taxonomy":"product_cat","embeddable":true,"href":"https:\/\/lucacastelli.com\/fr\/wp-json\/wp\/v2\/product_cat?post=682647"},{"taxonomy":"product_tag","embeddable":true,"href":"https:\/\/lucacastelli.com\/fr\/wp-json\/wp\/v2\/product_tag?post=682647"}],"curies":[{"name":"wp","href":"https:\/\/api.w.org\/{rel}","templated":true}]}}