{"id":682621,"date":"2026-01-08T10:45:13","date_gmt":"2026-01-08T09:45:13","guid":{"rendered":"https:\/\/lucacastelli.com\/?post_type=product&#038;p=682621"},"modified":"2026-01-08T14:35:48","modified_gmt":"2026-01-08T13:35:48","slug":"stihl-rollomatic-e-3-8-po-11-p-63-cm-copia","status":"publish","type":"product","link":"https:\/\/lucacastelli.com\/fr\/produit\/stihl-rollomatic-e-3-8-po-11-p-63-cm-copia\/","title":{"rendered":"STIHL Light 01, 1\/4 &#8220;P, 1.1 mm, 3008 pour GTA 30 et GTA 40"},"content":{"rendered":"<p>Guide Light 01 pour GTA 30 et GTA 40 : guide robuste et l\u00e9ger pour une utilisation professionnelle.<\/p>\n<p>La barre de guidage STIHL Light 01 est une barre robuste et l\u00e9g\u00e8re pour les d\u00e9broussailleuses sans fil STIHL GTA 30 et STIHL GTA 40. Elle est id\u00e9ale pour l&#8217;entretien des arbres et des arbustes, les travaux professionnels de jardinage et d&#8217;am\u00e9nagement paysager, ainsi que pour le travail du bois et des mat\u00e9riaux semblables au bois sur les chantiers de construction. <\/p>\n<p>Le guide-cha\u00eene de 15 cm de long, l\u00e9ger et tr\u00e8s stable, a une largeur de rainure de 1,1 mm. Il est compatible avec la cha\u00eene STIHL 1\/4&#8243;-PM3 et permet un travail de coupe efficace et rapide au niveau du sol. La roue de renvoi garantit un fonctionnement de la cha\u00eene \u00e0 faible friction, tandis que le roulement ferm\u00e9 de la roue de renvoi prot\u00e8ge contre la p\u00e9n\u00e9tration de salet\u00e9s et assure une longue dur\u00e9e de vie. Le rivet sur le roulement de la roue de renvoi assure une plus grande long\u00e9vit\u00e9 du guide.  <\/p>\n<p>&nbsp;<\/p>\n<table data-test-id=\"pdp-spec-tech-table\">\n<tbody>\n<tr>\n<td>Nutbreite<\/td>\n<td>1.1mm\/.043&#8243;<\/td>\n<\/tr>\n<tr>\n<td>Schienenanschluss<\/td>\n<td>3008<\/td>\n<\/tr>\n<tr>\n<td>Longueur de l&#8217;\u00e9cran<\/td>\n<td>15cm\/6&#8243; \/ 20cm\/8&#8243;<\/td>\n<\/tr>\n<tr>\n<td>Gewicht Schiene<\/td>\n<td>0.130 kg<\/td>\n<\/tr>\n<\/tbody>\n<\/table>\n","protected":false},"excerpt":{"rendered":"<p>Rollomatic E, 3\/8&#8243;, 11 d, 63cm<\/p>\n","protected":false},"featured_media":682630,"template":"","meta":{"_seopress_robots_primary_cat":"none","_seopress_titles_title":"","_seopress_titles_desc":"","_seopress_robots_index":""},"product_brand":[3366],"product_cat":[29,268,524],"product_tag":[3265],"class_list":{"0":"post-682621","1":"product","2":"type-product","3":"status-publish","4":"has-post-thumbnail","6":"product_brand-stihl","7":"product_cat-macchinari","8":"product_cat-motoseghe","9":"product_cat-spranghe-guida","10":"product_tag-import-stihl","11":"sws-gruppo-macchinari-fr","12":"sws-conto-ricavi-merci-rivendita-macchinari-fr","13":"sws-gruppo-iva-iva81-fr","15":"first","16":"onbackorder","17":"purchasable","18":"product-type-simple"},"_links":{"self":[{"href":"https:\/\/lucacastelli.com\/fr\/wp-json\/wp\/v2\/product\/682621","targetHints":{"allow":["GET"]}}],"collection":[{"href":"https:\/\/lucacastelli.com\/fr\/wp-json\/wp\/v2\/product"}],"about":[{"href":"https:\/\/lucacastelli.com\/fr\/wp-json\/wp\/v2\/types\/product"}],"wp:featuredmedia":[{"embeddable":true,"href":"https:\/\/lucacastelli.com\/fr\/wp-json\/wp\/v2\/media\/682630"}],"wp:attachment":[{"href":"https:\/\/lucacastelli.com\/fr\/wp-json\/wp\/v2\/media?parent=682621"}],"wp:term":[{"taxonomy":"product_brand","embeddable":true,"href":"https:\/\/lucacastelli.com\/fr\/wp-json\/wp\/v2\/product_brand?post=682621"},{"taxonomy":"product_cat","embeddable":true,"href":"https:\/\/lucacastelli.com\/fr\/wp-json\/wp\/v2\/product_cat?post=682621"},{"taxonomy":"product_tag","embeddable":true,"href":"https:\/\/lucacastelli.com\/fr\/wp-json\/wp\/v2\/product_tag?post=682621"}],"curies":[{"name":"wp","href":"https:\/\/api.w.org\/{rel}","templated":true}]}}