{"id":680593,"date":"2026-01-05T14:27:28","date_gmt":"2026-01-05T13:27:28","guid":{"rendered":"https:\/\/lucacastelli.com\/prodotto\/sac-pour-tronconneuse-stihl-timbersports-edition\/"},"modified":"2026-01-05T14:27:28","modified_gmt":"2026-01-05T13:27:28","slug":"sac-pour-tronconneuse-stihl-timbersports-edition","status":"publish","type":"product","link":"https:\/\/lucacastelli.com\/fr\/produit\/sac-pour-tronconneuse-stihl-timbersports-edition\/","title":{"rendered":"Sac pour tron\u00e7onneuse STIHL TIMBERSPORTS\u00ae Edition"},"content":{"rendered":"<h2>Sac pour tron\u00e7onneuse TIMBERSPORTS\u00ae Edition : pour ranger et transporter en toute s\u00e9curit\u00e9 la tron\u00e7onneuse et ses accessoires<\/h2>\n<p>Pour les passionn\u00e9s de STIHL TIMBERSPORTS\u00ae, le sac pour tron\u00e7onneuse STIHL TIMBERSPORTS\u00ae Edition est le sac de transport id\u00e9al pour la tron\u00e7onneuse STIHL, par exemple la <a href=\"https:\/\/www.stihl.de\/de\/p\/kettensaegen-motorsaegen-benzin-kettensaege-ms-462-79876\"><b>STIHL MS 462 C-M<\/b><\/a>. Lors du transport ou du <a href=\"https:\/\/www.stihl.de\/de\/ratgeber-projekte\/arbeitstechnik-geraetepflege\/kettensaege-tipps\/motorsaegen-aufbewahrung\"><b>stockage de la tron\u00e7onneuse<\/b><\/a>, le sac prot\u00e8ge la tron\u00e7onneuse <b>des intemp\u00e9ries, de la salet\u00e9 et de la poussi\u00e8re tout en emp\u00eachant l&#8217;environnement, comme la voiture ou le garage, d&#8217;\u00eatre sali par des copeaux ou des r\u00e9sidus d&#8217;huile.<\/b> Il offre \u00e9galement un espace de rangement flexible<b> pour des accessoires suppl\u00e9mentaires<\/b>. Les petits accessoires peuvent \u00eatre rang\u00e9s de mani\u00e8re ordonn\u00e9e dans les poches int\u00e9gr\u00e9es suivantes :  <\/p>\n<p>&#8211; 2 poches pour batteries du <a href=\"https:\/\/www.stihl.de\/de\/technologie\/akku-technologie\/ap-system\"><b>syst\u00e8me STIHL AP<\/b><\/a> ou du <a href=\"https:\/\/www.stihl.de\/de\/technologie\/akku-technologie\/ak-system\"><b>syst\u00e8me STIHL AK<\/b><\/a><\/p>\n<p>&#8211; 1 poche pour un chargeur STIHL, par ex.  <a href=\"https:\/\/www.stihl.de\/de\/p\/lademanagement-schnellladegeraet-al-301-135029#schnellladegeraet-al-301-135029\"><b>chargeur STIHL AL 301<\/b><\/a><\/p>\n<p>&#8211; 1 poche avec fermeture velcro, par ex. pour <a href=\"https:\/\/www.stihl.de\/de\/ac\/kettensaegen-zubehoer-motorsaegenzubehoer-98285?sub=98283\"><b>cha\u00eene STIHL<\/b><\/a>, cl\u00e9 combin\u00e9e ou autres <b>accessoires STIHL<\/b> compatibles<\/p>\n<p>&#8211; 2 autres poches, par ex. pour coins STIHL, gants, <a href=\"https:\/\/www.stihl.de\/de\/p\/aexte-beiler-haemmer-forstwerkzeug-markerspray-eco-1578#marker-spray-eco-1578\"><b>spray marqueur STIHL ECO<\/b><\/a>.<\/p>\n<p>Une plaque de base int\u00e9gr\u00e9e assure la stabilit\u00e9 du sac pliable. Vous pouvez ainsi transporter votre tron\u00e7onneuse STIHL et ses accessoires de mani\u00e8re s\u00fbre et pratique en utilisant les 2 poign\u00e9es<b> \u00e0 une main ou en bandouli\u00e8re.<\/b> De plus, le sac est \u00e9quip\u00e9 de poign\u00e9es lat\u00e9rales qui facilitent son retrait de la voiture ou de l&#8217;\u00e9tag\u00e8re. Le mat\u00e9riau hydrofuge permet de <b>nettoyer facilement<\/b> la salet\u00e9 et les r\u00e9sidus d&#8217;huile.  <\/p>\n<p>Le sac pour tron\u00e7onneuse STIHL TIMBERSPORTS\u00ae Edition est<b> adapt\u00e9 aux tron\u00e7onneuses avec une longueur de guide maximale de 50 cm.<\/b><\/p>\n","protected":false},"excerpt":{"rendered":"<p>Sac pour tron\u00e7onneuse TIMBERSPORTS\u00ae Edition : pour ranger et transporter en toute s\u00e9curit\u00e9 la tron\u00e7onneuse et ses accessoires Pour les<\/p>\n","protected":false},"featured_media":680572,"template":"","meta":{"_seopress_robots_primary_cat":"","_seopress_titles_title":"","_seopress_titles_desc":"","_seopress_robots_index":""},"product_brand":[3555],"product_cat":[167,1604,1605,1608],"product_tag":[],"class_list":{"0":"post-680593","1":"product","2":"type-product","3":"status-publish","4":"has-post-thumbnail","6":"product_brand-stihl-fr","7":"product_cat-machines","8":"product_cat-tronconneuses","9":"product_cat-accessoires-et-consommables-fr-4","10":"product_cat-tronconneuses-a-moteur","11":"sws-gruppo-macchinari-fr","12":"sws-conto-ricavi-merci-rivendita-macchinari-fr","13":"sws-gruppo-iva-iva81-fr","15":"first","16":"instock","17":"shipping-taxable","18":"purchasable","19":"product-type-simple"},"_links":{"self":[{"href":"https:\/\/lucacastelli.com\/fr\/wp-json\/wp\/v2\/product\/680593","targetHints":{"allow":["GET"]}}],"collection":[{"href":"https:\/\/lucacastelli.com\/fr\/wp-json\/wp\/v2\/product"}],"about":[{"href":"https:\/\/lucacastelli.com\/fr\/wp-json\/wp\/v2\/types\/product"}],"wp:featuredmedia":[{"embeddable":true,"href":"https:\/\/lucacastelli.com\/fr\/wp-json\/wp\/v2\/media\/680572"}],"wp:attachment":[{"href":"https:\/\/lucacastelli.com\/fr\/wp-json\/wp\/v2\/media?parent=680593"}],"wp:term":[{"taxonomy":"product_brand","embeddable":true,"href":"https:\/\/lucacastelli.com\/fr\/wp-json\/wp\/v2\/product_brand?post=680593"},{"taxonomy":"product_cat","embeddable":true,"href":"https:\/\/lucacastelli.com\/fr\/wp-json\/wp\/v2\/product_cat?post=680593"},{"taxonomy":"product_tag","embeddable":true,"href":"https:\/\/lucacastelli.com\/fr\/wp-json\/wp\/v2\/product_tag?post=680593"}],"curies":[{"name":"wp","href":"https:\/\/api.w.org\/{rel}","templated":true}]}}