{"id":680513,"date":"2026-01-05T12:25:31","date_gmt":"2026-01-05T11:25:31","guid":{"rendered":"https:\/\/lucacastelli.com\/?post_type=product&#038;p=680513"},"modified":"2026-01-05T14:44:36","modified_gmt":"2026-01-05T13:44:36","slug":"fil-cf3-pro-o-20-mm-x-450-m-3k-copia","status":"publish","type":"product","link":"https:\/\/lucacastelli.com\/fr\/produit\/fil-cf3-pro-o-20-mm-x-450-m-3k-copia\/","title":{"rendered":"STIHL Insert pour bobine AutoCut 25-2 et 27-2"},"content":{"rendered":"<p>Bobine rempla\u00e7able avec protection m\u00e9tallique dans la zone d&#8217;usure maximale pour une durabilit\u00e9 accrue par rapport \u00e0 la bobine standard des t\u00eates AutoCut 25-2 et 27-2.<br \/>\nLa bobine est remplie d&#8217;un fil de 2,4 mm.<\/p>\n","protected":false},"excerpt":{"rendered":"<p>Fil CF3 Pro \u00d8 2,0 mm x 45,0 m 3K<\/p>\n","protected":false},"featured_media":680521,"template":"","meta":{"_seopress_robots_primary_cat":"none","_seopress_titles_title":"","_seopress_titles_desc":"","_seopress_robots_index":""},"product_brand":[3555],"product_cat":[1456,1586,167],"product_tag":[3267],"class_list":{"0":"post-680513","1":"product","2":"type-product","3":"status-publish","4":"has-post-thumbnail","6":"product_brand-stihl-fr","7":"product_cat-accessoires-et-consommables-fr","8":"product_cat-debroussailleuses-et-coupe-bordures","9":"product_cat-machines","10":"product_tag-import-stihl-fr","11":"sws-gruppo-macchinari-fr","12":"sws-conto-ricavi-merci-rivendita-macchinari-fr","13":"sws-gruppo-iva-iva81-fr","15":"first","16":"onbackorder","17":"purchasable","18":"product-type-simple"},"_links":{"self":[{"href":"https:\/\/lucacastelli.com\/fr\/wp-json\/wp\/v2\/product\/680513","targetHints":{"allow":["GET"]}}],"collection":[{"href":"https:\/\/lucacastelli.com\/fr\/wp-json\/wp\/v2\/product"}],"about":[{"href":"https:\/\/lucacastelli.com\/fr\/wp-json\/wp\/v2\/types\/product"}],"wp:featuredmedia":[{"embeddable":true,"href":"https:\/\/lucacastelli.com\/fr\/wp-json\/wp\/v2\/media\/680521"}],"wp:attachment":[{"href":"https:\/\/lucacastelli.com\/fr\/wp-json\/wp\/v2\/media?parent=680513"}],"wp:term":[{"taxonomy":"product_brand","embeddable":true,"href":"https:\/\/lucacastelli.com\/fr\/wp-json\/wp\/v2\/product_brand?post=680513"},{"taxonomy":"product_cat","embeddable":true,"href":"https:\/\/lucacastelli.com\/fr\/wp-json\/wp\/v2\/product_cat?post=680513"},{"taxonomy":"product_tag","embeddable":true,"href":"https:\/\/lucacastelli.com\/fr\/wp-json\/wp\/v2\/product_tag?post=680513"}],"curies":[{"name":"wp","href":"https:\/\/api.w.org\/{rel}","templated":true}]}}