{"id":679855,"date":"2026-01-04T14:37:49","date_gmt":"2026-01-04T13:37:49","guid":{"rendered":"https:\/\/lucacastelli.com\/?post_type=product&#038;p=679855"},"modified":"2026-01-04T14:52:03","modified_gmt":"2026-01-04T13:52:03","slug":"stihl-lame-de-tondeuse-a-gazon-40-pointes-250mm-copia-copia-copia","status":"publish","type":"product","link":"https:\/\/lucacastelli.com\/fr\/produit\/stihl-lame-de-tondeuse-a-gazon-40-pointes-250mm-copia-copia-copia\/","title":{"rendered":"STIHL Lame pour scie circulaire Woodcut 250-26"},"content":{"rendered":"<h2>Lame pour scie circulaire WoodCut 250-26 : pour travaux de d\u00e9broussaillage et sylviculture<\/h2>\n<p>Avec la lame pour scie circulaire WoodCut 250-26 de STIHL, il est possible de couper <b>buissons noueux et troncs fins de mani\u00e8re efficace et sans effort<\/b> lors de travaux professionnels en sylviculture, jardinage et am\u00e9nagement paysager. La lame pour scie circulaire WoodCut 250-26 est r\u00e9alis\u00e9e en acier de haute qualit\u00e9 <b>avec 26 dents en forme de ciseau<\/b> pour des bords de coupe nets. Gr\u00e2ce au grand <b>diam\u00e8tre de 250 mm<\/b>, l&#8217;outil de coupe p\u00e9n\u00e8tre profond\u00e9ment dans le bois \u00e0 couper, permettant une progression rapide du travail. Il est ainsi possible d&#8217;effectuer <b>travaux forestiers et de d\u00e9broussaillage<\/b> de mani\u00e8re particuli\u00e8rement efficace et rapide.   <\/p>\n<p>La lame pour scie circulaire WoodCut 250-26 avec un diam\u00e8tre d&#8217;emmanchement de 20 mm est compatible avec les d\u00e9broussailleuses \u00e0 essence STIHL suivantes :<\/p>\n<ul>\n<li><a href=\"https:\/\/www.stihl.de\/de\/p\/rasentrimmer-motorsensen-freischneider-fs-491-135002\"><b>STIHL FS 491<\/b><\/a><\/li>\n<li><a href=\"https:\/\/www.stihl.de\/de\/p\/rasentrimmer-motorsensen-freischneider-fs-561-13\"><b>STIHL FS 561<\/b><\/a><\/li>\n<\/ul>\n<p><b>Note :<\/b> pour votre s\u00e9curit\u00e9, utilisez la lame pour scie circulaire WoodCut 250-26 uniquement avec une protection STIHL adapt\u00e9e pour lames circulaires.<\/p>\n<p>Emmanchement : 20 mm<\/p>\n","protected":false},"excerpt":{"rendered":"<p>Lame de tondeuse \u00e0 gazon 40 pointes, 250mm<\/p>\n","protected":false},"featured_media":429984,"template":"","meta":{"_seopress_robots_primary_cat":"none","_seopress_titles_title":"","_seopress_titles_desc":"","_seopress_robots_index":""},"product_brand":[3366],"product_cat":[29,515,270],"product_tag":[3265],"class_list":{"0":"post-679855","1":"product","2":"type-product","3":"status-publish","4":"has-post-thumbnail","6":"product_brand-stihl","7":"product_cat-macchinari","8":"product_cat-accessori-e-materiale-di-consumo-altri-dispositivi","9":"product_cat-decespugliatori-e-tagliabordi","10":"product_tag-import-stihl","11":"sws-gruppo-macchinari-fr","12":"sws-conto-ricavi-merci-rivendita-macchinari-fr","13":"sws-gruppo-iva-iva81-fr","15":"first","16":"onbackorder","17":"purchasable","18":"product-type-simple"},"_links":{"self":[{"href":"https:\/\/lucacastelli.com\/fr\/wp-json\/wp\/v2\/product\/679855","targetHints":{"allow":["GET"]}}],"collection":[{"href":"https:\/\/lucacastelli.com\/fr\/wp-json\/wp\/v2\/product"}],"about":[{"href":"https:\/\/lucacastelli.com\/fr\/wp-json\/wp\/v2\/types\/product"}],"wp:featuredmedia":[{"embeddable":true,"href":"https:\/\/lucacastelli.com\/fr\/wp-json\/wp\/v2\/media\/429984"}],"wp:attachment":[{"href":"https:\/\/lucacastelli.com\/fr\/wp-json\/wp\/v2\/media?parent=679855"}],"wp:term":[{"taxonomy":"product_brand","embeddable":true,"href":"https:\/\/lucacastelli.com\/fr\/wp-json\/wp\/v2\/product_brand?post=679855"},{"taxonomy":"product_cat","embeddable":true,"href":"https:\/\/lucacastelli.com\/fr\/wp-json\/wp\/v2\/product_cat?post=679855"},{"taxonomy":"product_tag","embeddable":true,"href":"https:\/\/lucacastelli.com\/fr\/wp-json\/wp\/v2\/product_tag?post=679855"}],"curies":[{"name":"wp","href":"https:\/\/api.w.org\/{rel}","templated":true}]}}