{"id":678385,"date":"2025-12-24T11:31:23","date_gmt":"2025-12-24T10:31:23","guid":{"rendered":"https:\/\/lucacastelli.com\/prodotto\/boitier-de-charge-stihl-cb-1\/"},"modified":"2026-01-02T18:55:45","modified_gmt":"2026-01-02T17:55:45","slug":"boitier-de-charge-stihl-cb-1","status":"publish","type":"product","link":"https:\/\/lucacastelli.com\/fr\/produit\/boitier-de-charge-stihl-cb-1\/","title":{"rendered":"Bo\u00eetier de charge STIHL CB 1"},"content":{"rendered":"<h2 class=\"product-details__title\">Solution de charge mobile<\/h2>\n<div class=\"product-details__description richtexteditor\">\n<p>En tant que solution de charge mobile, le bo\u00eetier de charge STIHL CB 1 est id\u00e9al pour les professionnels de l&#8217;entretien des espaces verts et du paysage, pour les services municipaux et les gestionnaires de copropri\u00e9t\u00e9s. Gr\u00e2ce au kit de fixation fourni, il peut \u00eatre facilement mont\u00e9 sur un v\u00e9hicule ou une remorque adapt\u00e9e \u2013 comme bo\u00eetier sous ch\u00e2ssis ou sur le plancher du v\u00e9hicule ou de la remorque. <\/p>\n<p>Le STIHL CB 1, verrouillable, peut accueillir 2 chargeurs multiples <strong>STIHL AL 301-4<\/strong> vendus s\u00e9par\u00e9ment, permettant ainsi le transport s\u00e9curis\u00e9, le stockage et la charge mobile jusqu&#8217;\u00e0 8 batteries du <strong>syst\u00e8me STIHL AP<\/strong>. Cela vous \u00e9vite, par exemple, de charger et d\u00e9charger les batteries au d\u00e9but et \u00e0 la fin du travail. De plus, vous avez toujours un chargeur \u00e0 bord lors de vos d\u00e9placements.  <\/p>\n<p>L&#8217;alimentation du CB 1 peut se faire de diff\u00e9rentes mani\u00e8res : en le connectant au r\u00e9seau \u00e9lectrique local ou via une prise adapt\u00e9e sur le v\u00e9hicule. Ainsi, les batteries dans le STIHL CB 1 peuvent \u00eatre charg\u00e9es m\u00eame pendant le trajet. <\/p>\n<p>Note : Le STIHL CB 1 est certifi\u00e9 selon la classe de protection IPX4.<\/p>\n<\/div>\n<p>&nbsp;<\/p>\n<p>&nbsp;<\/p>\n<table data-test-id=\"pdp-spec-tech-table\">\n<tbody>\n<tr>\n<td>Tension nominale<\/td>\n<td>220-240 V<\/td>\n<\/tr>\n<tr>\n<td>Courant nominal<\/td>\n<td>6 A<\/td>\n<\/tr>\n<tr>\n<td>Puissance absorb\u00e9e<\/td>\n<td>1380 W<\/td>\n<\/tr>\n<tr>\n<td>Poids de l&#8217;appareil<\/td>\n<td>14 kg<\/td>\n<\/tr>\n<tr>\n<td>Fr\u00e9quence<\/td>\n<td>50 Hz<\/td>\n<\/tr>\n<tr>\n<td>Classe de protection<\/td>\n<td>I<\/td>\n<\/tr>\n<tr>\n<td>Nombre de sorties CA<\/td>\n<td>2<\/td>\n<\/tr>\n<tr>\n<td>Nombre d&#8217;emplacements<\/td>\n<td>2 \/ AL301-4<\/td>\n<\/tr>\n<tr>\n<td>Largeur de l&#8217;appareil<\/td>\n<td>310 mm<\/td>\n<\/tr>\n<tr>\n<td>Hauteur de l&#8217;appareil<\/td>\n<td>405 mm<\/td>\n<\/tr>\n<tr>\n<td>Longueur de l&#8217;appareil<\/td>\n<td>885 mm<\/td>\n<\/tr>\n<\/tbody>\n<\/table>\n","protected":false},"excerpt":{"rendered":"<p>Solution de charge mobile En tant que solution de charge mobile, le bo\u00eetier de charge STIHL CB 1 est id\u00e9al<\/p>\n","protected":false},"featured_media":671491,"template":"","meta":{"_seopress_robots_primary_cat":"","_seopress_titles_title":"","_seopress_titles_desc":"","_seopress_robots_index":""},"product_brand":[3366],"product_cat":[29,491],"product_tag":[],"class_list":{"0":"post-678385","1":"product","2":"type-product","3":"status-publish","4":"has-post-thumbnail","6":"product_brand-stihl","7":"product_cat-macchinari","8":"product_cat-accessori-sistemi-a-batteria","9":"sws-gruppo-macchinari-fr","10":"sws-conto-ricavi-merci-rivendita-macchinari-fr","11":"sws-gruppo-iva-iva81-fr","13":"first","14":"instock","15":"shipping-taxable","16":"purchasable","17":"product-type-simple"},"_links":{"self":[{"href":"https:\/\/lucacastelli.com\/fr\/wp-json\/wp\/v2\/product\/678385","targetHints":{"allow":["GET"]}}],"collection":[{"href":"https:\/\/lucacastelli.com\/fr\/wp-json\/wp\/v2\/product"}],"about":[{"href":"https:\/\/lucacastelli.com\/fr\/wp-json\/wp\/v2\/types\/product"}],"wp:featuredmedia":[{"embeddable":true,"href":"https:\/\/lucacastelli.com\/fr\/wp-json\/wp\/v2\/media\/671491"}],"wp:attachment":[{"href":"https:\/\/lucacastelli.com\/fr\/wp-json\/wp\/v2\/media?parent=678385"}],"wp:term":[{"taxonomy":"product_brand","embeddable":true,"href":"https:\/\/lucacastelli.com\/fr\/wp-json\/wp\/v2\/product_brand?post=678385"},{"taxonomy":"product_cat","embeddable":true,"href":"https:\/\/lucacastelli.com\/fr\/wp-json\/wp\/v2\/product_cat?post=678385"},{"taxonomy":"product_tag","embeddable":true,"href":"https:\/\/lucacastelli.com\/fr\/wp-json\/wp\/v2\/product_tag?post=678385"}],"curies":[{"name":"wp","href":"https:\/\/api.w.org\/{rel}","templated":true}]}}