{"id":678367,"date":"2025-11-03T14:16:43","date_gmt":"2025-11-03T13:16:43","guid":{"rendered":"https:\/\/lucacastelli.com\/prodotto\/crazy-tirer-electra-2\/"},"modified":"2026-04-01T01:51:33","modified_gmt":"2026-03-31T23:51:33","slug":"crazy-tirer-electra-2","status":"publish","type":"product","link":"https:\/\/lucacastelli.com\/fr\/produit\/crazy-tirer-electra-2\/","title":{"rendered":"CRAZY TIRER ELECTRA"},"content":{"rendered":"<p>Le Pull Electra est notre couche interm\u00e9diaire technique pour la montagne, caract\u00e9ris\u00e9 par un design demi-zip tr\u00e8s appr\u00e9ci\u00e9 pour son m\u00e9lange de performances techniques et de look tendance ! Le tissu utilis\u00e9 est le mat\u00e9riau \u00e9prouv\u00e9 High<br \/>\nPerformance avec des cellules en nid d&#8217;abeille qui am\u00e9liorent la respirabilit\u00e9. Dans ce v\u00eatement, le tissu est dans sa version 3D, avec une structure tridimensionnelle qui favorise la circulation de l&#8217;air. La fermeture \u00e9clair diagonale garantit un confort maximal autour du cou, \u00e9vitant les frottements.<br \/>\nAvec une coupe athl\u00e9tique et f\u00e9minine, il est parfait \u00e0 porter comme seconde couche ou comme couche ext\u00e9rieure lors des journ\u00e9es plus chaudes.<br \/>\nEn plus de son design \u00e9l\u00e9gant, il est aussi tr\u00e8s pratique, avec deux poches lat\u00e9rales utiles pour ranger de petits objets.   <\/p>\n<p>\u2022 Demi-fermeture \u00e9clair frontale avec design<br \/>\n anti-frottement, positionn\u00e9e sur le c\u00f4t\u00e9 droit du cou<br \/>\n\u2022 Poches pour les mains sans<br \/>\n fermeture \u00e9clair\u2022 Poche int\u00e9rieure pour \u00e9metteur-r\u00e9cepteur d\u2019avalanche avec Easy Lock<br \/>\n\u2022 Coutures plates de couleur contrast\u00e9e<br \/>\n\u2022 Logos r\u00e9fl\u00e9chissants<\/p>\n<p>POIDS&nbsp;: 261 gr<\/p>\n","protected":false},"excerpt":{"rendered":"<p>Le Pull Electra est notre couche interm\u00e9diaire technique pour la montagne, caract\u00e9ris\u00e9 par un design demi-zip tr\u00e8s appr\u00e9ci\u00e9 pour son<\/p>\n","protected":false},"featured_media":678369,"template":"","meta":{"_seopress_robots_primary_cat":"none","_seopress_titles_title":"","_seopress_titles_desc":"","_seopress_robots_index":""},"product_brand":[3413],"product_cat":[21,189,200],"product_tag":[],"class_list":{"0":"post-678367","1":"product","2":"type-product","3":"status-publish","4":"has-post-thumbnail","6":"product_brand-crazy","7":"product_cat-abbigliamento","8":"product_cat-abbigliamento-per-il-tempo-libero","9":"product_cat-abbigliamento-da-donna","10":"sws-gruppo-abb-libero-fr","11":"sws-conto-ricavi-merci-rivendita-abbigliamento-fr","12":"sws-gruppo-iva-iva81-fr","14":"first","15":"instock","16":"sale","17":"shipping-taxable","18":"purchasable","19":"product-type-variable","20":"has-default-attributes"},"_links":{"self":[{"href":"https:\/\/lucacastelli.com\/fr\/wp-json\/wp\/v2\/product\/678367","targetHints":{"allow":["GET"]}}],"collection":[{"href":"https:\/\/lucacastelli.com\/fr\/wp-json\/wp\/v2\/product"}],"about":[{"href":"https:\/\/lucacastelli.com\/fr\/wp-json\/wp\/v2\/types\/product"}],"wp:featuredmedia":[{"embeddable":true,"href":"https:\/\/lucacastelli.com\/fr\/wp-json\/wp\/v2\/media\/678369"}],"wp:attachment":[{"href":"https:\/\/lucacastelli.com\/fr\/wp-json\/wp\/v2\/media?parent=678367"}],"wp:term":[{"taxonomy":"product_brand","embeddable":true,"href":"https:\/\/lucacastelli.com\/fr\/wp-json\/wp\/v2\/product_brand?post=678367"},{"taxonomy":"product_cat","embeddable":true,"href":"https:\/\/lucacastelli.com\/fr\/wp-json\/wp\/v2\/product_cat?post=678367"},{"taxonomy":"product_tag","embeddable":true,"href":"https:\/\/lucacastelli.com\/fr\/wp-json\/wp\/v2\/product_tag?post=678367"}],"curies":[{"name":"wp","href":"https:\/\/api.w.org\/{rel}","templated":true}]}}