{"id":678318,"date":"2025-12-30T18:41:30","date_gmt":"2025-12-30T17:41:30","guid":{"rendered":"https:\/\/lucacastelli.com\/prodotto\/jeu-delements-pour-la-connexion-au-systeme-de-support-ar-l\/"},"modified":"2025-12-30T18:41:30","modified_gmt":"2025-12-30T17:41:30","slug":"jeu-delements-pour-la-connexion-au-systeme-de-support-ar-l","status":"publish","type":"product","link":"https:\/\/lucacastelli.com\/fr\/produit\/jeu-delements-pour-la-connexion-au-systeme-de-support-ar-l\/","title":{"rendered":"Jeu d&#8217;\u00e9l\u00e9ments pour la connexion au syst\u00e8me de support AR L"},"content":{"rendered":"<p>Accessoires pour syst\u00e8me de transport pour AR L.<br \/>\nAdaptateur pour la fixation des coussinets d&#8217;appui pour FSA et BGA au syst\u00e8me de support AR L. Gr\u00e2ce aux fermetures \u00e0 encliquetage, il est possible de passer de mani\u00e8re simple et rapide d&#8217;un coussinet d&#8217;appui \u00e0 l&#8217;autre.<\/p>\n","protected":false},"excerpt":{"rendered":"<p>Accessoires pour syst\u00e8me de transport pour AR L. Adaptateur pour la fixation des coussinets d&#8217;appui pour FSA et BGA au<\/p>\n","protected":false},"featured_media":676609,"template":"","meta":{"_seopress_robots_primary_cat":"","_seopress_titles_title":"","_seopress_titles_desc":"","_seopress_robots_index":""},"product_brand":[3555],"product_cat":[167,1450],"product_tag":[],"class_list":{"0":"post-678318","1":"product","2":"type-product","3":"status-publish","4":"has-post-thumbnail","6":"product_brand-stihl-fr","7":"product_cat-machines","8":"product_cat-systemes-de-batteries-accessoires","9":"sws-gruppo-macchinari-fr","10":"sws-conto-ricavi-merci-rivendita-macchinari-fr","11":"sws-gruppo-iva-iva81-fr","13":"first","14":"instock","15":"shipping-taxable","16":"purchasable","17":"product-type-simple"},"_links":{"self":[{"href":"https:\/\/lucacastelli.com\/fr\/wp-json\/wp\/v2\/product\/678318","targetHints":{"allow":["GET"]}}],"collection":[{"href":"https:\/\/lucacastelli.com\/fr\/wp-json\/wp\/v2\/product"}],"about":[{"href":"https:\/\/lucacastelli.com\/fr\/wp-json\/wp\/v2\/types\/product"}],"wp:featuredmedia":[{"embeddable":true,"href":"https:\/\/lucacastelli.com\/fr\/wp-json\/wp\/v2\/media\/676609"}],"wp:attachment":[{"href":"https:\/\/lucacastelli.com\/fr\/wp-json\/wp\/v2\/media?parent=678318"}],"wp:term":[{"taxonomy":"product_brand","embeddable":true,"href":"https:\/\/lucacastelli.com\/fr\/wp-json\/wp\/v2\/product_brand?post=678318"},{"taxonomy":"product_cat","embeddable":true,"href":"https:\/\/lucacastelli.com\/fr\/wp-json\/wp\/v2\/product_cat?post=678318"},{"taxonomy":"product_tag","embeddable":true,"href":"https:\/\/lucacastelli.com\/fr\/wp-json\/wp\/v2\/product_tag?post=678318"}],"curies":[{"name":"wp","href":"https:\/\/api.w.org\/{rel}","templated":true}]}}