{"id":678313,"date":"2025-12-24T12:02:26","date_gmt":"2025-12-24T11:02:26","guid":{"rendered":"https:\/\/lucacastelli.com\/prodotto\/capuchon-stihl\/"},"modified":"2025-12-24T12:02:26","modified_gmt":"2025-12-24T11:02:26","slug":"capuchon-stihl","status":"publish","type":"product","link":"https:\/\/lucacastelli.com\/fr\/produit\/capuchon-stihl\/","title":{"rendered":"Capuchon STIHL"},"content":{"rendered":"<h2>Capuchon : prot\u00e8ge la prise de batterie contre la poussi\u00e8re et la salet\u00e9<\/h2>\n<p>Le capuchon STIHL prot\u00e8ge efficacement vos outils \u00e0 batterie avec prise, comme le taille-haies STIHL HSA 94 R ou le moteur combi STIHL KMA 130 R, contre la poussi\u00e8re et la salet\u00e9. Le capuchon robuste en plastique emp\u00eache les particules de salet\u00e9 d&#8217;entrer en contact avec les connecteurs lors d&#8217;un stockage prolong\u00e9. Il suffit <b>d&#8217;ins\u00e9rer le capuchon STIHL dans la prise ouverte<\/b>.  <\/p>\n<p>Des conseils suppl\u00e9mentaires sur l&#8217;entretien de la batterie sont disponibles dans notre guide.<\/p>\n","protected":false},"excerpt":{"rendered":"<p>Capuchon : prot\u00e8ge la prise de batterie contre la poussi\u00e8re et la salet\u00e9 Le capuchon STIHL prot\u00e8ge efficacement vos outils<\/p>\n","protected":false},"featured_media":671520,"template":"","meta":{"_seopress_robots_primary_cat":"none","_seopress_titles_title":"","_seopress_titles_desc":"","_seopress_robots_index":""},"product_brand":[3555],"product_cat":[167,1450],"product_tag":[],"class_list":{"0":"post-678313","1":"product","2":"type-product","3":"status-publish","4":"has-post-thumbnail","6":"product_brand-stihl-fr","7":"product_cat-machines","8":"product_cat-systemes-de-batteries-accessoires","9":"sws-gruppo-macchinari-fr","10":"sws-conto-ricavi-merci-rivendita-macchinari-fr","11":"sws-gruppo-iva-iva81-fr","13":"first","14":"instock","15":"shipping-taxable","16":"purchasable","17":"product-type-simple"},"_links":{"self":[{"href":"https:\/\/lucacastelli.com\/fr\/wp-json\/wp\/v2\/product\/678313","targetHints":{"allow":["GET"]}}],"collection":[{"href":"https:\/\/lucacastelli.com\/fr\/wp-json\/wp\/v2\/product"}],"about":[{"href":"https:\/\/lucacastelli.com\/fr\/wp-json\/wp\/v2\/types\/product"}],"wp:featuredmedia":[{"embeddable":true,"href":"https:\/\/lucacastelli.com\/fr\/wp-json\/wp\/v2\/media\/671520"}],"wp:attachment":[{"href":"https:\/\/lucacastelli.com\/fr\/wp-json\/wp\/v2\/media?parent=678313"}],"wp:term":[{"taxonomy":"product_brand","embeddable":true,"href":"https:\/\/lucacastelli.com\/fr\/wp-json\/wp\/v2\/product_brand?post=678313"},{"taxonomy":"product_cat","embeddable":true,"href":"https:\/\/lucacastelli.com\/fr\/wp-json\/wp\/v2\/product_cat?post=678313"},{"taxonomy":"product_tag","embeddable":true,"href":"https:\/\/lucacastelli.com\/fr\/wp-json\/wp\/v2\/product_tag?post=678313"}],"curies":[{"name":"wp","href":"https:\/\/api.w.org\/{rel}","templated":true}]}}