{"id":671398,"date":"2025-11-27T08:36:09","date_gmt":"2025-11-27T07:36:09","guid":{"rendered":"https:\/\/lucacastelli.com\/prodotto\/ortovox-pala-light-vest-4\/"},"modified":"2025-11-27T08:36:09","modified_gmt":"2025-11-27T07:36:09","slug":"ortovox-pala-light-vest-4","status":"publish","type":"product","link":"https:\/\/lucacastelli.com\/fr\/produit\/ortovox-pala-light-vest-4\/","title":{"rendered":"ORTOVOX PALA LIGHT VEST"},"content":{"rendered":"<h2 id=\"toc-entry-target-1\" class=\"js-toc__title pds__detail-headline\" tabindex=\"-1\">PROTECTION SUR LES VOIES ALPINES<\/h2>\n<p>&nbsp;<\/p>\n<h3>Veste athl\u00e9tique extr\u00eamement r\u00e9sistante avec stretch pour l&#8217;escalade alpine<\/h3>\n<p>&nbsp;<\/p>\n<p>Les tours massives et bizarres de San Martino s\u2019\u00e9l\u00e8vent du plateau rocheux. Quiconque grimpe ici sur le massif le plus m\u00e9ridional des Dolomites a besoin de nerfs solides &#8211; et d\u2019un mat\u00e9riel tout aussi solide. Nous avons con\u00e7u notre ligne MERINO SHIELD TEC sp\u00e9cialement pour ces longues randonn\u00e9es alpines !  <\/p>\n<p>Le mat\u00e9riau ext\u00e9rieur extr\u00eamement r\u00e9sistant \u00e0 l\u2019abrasion du PALA LIGHT VEST pour femme a pass\u00e9 plus de 50 000 cycles de frottement dans le test Martindale, qui est utilis\u00e9 pour tester la r\u00e9sistance \u00e0 l\u2019abrasion. Les inserts suppl\u00e9mentaires offrent une protection maximale contre les rochers rugueux dans les zones particuli\u00e8rement expos\u00e9es telles que les \u00e9paules, les avant-bras et les hanches. Le tissu extensible dans les quatre sens assure une libert\u00e9 de mouvement totale, soutenue par une coupe athl\u00e9tique et des coudes pr\u00e9form\u00e9s. Gr\u00e2ce \u00e0 sa construction sans membrane, le PALA LIGHT VEST pour femme est particuli\u00e8rement respirant et la fine laine m\u00e9rinos \u00e0 l\u2019int\u00e9rieur et les inserts en m\u00e9rinos MESH dans le col le rendent encore plus confortable \u00e0 porter.   <\/p>\n<p>La coupe athl\u00e9tique et les ourlets \u00e9lastiques assurent un ajustement optimal et une libert\u00e9 de mouvement maximale lors de l\u2019escalade. Dans la poche de poitrine, il y a de la place pour la carte topographique, le t\u00e9l\u00e9phone portable, un bar ou d\u2019autres petits objets qui devraient \u00eatre facilement \u00e0 port\u00e9e de main pendant une longue journ\u00e9e en montagne. <\/p>\n<p>Dans un souci de respect de l\u2019environnement, l\u2019ensemble de la gamme MERINO SHIELD TEC est enti\u00e8rement exempte de PFC et climatiquement neutre avec compensation en CO2. Avec son look moderne, le PALA LIGHT VEST pour femme est capable d\u2019affronter de longues ascensions sur de hautes parois rocheuses. <\/p>\n<p>&nbsp;<\/p>\n<div id=\"pds__accordion-features-heading\" class=\"mb-4 mb-md-35\">\n<h3 class=\"pds__accordion-headline p-relative cursor-pointer p-0 m-0\"><span class=\"d-block p-0 accordion js-accordion-custom-toggle js-accordion-custom-toggle--hide-on-collapse\" tabindex=\"0\" role=\"button\" data-collapse=\"false\" data-target=\"#pds__accordion-features-wrapper\" data-multitarget-disabled-mobile=\"\" aria-expanded=\"true\" aria-controls=\"pds__accordion-features-wrapper\"><span class=\"d-flex justify-content-between align-items-center\"><span class=\"word-break-word\">Caract\u00e9ristiques<\/span><i class=\"accordion__icon pds__accordion-icon icon\"><\/i><\/span><\/span><\/h3>\n<\/div>\n<div class=\"pds__accordion-wrapper\">\n<div id=\"pds__accordion-features-wrapper\" class=\"pds__accordion-features-multi-target collapse show\" data-partial-multi-target=\"true\" data-parent=\"#pds__accordion-features\">\n<div class=\"pb-4\">\n<div class=\"overflow-hidden\">\n<div class=\"wysiwyg\">\n<ul>\n<li>1 Poche de poitrine<\/li>\n<li>Coque protectrice<\/li>\n<li>Zones \u00e9paules et hanches renforc\u00e9es<\/li>\n<li>R\u00e9glage de la largeur de la taille<\/li>\n<li>Coupe athl\u00e9tique<\/li>\n<\/ul>\n<\/div>\n<\/div>\n<\/div>\n<\/div>\n<\/div>\n<p>&nbsp;<\/p>\n<div id=\"pds__accordion-material-properties-heading\" class=\"mb-4 mb-md-35\">\n<h3 class=\"pds__accordion-headline p-relative cursor-pointer p-0 m-0\"><span class=\"d-block p-0 accordion js-accordion-custom-toggle js-accordion-custom-toggle--hide-on-collapse\" tabindex=\"0\" role=\"button\" data-collapse=\"false\" data-target=\"#pds__accordion-material-properties-wrapper\" data-multitarget-disabled-mobile=\"\" aria-expanded=\"true\" aria-controls=\"pds__accordion-material-properties-wrapper\"><span class=\"d-flex justify-content-between align-items-center\"><span class=\"word-break-word\">Caract\u00e9ristiques du mat\u00e9riau<\/span><i class=\"accordion__icon pds__accordion-icon icon\"><\/i><\/span><\/span><\/h3>\n<\/div>\n<div class=\"pds__accordion-wrapper\">\n<div id=\"pds__accordion-material-properties-wrapper\" class=\"pds__accordion-material-properties-multi-target collapse show\" data-partial-multi-target=\"true\" data-parent=\"#pds__accordion-material-properties\">\n<div class=\"pb-4\">\n<div class=\"overflow-hidden\">\n<div class=\"wysiwyg\">\n<ul>\n<li>Grande r\u00e9sistance \u00e0 l&#8217;abrasion : &gt; 50 000 cycles de frottement au test Martindale<\/li>\n<li>Tissu quadri-\u00e9lastique<\/li>\n<li>Respirabilit\u00e9<\/li>\n<li>L\u00e9ger<\/li>\n<li>S\u00e9chage rapide<\/li>\n<li>D\u00e9perlant gr\u00e2ce au rev\u00eatement DWR sans PFC<\/li>\n<li>M\u00e9rinos \u00e0 l&#8217;int\u00e9rieur<\/li>\n<li>Sans PFC : l&#8217;eau et la salet\u00e9 glissent sur la peau<\/li>\n<\/ul>\n<\/div>\n<p>MAT\u00c9RIAU PRINCIPAL : 74 % polyamide + 15 % laine (MERINO OWP) + 11 % INSERTS en \u00e9lasthanne : 91 % polyamide + 9 % \u00e9lasthanne<\/p>\n<\/div>\n<\/div>\n<\/div>\n<\/div>\n","protected":false},"excerpt":{"rendered":"<p>PROTECTION SUR LES VOIES ALPINES &nbsp; Veste athl\u00e9tique extr\u00eamement r\u00e9sistante avec stretch pour l&#8217;escalade alpine &nbsp; Les tours massives et<\/p>\n","protected":false},"featured_media":651057,"template":"","meta":{"_seopress_robots_primary_cat":"none","_seopress_titles_title":"","_seopress_titles_desc":"","_seopress_robots_index":""},"product_brand":[3664],"product_cat":[81,981,1387],"product_tag":[],"class_list":{"0":"post-671398","1":"product","2":"type-product","3":"status-publish","4":"has-post-thumbnail","6":"product_brand-ortovox-fr","7":"product_cat-vetements","8":"product_cat-vetements-de-loisirs","9":"product_cat-vetements-pour-femmes","10":"sws-gruppo-abb-libero-fr","11":"sws-conto-ricavi-merci-rivendita-abbigliamento-fr","12":"sws-gruppo-iva-iva81-fr","14":"first","15":"instock","16":"sale","17":"shipping-taxable","18":"purchasable","19":"product-type-variable","20":"has-default-attributes"},"_links":{"self":[{"href":"https:\/\/lucacastelli.com\/fr\/wp-json\/wp\/v2\/product\/671398","targetHints":{"allow":["GET"]}}],"collection":[{"href":"https:\/\/lucacastelli.com\/fr\/wp-json\/wp\/v2\/product"}],"about":[{"href":"https:\/\/lucacastelli.com\/fr\/wp-json\/wp\/v2\/types\/product"}],"wp:featuredmedia":[{"embeddable":true,"href":"https:\/\/lucacastelli.com\/fr\/wp-json\/wp\/v2\/media\/651057"}],"wp:attachment":[{"href":"https:\/\/lucacastelli.com\/fr\/wp-json\/wp\/v2\/media?parent=671398"}],"wp:term":[{"taxonomy":"product_brand","embeddable":true,"href":"https:\/\/lucacastelli.com\/fr\/wp-json\/wp\/v2\/product_brand?post=671398"},{"taxonomy":"product_cat","embeddable":true,"href":"https:\/\/lucacastelli.com\/fr\/wp-json\/wp\/v2\/product_cat?post=671398"},{"taxonomy":"product_tag","embeddable":true,"href":"https:\/\/lucacastelli.com\/fr\/wp-json\/wp\/v2\/product_tag?post=671398"}],"curies":[{"name":"wp","href":"https:\/\/api.w.org\/{rel}","templated":true}]}}