{"id":671355,"date":"2025-11-21T14:51:15","date_gmt":"2025-11-21T13:51:15","guid":{"rendered":"https:\/\/lucacastelli.com\/prodotto\/mico-chaussette-trek-moyenne-medium-weight-odor-zero-ionic\/"},"modified":"2025-11-21T14:51:15","modified_gmt":"2025-11-21T13:51:15","slug":"mico-chaussette-trek-moyenne-medium-weight-odor-zero-ionic","status":"publish","type":"product","link":"https:\/\/lucacastelli.com\/fr\/produit\/mico-chaussette-trek-moyenne-medium-weight-odor-zero-ionic\/","title":{"rendered":"MICO Chaussette Trek moyenne Medium Weight ODOR ZERO IONIC+"},"content":{"rendered":"<div id=\"product-description-short-60\" class=\"mb-4 uppercase text-xs\">Maille en Coolmax\u00ae + fibre LYCRA\u00ae &#8211; \u00c9ponge \u00e0 densit\u00e9 moyenne en Coolmax\u00ae+IONIC+\u00ae+fibre LYCRA\u00ae &#8211; Bande \u00e9lastique anti-torsion au pied et \u00e0 la cheville &#8211; Structure anatomique avec zones de ventilation &#8211; Couture plate invisible anti-friction<\/div>\n<div class=\"product-information\">\n<div class=\"mb-4 text-xs product_reference\">SKU : CA01541_ 605<\/div>\n<div id=\"product-composition-60\" class=\"mb-4 text-xs\">\n<div>Composition<\/div>\n<div class=\"uppercase\">\n<p>51%PL-COOLMAX-41%PA-5%LYCRA-3%X-STATIC<\/p>\n<\/div>\n<\/div>\n<div id=\"product-gender-60\" class=\"mb-4 text-xs\">\n<div>Genre<\/div>\n<div class=\"uppercase\">UNISEXE ADULTE<\/div>\n<\/div>\n<\/div>\n","protected":false},"excerpt":{"rendered":"<p>Maille en Coolmax\u00ae + fibre LYCRA\u00ae &#8211; \u00c9ponge \u00e0 densit\u00e9 moyenne en Coolmax\u00ae+IONIC+\u00ae+fibre LYCRA\u00ae &#8211; Bande \u00e9lastique anti-torsion au pied<\/p>\n","protected":false},"featured_media":647214,"template":"","meta":{"_seopress_robots_primary_cat":"none","_seopress_titles_title":"","_seopress_titles_desc":"","_seopress_robots_index":""},"product_brand":[4699],"product_cat":[173,1399],"product_tag":[],"class_list":{"0":"post-671355","1":"product","2":"type-product","3":"status-publish","4":"has-post-thumbnail","6":"product_brand-mico-fr","7":"product_cat-chaussures","8":"product_cat-accessoires-pour-chaussures","9":"sws-gruppo-abb-libero-fr","10":"sws-conto-ricavi-merci-rivendita-abbigliamento-fr","11":"sws-gruppo-iva-iva81-fr","13":"first","14":"instock","15":"shipping-taxable","16":"purchasable","17":"product-type-variable","18":"has-default-attributes"},"_links":{"self":[{"href":"https:\/\/lucacastelli.com\/fr\/wp-json\/wp\/v2\/product\/671355","targetHints":{"allow":["GET"]}}],"collection":[{"href":"https:\/\/lucacastelli.com\/fr\/wp-json\/wp\/v2\/product"}],"about":[{"href":"https:\/\/lucacastelli.com\/fr\/wp-json\/wp\/v2\/types\/product"}],"wp:featuredmedia":[{"embeddable":true,"href":"https:\/\/lucacastelli.com\/fr\/wp-json\/wp\/v2\/media\/647214"}],"wp:attachment":[{"href":"https:\/\/lucacastelli.com\/fr\/wp-json\/wp\/v2\/media?parent=671355"}],"wp:term":[{"taxonomy":"product_brand","embeddable":true,"href":"https:\/\/lucacastelli.com\/fr\/wp-json\/wp\/v2\/product_brand?post=671355"},{"taxonomy":"product_cat","embeddable":true,"href":"https:\/\/lucacastelli.com\/fr\/wp-json\/wp\/v2\/product_cat?post=671355"},{"taxonomy":"product_tag","embeddable":true,"href":"https:\/\/lucacastelli.com\/fr\/wp-json\/wp\/v2\/product_tag?post=671355"}],"curies":[{"name":"wp","href":"https:\/\/api.w.org\/{rel}","templated":true}]}}