{"id":671336,"date":"2025-11-20T09:14:43","date_gmt":"2025-11-20T08:14:43","guid":{"rendered":"https:\/\/lucacastelli.com\/prodotto\/pfanner-chemise-en-flanelle\/"},"modified":"2025-11-20T09:14:43","modified_gmt":"2025-11-20T08:14:43","slug":"pfanner-chemise-en-flanelle","status":"publish","type":"product","link":"https:\/\/lucacastelli.com\/fr\/produit\/pfanner-chemise-en-flanelle\/","title":{"rendered":"PFANNER Chemise en Flanelle"},"content":{"rendered":"<p>Robuste. Authentique. Durable.<br \/>\nNotre chemise de b\u00fbcheron moderne avec son motif \u00e0 carreaux caract\u00e9ristique allie look classique et mat\u00e9riaux innovants. Un m\u00e9lange haut de gamme de chanvre et de coton biologique certifi\u00e9, pour garantir durabilit\u00e9, respirabilit\u00e9 et confort. Le chanvre conf\u00e8re au tissu une robustesse naturelle, tandis que le coton biologique assure douceur et confort, est totalement exempt de substances chimiques nocives et produit dans le respect des ressources.<br \/>\nLa fonctionnalit\u00e9 rencontre le design.<br \/>\nVotre smartphone est rang\u00e9 en toute s\u00e9curit\u00e9 dans les poches pratiques et toujours \u00e0 port\u00e9e de main : l&#8217;id\u00e9al pour la vie quotidienne, le travail ou les aventures en plein air. Renforts aux coudes et aux \u00e9paules en chanvre, TENCEL\u2122 et polyamide recycl\u00e9 : un m\u00e9lange intelligent de mat\u00e9riaux pour une plus grande r\u00e9sistance sans compromis sur la durabilit\u00e9.     <\/p>\n<p>Mati\u00e8re : 15% chanvre, 85% coton<\/p>\n","protected":false},"excerpt":{"rendered":"<p>Robuste. Authentique. Durable. Notre chemise de b\u00fbcheron moderne avec son motif \u00e0 carreaux caract\u00e9ristique allie look classique et mat\u00e9riaux innovants.<\/p>\n","protected":false},"featured_media":671345,"template":"","meta":{"_seopress_robots_primary_cat":"none","_seopress_titles_title":"","_seopress_titles_desc":"","_seopress_robots_index":""},"product_brand":[3458],"product_cat":[21,284,189,685,190],"product_tag":[],"class_list":{"0":"post-671336","1":"product","2":"type-product","3":"status-publish","4":"has-post-thumbnail","6":"product_brand-pfanner","7":"product_cat-abbigliamento","8":"product_cat-abbigliamento-da-lavoro","9":"product_cat-abbigliamento-per-il-tempo-libero","10":"product_cat-abbigliamento-da-bambino","11":"product_cat-abbigliamento-da-uomo","12":"sws-gruppo-no-gruppo","13":"sws-conto-ricavi-merci-rivendita-abbigliamento","14":"sws-gruppo-iva-iva81","16":"first","17":"instock","18":"shipping-taxable","19":"purchasable","20":"product-type-variable","21":"has-default-attributes"},"_links":{"self":[{"href":"https:\/\/lucacastelli.com\/fr\/wp-json\/wp\/v2\/product\/671336","targetHints":{"allow":["GET"]}}],"collection":[{"href":"https:\/\/lucacastelli.com\/fr\/wp-json\/wp\/v2\/product"}],"about":[{"href":"https:\/\/lucacastelli.com\/fr\/wp-json\/wp\/v2\/types\/product"}],"wp:featuredmedia":[{"embeddable":true,"href":"https:\/\/lucacastelli.com\/fr\/wp-json\/wp\/v2\/media\/671345"}],"wp:attachment":[{"href":"https:\/\/lucacastelli.com\/fr\/wp-json\/wp\/v2\/media?parent=671336"}],"wp:term":[{"taxonomy":"product_brand","embeddable":true,"href":"https:\/\/lucacastelli.com\/fr\/wp-json\/wp\/v2\/product_brand?post=671336"},{"taxonomy":"product_cat","embeddable":true,"href":"https:\/\/lucacastelli.com\/fr\/wp-json\/wp\/v2\/product_cat?post=671336"},{"taxonomy":"product_tag","embeddable":true,"href":"https:\/\/lucacastelli.com\/fr\/wp-json\/wp\/v2\/product_tag?post=671336"}],"curies":[{"name":"wp","href":"https:\/\/api.w.org\/{rel}","templated":true}]}}