{"id":671282,"date":"2025-11-20T08:51:10","date_gmt":"2025-11-20T07:51:10","guid":{"rendered":"https:\/\/lucacastelli.com\/prodotto\/pfanner-sweat-shirt-a-capuche-zippe-en-chanvre\/"},"modified":"2025-11-20T08:51:10","modified_gmt":"2025-11-20T07:51:10","slug":"pfanner-sweat-shirt-a-capuche-zippe-en-chanvre","status":"publish","type":"product","link":"https:\/\/lucacastelli.com\/fr\/produit\/pfanner-sweat-shirt-a-capuche-zippe-en-chanvre\/","title":{"rendered":"PFANNER Sweat-shirt \u00e0 capuche zipp\u00e9 en chanvre"},"content":{"rendered":"<p>Le confort rencontre la fonctionnalit\u00e9, dans une perspective de durabilit\u00e9.<br \/>\nCe sweat-shirt sportif \u00e0 zip int\u00e9gral est le compagnon id\u00e9al pour les journ\u00e9es actives, que ce soit en voyage, au travail ou pendant les loisirs. Avec son design \u00e9pur\u00e9, ses d\u00e9tails fonctionnels et ses mat\u00e9riaux s\u00e9lectionn\u00e9s de mani\u00e8re responsable, il \u00e9tablit de nouvelles normes en termes de confort et de durabilit\u00e9. Fabriqu\u00e9 \u00e0 partir d&#8217;un m\u00e9lange r\u00e9sistant de chanvre et de polyester recycl\u00e9, ce sweat \u00e0 capuche n&#8217;est pas seulement confortable \u00e0 porter, mais aussi particuli\u00e8rement durable et respirant. L&#8217;int\u00e9rieur doux en TENCEL\u2122 garantit une sensation de douceur sur la peau et r\u00e9gule la temp\u00e9rature, id\u00e9al dans des conditions climatiques variables.<br \/>\nDes d\u00e9tails bien pens\u00e9s.<br \/>\nLa fermeture \u00e9clair int\u00e9grale pour une flexibilit\u00e9 maximale et la coupe sportive soulignent le look moderne. Poche pratique sur la manche avec porte-stylo int\u00e9gr\u00e9, parfaite pour ceux qui veulent rester organis\u00e9s m\u00eame en d\u00e9placement.    <\/p>\n<p>Mati\u00e8re : 55 % chanvre, 39 % polyester recycl\u00e9, 6 % TENCEL\u2122<\/p>\n","protected":false},"excerpt":{"rendered":"<p>Le confort rencontre la fonctionnalit\u00e9, dans une perspective de durabilit\u00e9. Ce sweat-shirt sportif \u00e0 zip int\u00e9gral est le compagnon id\u00e9al<\/p>\n","protected":false},"featured_media":671291,"template":"","meta":{"_seopress_robots_primary_cat":"none","_seopress_titles_title":"","_seopress_titles_desc":"","_seopress_robots_index":""},"product_brand":[3458],"product_cat":[21,284,189,190],"product_tag":[],"class_list":{"0":"post-671282","1":"product","2":"type-product","3":"status-publish","4":"has-post-thumbnail","6":"product_brand-pfanner","7":"product_cat-abbigliamento","8":"product_cat-abbigliamento-da-lavoro","9":"product_cat-abbigliamento-per-il-tempo-libero","10":"product_cat-abbigliamento-da-uomo","11":"sws-gruppo-no-gruppo-fr","12":"sws-conto-ricavi-merci-rivendita-abbigliamento-fr","13":"sws-gruppo-iva-iva81-fr","15":"first","16":"instock","17":"shipping-taxable","18":"purchasable","19":"product-type-variable","20":"has-default-attributes"},"_links":{"self":[{"href":"https:\/\/lucacastelli.com\/fr\/wp-json\/wp\/v2\/product\/671282","targetHints":{"allow":["GET"]}}],"collection":[{"href":"https:\/\/lucacastelli.com\/fr\/wp-json\/wp\/v2\/product"}],"about":[{"href":"https:\/\/lucacastelli.com\/fr\/wp-json\/wp\/v2\/types\/product"}],"wp:featuredmedia":[{"embeddable":true,"href":"https:\/\/lucacastelli.com\/fr\/wp-json\/wp\/v2\/media\/671291"}],"wp:attachment":[{"href":"https:\/\/lucacastelli.com\/fr\/wp-json\/wp\/v2\/media?parent=671282"}],"wp:term":[{"taxonomy":"product_brand","embeddable":true,"href":"https:\/\/lucacastelli.com\/fr\/wp-json\/wp\/v2\/product_brand?post=671282"},{"taxonomy":"product_cat","embeddable":true,"href":"https:\/\/lucacastelli.com\/fr\/wp-json\/wp\/v2\/product_cat?post=671282"},{"taxonomy":"product_tag","embeddable":true,"href":"https:\/\/lucacastelli.com\/fr\/wp-json\/wp\/v2\/product_tag?post=671282"}],"curies":[{"name":"wp","href":"https:\/\/api.w.org\/{rel}","templated":true}]}}