{"id":671234,"date":"2025-12-24T09:27:30","date_gmt":"2025-12-24T08:27:30","guid":{"rendered":"https:\/\/lucacastelli.com\/prodotto\/pfanner-gladiator-guetres\/"},"modified":"2026-03-13T12:57:26","modified_gmt":"2026-03-13T11:57:26","slug":"pfanner-gladiator-guetres","status":"publish","type":"product","link":"https:\/\/lucacastelli.com\/fr\/produit\/pfanner-gladiator-guetres\/","title":{"rendered":"PFANNER Gladiator\u00ae Gu\u00eatres"},"content":{"rendered":"<p>Gu\u00eatres de nouvelle conception, polyvalentes, fabriqu\u00e9es en tissu Cordura robuste pour conditions extr\u00eames. \u00c9lastiques tr\u00e8s souples, r\u00e9partis de fa\u00e7on ergonomique, pour un ajustement optimal. Adapt\u00e9es \u00e0 toutes les tailles de jambes. Fermeture \u00e9clair couverte sur toute la longueur avec fermeture velcro et boutons-pression pour un enfilage et un retrait faciles.<br \/>\n-Tissu ext\u00e9rieur Gladiator\u00ae r\u00e9sistant aux d\u00e9chirures<br \/>\n&#8211; Sangle \u00e9lastique arri\u00e8re pour un maintien optimal<br \/>\n&#8211; Fermeture velcro et boutons-pression<br \/>\n&#8211; C\u00e2ble en acier inoxydable ultra-r\u00e9sistant \u00e0 accrocher \u00e0 la cheville de la chaussure   <\/p>\n<p>Mat\u00e9riau : 100% polyamide Cordura, c\u00e2ble en acier ultra-r\u00e9sistant \u00e0 accrocher \u00e0 la cheville de la chaussure<br \/>\nTailles : taille unique, longueur 40 cm<\/p>\n","protected":false},"excerpt":{"rendered":"<p>Gu\u00eatres de nouvelle conception, polyvalentes, fabriqu\u00e9es en tissu Cordura robuste pour conditions extr\u00eames. \u00c9lastiques tr\u00e8s souples, r\u00e9partis de fa\u00e7on ergonomique,<\/p>\n","protected":false},"featured_media":671236,"template":"","meta":{"_seopress_robots_primary_cat":"none","_seopress_titles_title":"","_seopress_titles_desc":"","_seopress_robots_index":""},"product_brand":[3669],"product_cat":[1390,81,981,1381],"product_tag":[],"class_list":{"0":"post-671234","1":"product","2":"type-product","3":"status-publish","4":"has-post-thumbnail","6":"product_brand-pfanner-fr","7":"product_cat-accessoires-dhabillement","8":"product_cat-vetements","9":"product_cat-vetements-de-loisirs","10":"product_cat-vetements-de-travail","11":"sws-gruppo-no-gruppo","12":"sws-conto-ricavi-merci-rivendita-abbigliamento","13":"sws-gruppo-iva-iva81","15":"first","16":"instock","17":"shipping-taxable","18":"purchasable","19":"product-type-variable","20":"has-default-attributes"},"_links":{"self":[{"href":"https:\/\/lucacastelli.com\/fr\/wp-json\/wp\/v2\/product\/671234","targetHints":{"allow":["GET"]}}],"collection":[{"href":"https:\/\/lucacastelli.com\/fr\/wp-json\/wp\/v2\/product"}],"about":[{"href":"https:\/\/lucacastelli.com\/fr\/wp-json\/wp\/v2\/types\/product"}],"wp:featuredmedia":[{"embeddable":true,"href":"https:\/\/lucacastelli.com\/fr\/wp-json\/wp\/v2\/media\/671236"}],"wp:attachment":[{"href":"https:\/\/lucacastelli.com\/fr\/wp-json\/wp\/v2\/media?parent=671234"}],"wp:term":[{"taxonomy":"product_brand","embeddable":true,"href":"https:\/\/lucacastelli.com\/fr\/wp-json\/wp\/v2\/product_brand?post=671234"},{"taxonomy":"product_cat","embeddable":true,"href":"https:\/\/lucacastelli.com\/fr\/wp-json\/wp\/v2\/product_cat?post=671234"},{"taxonomy":"product_tag","embeddable":true,"href":"https:\/\/lucacastelli.com\/fr\/wp-json\/wp\/v2\/product_tag?post=671234"}],"curies":[{"name":"wp","href":"https:\/\/api.w.org\/{rel}","templated":true}]}}