{"id":671172,"date":"2025-11-18T20:50:21","date_gmt":"2025-11-18T19:50:21","guid":{"rendered":"https:\/\/lucacastelli.com\/prodotto\/pfanner-t-shirt-femme-en-laine-merinos-atmosphere\/"},"modified":"2025-11-18T20:50:21","modified_gmt":"2025-11-18T19:50:21","slug":"pfanner-t-shirt-femme-en-laine-merinos-atmosphere","status":"publish","type":"product","link":"https:\/\/lucacastelli.com\/fr\/produit\/pfanner-t-shirt-femme-en-laine-merinos-atmosphere\/","title":{"rendered":"PFANNER T-shirt femme en laine m\u00e9rinos Atmosphere"},"content":{"rendered":"<p>T-shirt \u00e0 manches longues en laine m\u00e9rinos de haute qualit\u00e9 et modal anti-grattage. Assure une sensation de sec constante. La laine m\u00e9rinos ext\u00e9rieure garantit une temp\u00e9rature corporelle id\u00e9ale gr\u00e2ce \u00e0 ses excellentes propri\u00e9t\u00e9s isolantes. La structure de ce t-shirt \u00e9vacue l&#8217;humidit\u00e9 de la peau, gardant le corps au sec. De plus, la laine m\u00e9rinos n&#8217;absorbe pas les odeurs, assurant un confort parfait. Ce t-shirt est id\u00e9al particuli\u00e8rement par temps froid et pour les activit\u00e9s peu intenses. Ce t-shirt \u00e0 manches longues en laine m\u00e9rinos est parfait pour la chasse, la sylviculture et les activit\u00e9s de plein air.<br \/>\n-Garde au chaud quand il fait froid<br \/>\n-S\u00e9chage rapide<br \/>\n-Anti-odeurs<br \/>\n-Coupe sportive et ajust\u00e9e<br \/>\n-Ne gratte pas gr\u00e2ce \u00e0 la laine m\u00e9rinos douce<br \/>\n-Facile \u00e0 laver<br \/>\n-Coutures plates<br \/>\n-Col montant      <\/p>\n<p>Mati\u00e8re : 46 % laine m\u00e9rinos, 45 % micro-modal, 9 % polyamide<\/p>\n","protected":false},"excerpt":{"rendered":"<p>T-shirt \u00e0 manches longues en laine m\u00e9rinos de haute qualit\u00e9 et modal anti-grattage. Assure une sensation de sec constante. La<\/p>\n","protected":false},"featured_media":671181,"template":"","meta":{"_seopress_robots_primary_cat":"","_seopress_titles_title":"","_seopress_titles_desc":"","_seopress_robots_index":""},"product_brand":[3669],"product_cat":[81,981,1387],"product_tag":[],"class_list":{"0":"post-671172","1":"product","2":"type-product","3":"status-publish","4":"has-post-thumbnail","6":"product_brand-pfanner-fr","7":"product_cat-vetements","8":"product_cat-vetements-de-loisirs","9":"product_cat-vetements-pour-femmes","10":"sws-gruppo-no-gruppo-fr","11":"sws-conto-ricavi-merci-rivendita-abbigliamento-fr","12":"sws-gruppo-iva-iva81-fr","14":"first","15":"instock","16":"shipping-taxable","17":"purchasable","18":"product-type-variable"},"_links":{"self":[{"href":"https:\/\/lucacastelli.com\/fr\/wp-json\/wp\/v2\/product\/671172","targetHints":{"allow":["GET"]}}],"collection":[{"href":"https:\/\/lucacastelli.com\/fr\/wp-json\/wp\/v2\/product"}],"about":[{"href":"https:\/\/lucacastelli.com\/fr\/wp-json\/wp\/v2\/types\/product"}],"wp:featuredmedia":[{"embeddable":true,"href":"https:\/\/lucacastelli.com\/fr\/wp-json\/wp\/v2\/media\/671181"}],"wp:attachment":[{"href":"https:\/\/lucacastelli.com\/fr\/wp-json\/wp\/v2\/media?parent=671172"}],"wp:term":[{"taxonomy":"product_brand","embeddable":true,"href":"https:\/\/lucacastelli.com\/fr\/wp-json\/wp\/v2\/product_brand?post=671172"},{"taxonomy":"product_cat","embeddable":true,"href":"https:\/\/lucacastelli.com\/fr\/wp-json\/wp\/v2\/product_cat?post=671172"},{"taxonomy":"product_tag","embeddable":true,"href":"https:\/\/lucacastelli.com\/fr\/wp-json\/wp\/v2\/product_tag?post=671172"}],"curies":[{"name":"wp","href":"https:\/\/api.w.org\/{rel}","templated":true}]}}