{"id":671149,"date":"2025-12-24T10:12:13","date_gmt":"2025-12-24T09:12:13","guid":{"rendered":"https:\/\/lucacastelli.com\/prodotto\/protos-easy-worker\/"},"modified":"2025-12-24T10:12:13","modified_gmt":"2025-12-24T09:12:13","slug":"protos-easy-worker","status":"publish","type":"product","link":"https:\/\/lucacastelli.com\/fr\/produit\/protos-easy-worker\/","title":{"rendered":"PROTOS Easy Worker"},"content":{"rendered":"<p>Chaussure de travail et professionnelle ultra-l\u00e9g\u00e8re (370 g\/taille 42). Doublure fonctionnelle anti-odeur. V\u00e9ritable cuir su\u00e9d\u00e9, \u0153illets m\u00e9talliques ronds pour une r\u00e9sistance maximale. Semelle avec profil VIBRAM, talon rembourr\u00e9 et protection sur le cou-de-pied. Pour le travail et l&#8217;outdoor !    <\/p>\n","protected":false},"excerpt":{"rendered":"<p>Chaussure de travail et professionnelle ultra-l\u00e9g\u00e8re (370 g\/taille 42). Doublure fonctionnelle anti-odeur. V\u00e9ritable cuir su\u00e9d\u00e9, \u0153illets m\u00e9talliques ronds pour une<\/p>\n","protected":false},"featured_media":671150,"template":"","meta":{"_seopress_robots_primary_cat":"none","_seopress_titles_title":"","_seopress_titles_desc":"","_seopress_robots_index":""},"product_brand":[3669,4722],"product_cat":[173,1420,1423,1432],"product_tag":[],"class_list":{"0":"post-671149","1":"product","2":"type-product","3":"status-publish","4":"has-post-thumbnail","6":"product_brand-pfanner-fr","7":"product_brand-protos-fr","8":"product_cat-chaussures","9":"product_cat-chaussures-de-loisirs","10":"product_cat-chaussures-de-travail","11":"product_cat-chaussures-pour-hommes","12":"sws-gruppo-no-gruppo","13":"sws-conto-ricavi-merci-rivendita-abbigliamento","14":"sws-gruppo-iva-iva81","16":"first","17":"instock","18":"shipping-taxable","19":"purchasable","20":"product-type-variable","21":"has-default-attributes"},"_links":{"self":[{"href":"https:\/\/lucacastelli.com\/fr\/wp-json\/wp\/v2\/product\/671149","targetHints":{"allow":["GET"]}}],"collection":[{"href":"https:\/\/lucacastelli.com\/fr\/wp-json\/wp\/v2\/product"}],"about":[{"href":"https:\/\/lucacastelli.com\/fr\/wp-json\/wp\/v2\/types\/product"}],"wp:featuredmedia":[{"embeddable":true,"href":"https:\/\/lucacastelli.com\/fr\/wp-json\/wp\/v2\/media\/671150"}],"wp:attachment":[{"href":"https:\/\/lucacastelli.com\/fr\/wp-json\/wp\/v2\/media?parent=671149"}],"wp:term":[{"taxonomy":"product_brand","embeddable":true,"href":"https:\/\/lucacastelli.com\/fr\/wp-json\/wp\/v2\/product_brand?post=671149"},{"taxonomy":"product_cat","embeddable":true,"href":"https:\/\/lucacastelli.com\/fr\/wp-json\/wp\/v2\/product_cat?post=671149"},{"taxonomy":"product_tag","embeddable":true,"href":"https:\/\/lucacastelli.com\/fr\/wp-json\/wp\/v2\/product_tag?post=671149"}],"curies":[{"name":"wp","href":"https:\/\/api.w.org\/{rel}","templated":true}]}}