{"id":671146,"date":"2025-11-26T14:11:51","date_gmt":"2025-11-26T13:11:51","guid":{"rendered":"https:\/\/lucacastelli.com\/prodotto\/eder-cable-de-traction-pour-treuil-eder-diametre-13-mm-100-metres\/"},"modified":"2025-11-26T14:11:51","modified_gmt":"2025-11-26T13:11:51","slug":"eder-cable-de-traction-pour-treuil-eder-diametre-13-mm-100-metres","status":"publish","type":"product","link":"https:\/\/lucacastelli.com\/fr\/produit\/eder-cable-de-traction-pour-treuil-eder-diametre-13-mm-100-metres\/","title":{"rendered":"EDER C\u00e2ble de traction pour treuil Eder diam\u00e8tre 13 mm 100 m\u00e8tres"},"content":{"rendered":"<p>Le c\u00e2ble pour treuil Eder d&#8217;un diam\u00e8tre de 13 mm a \u00e9t\u00e9 sp\u00e9cialement d\u00e9velopp\u00e9 pour l&#8217;utilisation avec le treuil Nordforest 1800. La gaine tress\u00e9e 20 fois est r\u00e9alis\u00e9e en polyester r\u00e9sistant et l&#8217;\u00e2me est en poly\u00e9thyl\u00e8ne \u00e0 tr\u00e8s haute densit\u00e9 mol\u00e9culaire (UHMWPE). Cette combinaison garantit une charge de rupture \u00e9lev\u00e9e de 5,1 t. En combinaison avec la terminaison d\u00e9j\u00e0 mont\u00e9e, la force de rupture est de 4,8 t. L&#8217;allongement est d&#8217;environ 1,5 %. Pour treuils avec une force de traction maximale de 1 800 kg.     <\/p>\n<p>&nbsp;<\/p>\n<p>&nbsp;<\/p>\n","protected":false},"excerpt":{"rendered":"<p>Le c\u00e2ble pour treuil Eder d&#8217;un diam\u00e8tre de 13 mm a \u00e9t\u00e9 sp\u00e9cialement d\u00e9velopp\u00e9 pour l&#8217;utilisation avec le treuil Nordforest<\/p>\n","protected":false},"featured_media":650582,"template":"","meta":{"_seopress_robots_primary_cat":"none","_seopress_titles_title":"","_seopress_titles_desc":"","_seopress_robots_index":""},"product_brand":[3627],"product_cat":[167,1604,1608],"product_tag":[],"class_list":{"0":"post-671146","1":"product","2":"type-product","3":"status-publish","4":"has-post-thumbnail","6":"product_brand-eder-fr","7":"product_cat-machines","8":"product_cat-tronconneuses","9":"product_cat-tronconneuses-a-moteur","10":"sws-gruppo-macchinari-fr","11":"sws-conto-ricavi-merci-rivendita-macchinari-fr","12":"sws-gruppo-iva-iva81-fr","14":"first","15":"instock","16":"shipping-taxable","17":"purchasable","18":"product-type-simple"},"_links":{"self":[{"href":"https:\/\/lucacastelli.com\/fr\/wp-json\/wp\/v2\/product\/671146","targetHints":{"allow":["GET"]}}],"collection":[{"href":"https:\/\/lucacastelli.com\/fr\/wp-json\/wp\/v2\/product"}],"about":[{"href":"https:\/\/lucacastelli.com\/fr\/wp-json\/wp\/v2\/types\/product"}],"wp:featuredmedia":[{"embeddable":true,"href":"https:\/\/lucacastelli.com\/fr\/wp-json\/wp\/v2\/media\/650582"}],"wp:attachment":[{"href":"https:\/\/lucacastelli.com\/fr\/wp-json\/wp\/v2\/media?parent=671146"}],"wp:term":[{"taxonomy":"product_brand","embeddable":true,"href":"https:\/\/lucacastelli.com\/fr\/wp-json\/wp\/v2\/product_brand?post=671146"},{"taxonomy":"product_cat","embeddable":true,"href":"https:\/\/lucacastelli.com\/fr\/wp-json\/wp\/v2\/product_cat?post=671146"},{"taxonomy":"product_tag","embeddable":true,"href":"https:\/\/lucacastelli.com\/fr\/wp-json\/wp\/v2\/product_tag?post=671146"}],"curies":[{"name":"wp","href":"https:\/\/api.w.org\/{rel}","templated":true}]}}