{"id":669374,"date":"2025-12-22T10:17:22","date_gmt":"2025-12-22T09:17:22","guid":{"rendered":"https:\/\/lucacastelli.com\/prodotto\/tree-runner-harnais-pour-tronconneuse-tool-lanyard-basic\/"},"modified":"2025-12-22T10:17:22","modified_gmt":"2025-12-22T09:17:22","slug":"tree-runner-harnais-pour-tronconneuse-tool-lanyard-basic","status":"publish","type":"product","link":"https:\/\/lucacastelli.com\/fr\/produit\/tree-runner-harnais-pour-tronconneuse-tool-lanyard-basic\/","title":{"rendered":"Tree Runner Harnais pour tron\u00e7onneuse Tool Lanyard Basic"},"content":{"rendered":"<p>Sangle compacte pour tron\u00e7onneuse en polyester avec deux anneaux de charge. R\u00e9sistance \u00e0 la rupture 70 kg. Longueur 68 cm sans charge, jusqu&#8217;\u00e0 140 cm sous charge. Poids 125 g.   <\/p>\n<p>Informations sur l&#8217;article<\/p>\n<p>Le Tree Runner Tool Lanyard Basic est une sangle pour tron\u00e7onneuse avec un large rayon d&#8217;action malgr\u00e9 sa structure compacte. La sangle \u00e9lastique facilite le travail avec la tron\u00e7onneuse et autres outils. Elle se fixe autour de la poign\u00e9e arri\u00e8re de la tron\u00e7onneuse et avec l&#8217;autre extr\u00e9mit\u00e9, un anneau de charge, se fixe \u00e0 un mousqueton m\u00e9tallique sur le harnais d&#8217;escalade. Les anneaux \u00e0 ressort utilis\u00e9s, avec une force de rupture de 70 kg chacun, servent de point de rupture pr\u00e9d\u00e9termin\u00e9 en cas de fortes surcharges. Si cette valeur est d\u00e9pass\u00e9e, les anneaux lib\u00e8rent l&#8217;outil.    <\/p>\n<ul>\n<li>Harnais compact pour tron\u00e7onneuse avec deux anneaux de charge<\/li>\n<li>Force de rupture 70 kg<\/li>\n<li>Longueur 68 cm sans charge, jusqu&#8217;\u00e0 140 cm sous charge<\/li>\n<li>En polyester<\/li>\n<li>Poids 125 g<\/li>\n<\/ul>\n","protected":false},"excerpt":{"rendered":"<p>Sangle compacte pour tron\u00e7onneuse en polyester avec deux anneaux de charge. R\u00e9sistance \u00e0 la rupture 70 kg. Longueur 68 cm<\/p>\n","protected":false},"featured_media":669037,"template":"","meta":{"_seopress_robots_primary_cat":"none","_seopress_titles_title":"","_seopress_titles_desc":"","_seopress_robots_index":""},"product_brand":[6672],"product_cat":[1605,1496,144,1397,1402,167,1604],"product_tag":[],"class_list":{"0":"post-669374","1":"product","2":"type-product","3":"status-publish","4":"has-post-thumbnail","6":"product_brand-tree-runner","7":"product_cat-accessoires-et-consommables-fr-4","8":"product_cat-autres-equipements-de-travail","9":"product_cat-equipement","10":"product_cat-equipement-de-travail","11":"product_cat-harnais-et-equipements-de-securite","12":"product_cat-machines","13":"product_cat-tronconneuses","14":"sws-gruppo-abb-libero-fr","15":"sws-conto-ricavi-merci-rivendita-abbigliamento-fr","16":"sws-gruppo-iva-iva81-fr","18":"first","19":"instock","20":"shipping-taxable","21":"purchasable","22":"product-type-simple"},"_links":{"self":[{"href":"https:\/\/lucacastelli.com\/fr\/wp-json\/wp\/v2\/product\/669374","targetHints":{"allow":["GET"]}}],"collection":[{"href":"https:\/\/lucacastelli.com\/fr\/wp-json\/wp\/v2\/product"}],"about":[{"href":"https:\/\/lucacastelli.com\/fr\/wp-json\/wp\/v2\/types\/product"}],"wp:featuredmedia":[{"embeddable":true,"href":"https:\/\/lucacastelli.com\/fr\/wp-json\/wp\/v2\/media\/669037"}],"wp:attachment":[{"href":"https:\/\/lucacastelli.com\/fr\/wp-json\/wp\/v2\/media?parent=669374"}],"wp:term":[{"taxonomy":"product_brand","embeddable":true,"href":"https:\/\/lucacastelli.com\/fr\/wp-json\/wp\/v2\/product_brand?post=669374"},{"taxonomy":"product_cat","embeddable":true,"href":"https:\/\/lucacastelli.com\/fr\/wp-json\/wp\/v2\/product_cat?post=669374"},{"taxonomy":"product_tag","embeddable":true,"href":"https:\/\/lucacastelli.com\/fr\/wp-json\/wp\/v2\/product_tag?post=669374"}],"curies":[{"name":"wp","href":"https:\/\/api.w.org\/{rel}","templated":true}]}}