{"id":669345,"date":"2025-11-27T10:08:44","date_gmt":"2025-11-27T09:08:44","guid":{"rendered":"https:\/\/lucacastelli.com\/prodotto\/pantalon-pala-ortovox\/"},"modified":"2025-11-27T10:08:44","modified_gmt":"2025-11-27T09:08:44","slug":"pantalon-pala-ortovox","status":"publish","type":"product","link":"https:\/\/lucacastelli.com\/fr\/produit\/pantalon-pala-ortovox\/","title":{"rendered":"PANTALON PALA ORTOVOX"},"content":{"rendered":"<h2 id=\"toc-entry-target-1\" class=\"js-toc__title pds__detail-headline\" tabindex=\"-1\">PROTECTION SUR LES VOIES ALPINES<\/h2>\n<p>&nbsp;<\/p>\n<h3>Pantalon athl\u00e9tique extr\u00eamement r\u00e9sistant avec stretch pour l&#8217;escalade alpine<\/h3>\n<p>&nbsp;<\/p>\n<p>Les tours massives et bizarres de San Martino s\u2019\u00e9l\u00e8vent du plateau rocheux. Quiconque grimpe ici sur le massif le plus m\u00e9ridional des Dolomites a besoin de nerfs solides &#8211; et d\u2019un mat\u00e9riel tout aussi solide. Nous avons con\u00e7u notre ligne MERINO SHIELD TEC sp\u00e9cialement pour ces longues randonn\u00e9es alpines !  <\/p>\n<p>Le mat\u00e9riau ext\u00e9rieur extr\u00eamement r\u00e9sistant \u00e0 l&#8217;abrasion du PANTALON PALA pour homme r\u00e9siste \u00e0 plus de 50 000 cycles de frottement lors du test Martindale, qui v\u00e9rifie la r\u00e9sistance \u00e0 l&#8217;abrasion. Les inserts suppl\u00e9mentaires dans la zone pr\u00e9form\u00e9e du genou offrent une protection maximale contre les roches rugueuses. Le mat\u00e9riau stretch quadri-\u00e9lastique permet une libert\u00e9 de mouvement maximale, soutenue par une coupe athl\u00e9tique. Gr\u00e2ce \u00e0 sa structure sans membrane, le PANTALON PALA pour homme est particuli\u00e8rement respirant, tandis que la fine laine m\u00e9rinos \u00e0 l&#8217;int\u00e9rieur et le MESH M\u00c9RINOS \u00e0 la taille garantissent un grand confort. Gr\u00e2ce aux poches sup\u00e9rieures optimis\u00e9es pour le harnais et le sac \u00e0 dos, ainsi qu&#8217;\u00e0 la poche pour carte, tout le n\u00e9cessaire est toujours \u00e0 port\u00e9e de main. La possibilit\u00e9 d&#8217;ajuster l&#8217;ourlet et la ceinture assure un ajustement optimal \u00e0 chaque mouvement. Pour le bien de l&#8217;environnement, toute la ligne MERINO SHIELD TEC est \u00e9galement totalement sans PFC et \u00e0 impact climatique nul avec compensation CO2.      <\/p>\n<p>Avec son look moderne, le SHORT PALA pour homme est capable d&#8217;affronter de longues escalades sur les hautes parois rocheuses.<\/p>\n<p>&nbsp;<\/p>\n<div id=\"pds__accordion-features-heading\" class=\"mb-4 mb-md-35\">\n<h3 class=\"pds__accordion-headline p-relative cursor-pointer p-0 m-0\"><span class=\"d-block p-0 accordion js-accordion-custom-toggle js-accordion-custom-toggle--hide-on-collapse\" tabindex=\"0\" role=\"button\" data-collapse=\"false\" data-target=\"#pds__accordion-features-wrapper\" data-multitarget-disabled-mobile=\"\" aria-expanded=\"true\" aria-controls=\"pds__accordion-features-wrapper\"><span class=\"d-flex justify-content-between align-items-center\"><span class=\"word-break-word\">Caract\u00e9ristiques<\/span><i class=\"accordion__icon pds__accordion-icon icon\"><\/i><\/span><\/span><\/h3>\n<\/div>\n<div class=\"pds__accordion-wrapper\">\n<div id=\"pds__accordion-features-wrapper\" class=\"pds__accordion-features-multi-target collapse show\" data-partial-multi-target=\"true\" data-parent=\"#pds__accordion-features\">\n<div class=\"pb-4\">\n<div class=\"overflow-hidden\">\n<div class=\"wysiwyg\">\n<ul>\n<li>Bord r\u00e9glable<\/li>\n<li>Inserts en mesh m\u00e9rinos dans la zone de la ceinture<\/li>\n<li>2 poches sup\u00e9rieures<\/li>\n<li>1 poche arri\u00e8re zipp\u00e9e<\/li>\n<li>Zone du genou pr\u00e9form\u00e9e et renforc\u00e9e<\/li>\n<li>R\u00e9glage de la largeur de la taille<\/li>\n<li>Coupe r\u00e9guli\u00e8re<\/li>\n<\/ul>\n<p>&nbsp;<\/p>\n<\/div>\n<div id=\"pds__accordion-material-properties-heading\" class=\"mb-4 mb-md-35\">\n<h3 class=\"pds__accordion-headline p-relative cursor-pointer p-0 m-0\"><span class=\"d-block p-0 accordion js-accordion-custom-toggle js-accordion-custom-toggle--hide-on-collapse\" tabindex=\"0\" role=\"button\" data-collapse=\"false\" data-target=\"#pds__accordion-material-properties-wrapper\" data-multitarget-disabled-mobile=\"\" aria-expanded=\"true\" aria-controls=\"pds__accordion-material-properties-wrapper\"><span class=\"d-flex justify-content-between align-items-center\"><span class=\"word-break-word\">Caract\u00e9ristiques du mat\u00e9riau<\/span><i class=\"accordion__icon pds__accordion-icon icon\"><\/i><\/span><\/span><\/h3>\n<\/div>\n<div class=\"pds__accordion-wrapper\">\n<div id=\"pds__accordion-material-properties-wrapper\" class=\"pds__accordion-material-properties-multi-target collapse show\" data-partial-multi-target=\"true\" data-parent=\"#pds__accordion-material-properties\">\n<div class=\"pb-4\">\n<div class=\"overflow-hidden\">\n<div class=\"wysiwyg\">\n<ul>\n<li>Grande r\u00e9sistance \u00e0 l&#8217;abrasion : &gt; 50 000 cycles de frottement au test Martindale<\/li>\n<li>Tissu quadri-\u00e9lastique<\/li>\n<li>Respirabilit\u00e9<\/li>\n<li>L\u00e9ger<\/li>\n<li>S\u00e9chage rapide<\/li>\n<li>D\u00e9perlant gr\u00e2ce au rev\u00eatement DWR sans PFC<\/li>\n<li>M\u00e9rinos \u00e0 l&#8217;int\u00e9rieur<\/li>\n<li>Sans PFC : l&#8217;eau et la salet\u00e9 glissent sur la peau<\/li>\n<\/ul>\n<p>MAT\u00c9RIAU PRINCIPAL : 74 % polyamide + 15 % laine (MERINO OWP) + 11 % INSERTS en \u00e9lasthanne : 91 % polyamide + 9 % \u00e9lasthanne<\/p>\n<\/div>\n<\/div>\n<\/div>\n<\/div>\n<\/div>\n<\/div>\n<\/div>\n<\/div>\n<\/div>\n","protected":false},"excerpt":{"rendered":"<p>PROTECTION SUR LES VOIES ALPINES &nbsp; Pantalon athl\u00e9tique extr\u00eamement r\u00e9sistant avec stretch pour l&#8217;escalade alpine &nbsp; Les tours massives et<\/p>\n","protected":false},"featured_media":651120,"template":"","meta":{"_seopress_robots_primary_cat":"none","_seopress_titles_title":"","_seopress_titles_desc":"","_seopress_robots_index":""},"product_brand":[3280],"product_cat":[21,189,190],"product_tag":[],"class_list":{"0":"post-669345","1":"product","2":"type-product","3":"status-publish","4":"has-post-thumbnail","6":"product_brand-ortovox","7":"product_cat-abbigliamento","8":"product_cat-abbigliamento-per-il-tempo-libero","9":"product_cat-abbigliamento-da-uomo","10":"sws-gruppo-abb-libero-fr","11":"sws-conto-ricavi-merci-rivendita-abbigliamento-fr","12":"sws-gruppo-iva-iva81-fr","14":"first","15":"instock","16":"sale","17":"shipping-taxable","18":"purchasable","19":"product-type-variable","20":"has-default-attributes"},"_links":{"self":[{"href":"https:\/\/lucacastelli.com\/fr\/wp-json\/wp\/v2\/product\/669345","targetHints":{"allow":["GET"]}}],"collection":[{"href":"https:\/\/lucacastelli.com\/fr\/wp-json\/wp\/v2\/product"}],"about":[{"href":"https:\/\/lucacastelli.com\/fr\/wp-json\/wp\/v2\/types\/product"}],"wp:featuredmedia":[{"embeddable":true,"href":"https:\/\/lucacastelli.com\/fr\/wp-json\/wp\/v2\/media\/651120"}],"wp:attachment":[{"href":"https:\/\/lucacastelli.com\/fr\/wp-json\/wp\/v2\/media?parent=669345"}],"wp:term":[{"taxonomy":"product_brand","embeddable":true,"href":"https:\/\/lucacastelli.com\/fr\/wp-json\/wp\/v2\/product_brand?post=669345"},{"taxonomy":"product_cat","embeddable":true,"href":"https:\/\/lucacastelli.com\/fr\/wp-json\/wp\/v2\/product_cat?post=669345"},{"taxonomy":"product_tag","embeddable":true,"href":"https:\/\/lucacastelli.com\/fr\/wp-json\/wp\/v2\/product_tag?post=669345"}],"curies":[{"name":"wp","href":"https:\/\/api.w.org\/{rel}","templated":true}]}}