{"id":669217,"date":"2025-12-02T14:34:46","date_gmt":"2025-12-02T13:34:46","guid":{"rendered":"https:\/\/lucacastelli.com\/prodotto\/150-cool-climb-local-ts-2\/"},"modified":"2025-12-02T14:34:46","modified_gmt":"2025-12-02T13:34:46","slug":"150-cool-climb-local-ts-2","status":"publish","type":"product","link":"https:\/\/lucacastelli.com\/fr\/produit\/150-cool-climb-local-ts-2\/","title":{"rendered":"150 COOL CLIMB LOCAL TS"},"content":{"rendered":"<div class=\"wysiwyg wysiwyg--no-first-child-correction mb-4\">\n<div class=\"wysiwyg wysiwyg--no-first-child-correction mb-4\">\n<h3>T-shirt robuste et rafra\u00eechissant en laine m\u00e9rinos<\/h3>\n<\/div>\n<div id=\"pds__accordion-additional-info-inner\" class=\" accordion pds__accordion\">\n<div class=\"position-relative\">\n<div class=\"pds__accordion-wrapper border-0\">\n<div id=\"pds__accordion-additional-info-inner-wrapper\" class=\"collapse seo-collapse disable-collapse-md\" data-parent=\"#pds__accordion-additional-info-inner\">\n<div class=\"pb-4\">\n<div class=\"overflow-hidden\">\n<div class=\"pb-md-3 pb-4\"><\/div>\n<\/div>\n<\/div>\n<\/div>\n<\/div>\n<\/div>\n<\/div>\n<\/div>\n<div id=\"pds__accordion-additional-info-inner\" class=\" accordion pds__accordion\">\n<div class=\"position-relative\">\n<div class=\"pds__accordion-wrapper border-0\">\n<div id=\"pds__accordion-additional-info-inner-wrapper\" class=\"collapse seo-collapse disable-collapse-md\" data-parent=\"#pds__accordion-additional-info-inner\">\n<div class=\"pb-4\">\n<div class=\"overflow-hidden\">\n<div class=\"pb-md-3 pb-4\">\n<div class=\"pds__accordion-wrapper\">\n<div id=\"pds__accordion-material-properties-wrapper\" class=\"pds__accordion-material-properties-multi-target collapse show\" data-partial-multi-target=\"true\" data-parent=\"#pds__accordion-material-properties\">\n<div class=\"pb-4\">\n<div class=\"overflow-hidden\">\n<div class=\"wysiwyg\">\n<p>Robuste et rafra\u00eechissant : le T-SHIRT 150 COOL CLIMB LOCAL pour homme combine deux fibres naturelles aux meilleures propri\u00e9t\u00e9s pour les randonn\u00e9es estivales.<\/p>\n<p>La douce laine m\u00e9rinos r\u00e9gule la temp\u00e9rature et l&#8217;humidit\u00e9, tandis que la fibre de cellulose TENCEL\u2122 Lyocell, fabriqu\u00e9e de mani\u00e8re durable, est capable de rafra\u00eechir par temps chaud gr\u00e2ce \u00e0 sa surface lisse et \u00e0 l&#8217;\u00e9vaporation qui en r\u00e9sulte. Ces deux mati\u00e8res premi\u00e8res renouvelables sont combin\u00e9es avec la technologie BETASPUN. Les filaments de polyamide sont g\u00e9n\u00e9reusement enroul\u00e9s autour d&#8217;un noyau de laine m\u00e9rinos et de Tencel\u2122 Lyocell, ce qui rend le tissu particuli\u00e8rement robuste et r\u00e9sistant \u00e0 l&#8217;abrasion.  <\/p>\n<p>Inspir\u00e9 par la nature, con\u00e7u pour les sports de montagne.<\/p>\n<\/div>\n<div id=\"pds__accordion-material-properties-heading\" class=\"mb-4 mb-md-35\">\n<h3 class=\"pds__accordion-headline p-relative cursor-pointer p-0 m-0\"><span class=\"d-block p-0 accordion js-accordion-custom-toggle js-accordion-custom-toggle--hide-on-collapse\" tabindex=\"0\" role=\"button\" data-collapse=\"false\" data-target=\"#pds__accordion-material-properties-wrapper\" data-multitarget-disabled-mobile=\"\" aria-expanded=\"true\" aria-controls=\"pds__accordion-material-properties-wrapper\"><span class=\"d-flex justify-content-between align-items-center\"><span class=\"word-break-word\">Caract\u00e9ristiques du mat\u00e9riau<\/span><i class=\"accordion__icon pds__accordion-icon icon\"><\/i><\/span><\/span><\/h3>\n<\/div>\n<div class=\"pds__accordion-wrapper\">\n<div id=\"pds__accordion-material-properties-wrapper\" class=\"pds__accordion-material-properties-multi-target collapse show\" data-partial-multi-target=\"true\" data-parent=\"#pds__accordion-material-properties\">\n<div class=\"pb-4\">\n<div class=\"overflow-hidden\">\n<div class=\"wysiwyg\">\n<ul>\n<li>150 MERINO COOL : Durable, TECHNOLOGIE BETASPUN BY \u00a9 S\u00dcDWOLLE GROUP : mat\u00e9riau plus robuste et r\u00e9sistant aux d\u00e9chirures, Fibres TENCEL\u2122 Lyocell : sensation de sec naturelle gr\u00e2ce \u00e0 la r\u00e9gulation de l&#8217;humidit\u00e9<\/li>\n<\/ul>\n<\/div>\n<p>&nbsp;<\/p>\n<\/div>\n<\/div>\n<\/div>\n<\/div>\n<\/div>\n<\/div>\n<\/div>\n<\/div>\n<\/div>\n<\/div>\n<\/div>\n<\/div>\n<\/div>\n<\/div>\n<\/div>\n","protected":false},"excerpt":{"rendered":"<p>T-shirt robuste et rafra\u00eechissant en laine m\u00e9rinos Robuste et rafra\u00eechissant : le T-SHIRT 150 COOL CLIMB LOCAL pour homme combine<\/p>\n","protected":false},"featured_media":655345,"template":"","meta":{"_seopress_robots_primary_cat":"none","_seopress_titles_title":"","_seopress_titles_desc":"","_seopress_robots_index":""},"product_brand":[3664],"product_cat":[81,981,982],"product_tag":[],"class_list":{"0":"post-669217","1":"product","2":"type-product","3":"status-publish","4":"has-post-thumbnail","6":"product_brand-ortovox-fr","7":"product_cat-vetements","8":"product_cat-vetements-de-loisirs","9":"product_cat-vetements-pour-hommes","10":"sws-gruppo-abb-libero-fr","11":"sws-conto-ricavi-merci-rivendita-abbigliamento-fr","12":"sws-gruppo-iva-iva81-fr","14":"first","15":"instock","16":"sale","17":"shipping-taxable","18":"purchasable","19":"product-type-variable","20":"has-default-attributes"},"_links":{"self":[{"href":"https:\/\/lucacastelli.com\/fr\/wp-json\/wp\/v2\/product\/669217","targetHints":{"allow":["GET"]}}],"collection":[{"href":"https:\/\/lucacastelli.com\/fr\/wp-json\/wp\/v2\/product"}],"about":[{"href":"https:\/\/lucacastelli.com\/fr\/wp-json\/wp\/v2\/types\/product"}],"wp:featuredmedia":[{"embeddable":true,"href":"https:\/\/lucacastelli.com\/fr\/wp-json\/wp\/v2\/media\/655345"}],"wp:attachment":[{"href":"https:\/\/lucacastelli.com\/fr\/wp-json\/wp\/v2\/media?parent=669217"}],"wp:term":[{"taxonomy":"product_brand","embeddable":true,"href":"https:\/\/lucacastelli.com\/fr\/wp-json\/wp\/v2\/product_brand?post=669217"},{"taxonomy":"product_cat","embeddable":true,"href":"https:\/\/lucacastelli.com\/fr\/wp-json\/wp\/v2\/product_cat?post=669217"},{"taxonomy":"product_tag","embeddable":true,"href":"https:\/\/lucacastelli.com\/fr\/wp-json\/wp\/v2\/product_tag?post=669217"}],"curies":[{"name":"wp","href":"https:\/\/api.w.org\/{rel}","templated":true}]}}