{"id":669201,"date":"2025-11-27T13:32:12","date_gmt":"2025-11-27T12:32:12","guid":{"rendered":"https:\/\/lucacastelli.com\/prodotto\/calendrier-de-lavent-milwaukee\/"},"modified":"2025-11-27T13:32:12","modified_gmt":"2025-11-27T12:32:12","slug":"calendrier-de-lavent-milwaukee","status":"publish","type":"product","link":"https:\/\/lucacastelli.com\/fr\/produit\/calendrier-de-lavent-milwaukee\/","title":{"rendered":"Calendrier de l&#8217;Avent Milwaukee"},"content":{"rendered":"<p><u><strong>Caract\u00e9ristiques du produit :<\/strong><\/u><\/p>\n<p>Cette \u00e9dition limit\u00e9e est id\u00e9ale pour tous les artisans et les passionn\u00e9s de Milwaukee. Riche en outils manuels et accessoires exclusifs, dont certains ne sont disponibles que dans ce calendrier, il vous accompagnera pendant la p\u00e9riode de l&#8217;Avent avec des surprises de haute qualit\u00e9. <\/p>\n<p>Format sp\u00e9cial de l&#8217;Avent : 5 fen\u00eatres pour des moments sp\u00e9ciaux : le calendrier s&#8217;ouvre chaque dimanche de l&#8217;Avent et le 24 d\u00e9cembre. Chaque dimanche apporte une surprise de haute qualit\u00e9 et la veille de No\u00ebl vous r\u00e9serve un moment sp\u00e9cial. Parfait pour augmenter l&#8217;attente de No\u00ebl !  <\/p>\n<p>Contenu du calendrier de l&#8217;Avent Milwaukee 2025 : ouvre-bouteille TOOLGUARD\u2122, \u00e9dition limit\u00e9e (4932500164) couteau pliant compact FASTBACK\u2122 (4932471356) set de embouts r\u00e9sistants aux chocs SHOCKWAVE\u2122, 15 pi\u00e8ces (4932430904) Cliquet micro 7 en 1 (4932498792) Mug isotherme PACKOUT\u2122 de 355 ml avec couvercle, noir (4932498978)<\/p>\n<p><b><u>Donn\u00e9es techniques : <\/u><\/b>Nombre de fen\u00eatres : 5 \u2013 une pour chaque dimanche de l&#8217;Avent et la veille de No\u00ebl \u00c9dition limit\u00e9e : disponible uniquement dans cette \u00e9dition<\/p>\n","protected":false},"excerpt":{"rendered":"<p>Caract\u00e9ristiques du produit : Cette \u00e9dition limit\u00e9e est id\u00e9ale pour tous les artisans et les passionn\u00e9s de Milwaukee. Riche en<\/p>\n","protected":false},"featured_media":651235,"template":"","meta":{"_seopress_robots_primary_cat":"none","_seopress_titles_title":"","_seopress_titles_desc":"","_seopress_robots_index":""},"product_brand":[3407],"product_cat":[5416,29,514,549,550,33],"product_tag":[],"class_list":{"0":"post-669201","1":"product","2":"type-product","3":"status-publish","4":"has-post-thumbnail","6":"product_brand-milwaukee","7":"product_cat-utensili-per-officina","8":"product_cat-macchinari","9":"product_cat-altri-dispositivi","10":"product_cat-trapani-e-avvitatori","11":"product_cat-accessori-per-trapani-ed-avvitatori","12":"product_cat-attrezzature","13":"sws-gruppo-macchinari-fr","14":"sws-conto-ricavi-merci-rivendita-macchinari-fr","15":"sws-gruppo-iva-iva81-fr","17":"first","18":"instock","19":"shipping-taxable","20":"purchasable","21":"product-type-simple"},"_links":{"self":[{"href":"https:\/\/lucacastelli.com\/fr\/wp-json\/wp\/v2\/product\/669201","targetHints":{"allow":["GET"]}}],"collection":[{"href":"https:\/\/lucacastelli.com\/fr\/wp-json\/wp\/v2\/product"}],"about":[{"href":"https:\/\/lucacastelli.com\/fr\/wp-json\/wp\/v2\/types\/product"}],"wp:featuredmedia":[{"embeddable":true,"href":"https:\/\/lucacastelli.com\/fr\/wp-json\/wp\/v2\/media\/651235"}],"wp:attachment":[{"href":"https:\/\/lucacastelli.com\/fr\/wp-json\/wp\/v2\/media?parent=669201"}],"wp:term":[{"taxonomy":"product_brand","embeddable":true,"href":"https:\/\/lucacastelli.com\/fr\/wp-json\/wp\/v2\/product_brand?post=669201"},{"taxonomy":"product_cat","embeddable":true,"href":"https:\/\/lucacastelli.com\/fr\/wp-json\/wp\/v2\/product_cat?post=669201"},{"taxonomy":"product_tag","embeddable":true,"href":"https:\/\/lucacastelli.com\/fr\/wp-json\/wp\/v2\/product_tag?post=669201"}],"curies":[{"name":"wp","href":"https:\/\/api.w.org\/{rel}","templated":true}]}}