{"id":669176,"date":"2025-12-02T13:28:16","date_gmt":"2025-12-02T12:28:16","guid":{"rendered":"https:\/\/lucacastelli.com\/prodotto\/ortovox-westalpen-softshell-pants\/"},"modified":"2025-12-02T13:28:16","modified_gmt":"2025-12-02T12:28:16","slug":"ortovox-westalpen-softshell-pants","status":"publish","type":"product","link":"https:\/\/lucacastelli.com\/fr\/produit\/ortovox-westalpen-softshell-pants\/","title":{"rendered":"ORTOVOX WESTALPEN SOFTSHELL PANTS"},"content":{"rendered":"<h3>Pantalon softshell technique et robuste pour la randonn\u00e9e en haute altitude<\/h3>\n<p>Des travers\u00e9es ensoleill\u00e9es de glaciers aux ascensions par temps de temp\u00eate, l&#8217;alpinisme sur neige et glace exige une grande capacit\u00e9 d&#8217;adaptation. La r\u00e9ponse est la VESTE SOFTSHELL WESTALPEN pour homme, avec un m\u00e9lange innovant de mat\u00e9riaux avec laine m\u00e9rinos qui combine respirabilit\u00e9 et r\u00e9sistance. Fiable \u00e0 100 %, pour vous permettre de vous consacrer enti\u00e8rement \u00e0 la montagne.  <\/p>\n<p>Le m\u00e9lange de mat\u00e9riaux \u00e9lastiques MERINO NATURETEC et les inserts robustes MERINO NATURETEC RIPS dans la zone du genou rendent ce pantalon extr\u00eamement r\u00e9sistant, respirant et confortable. Le rev\u00eatement int\u00e9rieur en laine m\u00e9rinos garantit un confort maximal, tandis que le tissu ext\u00e9rieur robuste est d\u00e9perlant et coupe-vent. <\/p>\n<p>Particuli\u00e8rement ing\u00e9nieux est le syst\u00e8me Quick-Gaiter, qui remplace compl\u00e8tement la gu\u00eatre. Gr\u00e2ce \u00e0 une structure en tunnel, il est possible d&#8217;ajuster l&#8217;ourlet simplement et rapidement, afin de le fermer parfaitement sur la chaussure de montagne. Une boucle en Dyneema\u00ae r\u00e9sistante \u00e0 l&#8217;abrasion et un crochet pour le lacet maintiennent le pantalon en place pendant la marche.  <\/p>\n<p>Parmi les autres caract\u00e9ristiques con\u00e7ues pour les alpinistes, on trouve les pare-pierres en Dyneema\u00ae-CORDURA\u00ae, les zips de ventilation lat\u00e9raux, la zone des genoux pr\u00e9form\u00e9e et la taille r\u00e9glable en largeur.<\/p>\n<p>Le WESTALPEN SOFTSHELL PANTS pour homme est sans PFC et \u00e0 impact climatique neutre.<\/p>\n","protected":false},"excerpt":{"rendered":"<p>Pantalon softshell technique et robuste pour la randonn\u00e9e en haute altitude Des travers\u00e9es ensoleill\u00e9es de glaciers aux ascensions par temps<\/p>\n","protected":false},"featured_media":655255,"template":"","meta":{"_seopress_robots_primary_cat":"none","_seopress_titles_title":"","_seopress_titles_desc":"","_seopress_robots_index":""},"product_brand":[3664],"product_cat":[81,981,982],"product_tag":[],"class_list":{"0":"post-669176","1":"product","2":"type-product","3":"status-publish","4":"has-post-thumbnail","6":"product_brand-ortovox-fr","7":"product_cat-vetements","8":"product_cat-vetements-de-loisirs","9":"product_cat-vetements-pour-hommes","10":"sws-gruppo-abb-libero-fr","11":"sws-conto-ricavi-merci-rivendita-abbigliamento-fr","12":"sws-gruppo-iva-iva81-fr","14":"first","15":"instock","16":"sale","17":"shipping-taxable","18":"purchasable","19":"product-type-variable","20":"has-default-attributes"},"_links":{"self":[{"href":"https:\/\/lucacastelli.com\/fr\/wp-json\/wp\/v2\/product\/669176","targetHints":{"allow":["GET"]}}],"collection":[{"href":"https:\/\/lucacastelli.com\/fr\/wp-json\/wp\/v2\/product"}],"about":[{"href":"https:\/\/lucacastelli.com\/fr\/wp-json\/wp\/v2\/types\/product"}],"wp:featuredmedia":[{"embeddable":true,"href":"https:\/\/lucacastelli.com\/fr\/wp-json\/wp\/v2\/media\/655255"}],"wp:attachment":[{"href":"https:\/\/lucacastelli.com\/fr\/wp-json\/wp\/v2\/media?parent=669176"}],"wp:term":[{"taxonomy":"product_brand","embeddable":true,"href":"https:\/\/lucacastelli.com\/fr\/wp-json\/wp\/v2\/product_brand?post=669176"},{"taxonomy":"product_cat","embeddable":true,"href":"https:\/\/lucacastelli.com\/fr\/wp-json\/wp\/v2\/product_cat?post=669176"},{"taxonomy":"product_tag","embeddable":true,"href":"https:\/\/lucacastelli.com\/fr\/wp-json\/wp\/v2\/product_tag?post=669176"}],"curies":[{"name":"wp","href":"https:\/\/api.w.org\/{rel}","templated":true}]}}