{"id":669115,"date":"2025-12-02T13:08:52","date_gmt":"2025-12-02T12:08:52","guid":{"rendered":"https:\/\/lucacastelli.com\/prodotto\/veste-softshell-ortovox-westalpen\/"},"modified":"2026-01-19T22:19:46","modified_gmt":"2026-01-19T21:19:46","slug":"veste-softshell-ortovox-westalpen","status":"publish","type":"product","link":"https:\/\/lucacastelli.com\/fr\/produit\/veste-softshell-ortovox-westalpen\/","title":{"rendered":"VESTE SOFTSHELL ORTOVOX WESTALPEN"},"content":{"rendered":"<h3>Veste softshell technique et robuste pour le trekking en haute altitude<\/h3>\n<p>&nbsp;<\/p>\n<p>Des travers\u00e9es ensoleill\u00e9es de glaciers aux ascensions par temps de temp\u00eate, l&#8217;alpinisme sur neige et glace exige une grande capacit\u00e9 d&#8217;adaptation. La r\u00e9ponse est la VESTE SOFTSHELL WESTALPEN pour homme, avec un m\u00e9lange innovant de mat\u00e9riaux avec laine m\u00e9rinos qui combine respirabilit\u00e9 et r\u00e9sistance. Fiable \u00e0 100 %, pour vous permettre de vous consacrer enti\u00e8rement \u00e0 la montagne.  <\/p>\n<p>Sur les avant-bras et les flancs, des renforts robustes en MERINO NATURETEC RIPS prot\u00e8gent contre les \u00e9ventuelles abrasions et dommages. Le mat\u00e9riau MERINO NATURETEC est utilis\u00e9 dans les zones moins expos\u00e9es et garantit respirabilit\u00e9, libert\u00e9 de mouvement et un climat confortable pendant vos excursions. <\/p>\n<p>Lorsque vous utilisez le piolet sur les parois rocheuses ou glac\u00e9es escarp\u00e9es, la coupe High Reach Performance, avec des manches \u00e0 la coupe plus longue et un buste long, accompagne les amples mouvements des bras. La capuche compatible avec le casque se r\u00e8gle rapidement d&#8217;un simple geste et, avec les poignets et l&#8217;ourlet r\u00e9glables en largeur, garantit une protection maximale contre les intemp\u00e9ries. Les doux inserts en Merino Mesh au menton assurent un confort agr\u00e9able.  <\/p>\n<p>Une autre caract\u00e9ristique pratique est que, gr\u00e2ce \u00e0 la fermeture \u00e9clair bidirectionnelle, vous pourrez acc\u00e9der facilement au baudrier d&#8217;escalade \u00e0 tout moment. Deux poches strat\u00e9giques sur la poitrine vous permettent d&#8217;avoir rapidement \u00e0 port\u00e9e de main t\u00e9l\u00e9phone portable, en-cas et autres. <\/p>\n<p>La VESTE SOFTSHELL WESTALPEN pour homme est produite en Europe \u00e0 impact z\u00e9ro.<\/p>\n<p>&nbsp;<\/p>\n<div id=\"pds__accordion-features-heading\" class=\"mb-4 mb-md-35\">\n<h3 class=\"pds__accordion-headline p-relative cursor-pointer p-0 m-0\"><span class=\"d-block p-0 accordion js-accordion-custom-toggle js-accordion-custom-toggle--hide-on-collapse\" tabindex=\"0\" role=\"button\" data-collapse=\"false\" data-target=\"#pds__accordion-features-wrapper\" data-multitarget-disabled-mobile=\"\" aria-expanded=\"true\" aria-controls=\"pds__accordion-features-wrapper\"><span class=\"d-flex justify-content-between align-items-center\"><span class=\"word-break-word\">Caract\u00e9ristiques<\/span><i class=\"accordion__icon pds__accordion-icon icon\"><\/i><\/span><\/span><\/h3>\n<\/div>\n<div class=\"pds__accordion-wrapper\">\n<div id=\"pds__accordion-features-wrapper\" class=\"pds__accordion-features-multi-target collapse show\" data-partial-multi-target=\"true\" data-parent=\"#pds__accordion-features\">\n<div class=\"pb-4\">\n<div class=\"overflow-hidden\">\n<div class=\"wysiwyg\">\n<ul>\n<li>Capuche r\u00e9glable<\/li>\n<li>Inserts en mesh m\u00e9rinos zone menton<\/li>\n<li>2 poches poitrine<\/li>\n<li>Doublure de poche en mesh avec fonction de ventilation<\/li>\n<li>Fermeture \u00e9clair frontale \u00e0 double curseur<\/li>\n<li>Manches r\u00e9glables en longueur<\/li>\n<li>R\u00e9glage de la largeur de la taille<\/li>\n<li>Coupe r\u00e9guli\u00e8re<\/li>\n<\/ul>\n<\/div>\n<\/div>\n<div id=\"pds__accordion-material-properties-heading\" class=\"mb-4 mb-md-35\">\n<h3 class=\"pds__accordion-headline p-relative cursor-pointer p-0 m-0\"><span class=\"d-block p-0 accordion js-accordion-custom-toggle js-accordion-custom-toggle--hide-on-collapse\" tabindex=\"0\" role=\"button\" data-collapse=\"false\" data-target=\"#pds__accordion-material-properties-wrapper\" data-multitarget-disabled-mobile=\"\" aria-expanded=\"true\" aria-controls=\"pds__accordion-material-properties-wrapper\"><span class=\"d-flex justify-content-between align-items-center\"><span class=\"word-break-word\">Caract\u00e9ristiques du mat\u00e9riau<\/span><i class=\"accordion__icon pds__accordion-icon icon\"><\/i><\/span><\/span><\/h3>\n<\/div>\n<div class=\"pds__accordion-wrapper\">\n<div id=\"pds__accordion-material-properties-wrapper\" class=\"pds__accordion-material-properties-multi-target collapse show\" data-partial-multi-target=\"true\" data-parent=\"#pds__accordion-material-properties\">\n<div class=\"pb-4\">\n<div class=\"overflow-hidden\">\n<div class=\"wysiwyg\">\n<ul>\n<li>MERINO NATURETEC : \u00e9lastique, hydrofuge et coupe-vent, hautement respirant<\/li>\n<li>MERINO NATURETEC RIPS : particuli\u00e8rement robuste, haute r\u00e9sistance \u00e0 l&#8217;abrasion (&gt; 100 000 cycles d&#8217;abrasion au test Martindale)<\/li>\n<li>Laine m\u00e9rinos au contact de la peau<\/li>\n<\/ul>\n<\/div>\n<\/div>\n<p>MAT\u00c9RIAU PRINCIPAL 1 : NATURETEC : 86 % polyamide, 7 % laine (M\u00c9RINOS), 7 % \u00e9lasthanne<\/p>\n<p>MAT\u00c9RIAU PRINCIPAL 2 : NATURETEC RIPS : 85 % polyamide + 9 % laine (M\u00c9RINOS) + 6 % \u00e9lasthanne<\/p>\n<\/div>\n<\/div>\n<\/div>\n<\/div>\n<\/div>\n<\/div>\n","protected":false},"excerpt":{"rendered":"<p>Veste softshell technique et robuste pour le trekking en haute altitude &nbsp; Des travers\u00e9es ensoleill\u00e9es de glaciers aux ascensions par<\/p>\n","protected":false},"featured_media":655230,"template":"","meta":{"_seopress_robots_primary_cat":"","_seopress_titles_title":"","_seopress_titles_desc":"","_seopress_robots_index":""},"product_brand":[3664],"product_cat":[81,981,982],"product_tag":[],"class_list":{"0":"post-669115","1":"product","2":"type-product","3":"status-publish","4":"has-post-thumbnail","6":"product_brand-ortovox-fr","7":"product_cat-vetements","8":"product_cat-vetements-de-loisirs","9":"product_cat-vetements-pour-hommes","10":"sws-gruppo-abb-libero-fr","11":"sws-conto-ricavi-merci-rivendita-abbigliamento-fr","12":"sws-gruppo-iva-iva81-fr","14":"first","15":"instock","16":"sale","17":"shipping-taxable","18":"purchasable","19":"product-type-variable","20":"has-default-attributes"},"_links":{"self":[{"href":"https:\/\/lucacastelli.com\/fr\/wp-json\/wp\/v2\/product\/669115","targetHints":{"allow":["GET"]}}],"collection":[{"href":"https:\/\/lucacastelli.com\/fr\/wp-json\/wp\/v2\/product"}],"about":[{"href":"https:\/\/lucacastelli.com\/fr\/wp-json\/wp\/v2\/types\/product"}],"wp:featuredmedia":[{"embeddable":true,"href":"https:\/\/lucacastelli.com\/fr\/wp-json\/wp\/v2\/media\/655230"}],"wp:attachment":[{"href":"https:\/\/lucacastelli.com\/fr\/wp-json\/wp\/v2\/media?parent=669115"}],"wp:term":[{"taxonomy":"product_brand","embeddable":true,"href":"https:\/\/lucacastelli.com\/fr\/wp-json\/wp\/v2\/product_brand?post=669115"},{"taxonomy":"product_cat","embeddable":true,"href":"https:\/\/lucacastelli.com\/fr\/wp-json\/wp\/v2\/product_cat?post=669115"},{"taxonomy":"product_tag","embeddable":true,"href":"https:\/\/lucacastelli.com\/fr\/wp-json\/wp\/v2\/product_tag?post=669115"}],"curies":[{"name":"wp","href":"https:\/\/api.w.org\/{rel}","templated":true}]}}