{"id":669104,"date":"2025-12-02T11:53:28","date_gmt":"2025-12-02T10:53:28","guid":{"rendered":"https:\/\/lucacastelli.com\/prodotto\/ortovox-pala-shorts\/"},"modified":"2025-12-02T11:53:28","modified_gmt":"2025-12-02T10:53:28","slug":"ortovox-pala-shorts","status":"publish","type":"product","link":"https:\/\/lucacastelli.com\/fr\/produit\/ortovox-pala-shorts\/","title":{"rendered":"ORTOVOX PALA SHORTS"},"content":{"rendered":"<h3>Short \u00e0 coupe athl\u00e9tique extr\u00eamement r\u00e9sistant, fabriqu\u00e9 en mati\u00e8re stretch et con\u00e7u pour l&#8217;escalade en milieu alpin<\/h3>\n<p>Les tours massives et bizarres de San Martino s\u2019\u00e9l\u00e8vent du plateau rocheux. Quiconque grimpe ici sur le massif le plus m\u00e9ridional des Dolomites a besoin de nerfs solides &#8211; et d\u2019un mat\u00e9riel tout aussi solide. Nous avons con\u00e7u notre ligne MERINO SHIELD TEC sp\u00e9cialement pour ces longues randonn\u00e9es alpines !  <\/p>\n<p>Le mat\u00e9riau ext\u00e9rieur extr\u00eamement r\u00e9sistant \u00e0 l&#8217;abrasion du PALA SHORTS homme d\u00e9passe 50 000 cycles de frottement au test Martindale, qui v\u00e9rifie la r\u00e9sistance \u00e0 l&#8217;abrasion. Le mat\u00e9riau stretch quadri-\u00e9lastique permet une libert\u00e9 de mouvement maximale, soutenue par une coupe athl\u00e9tique et une zone genou pr\u00e9form\u00e9e. Gr\u00e2ce \u00e0 sa structure sans membrane, le PALA SHORTS homme est particuli\u00e8rement respirant, tandis que la fine laine m\u00e9rinos \u00e0 l&#8217;int\u00e9rieur et le MERINO MESH \u00e0 la taille garantissent un confort \u00e9lev\u00e9. Gr\u00e2ce aux poches sup\u00e9rieures optimis\u00e9es pour le baudrier et le sac \u00e0 dos et \u00e0 la poche porte-carte, tout le n\u00e9cessaire sera toujours \u00e0 port\u00e9e de main. La possibilit\u00e9 de r\u00e9gler la ceinture garantit un ajustement optimal \u00e0 chaque mouvement. Pour le bien de l&#8217;environnement, toute la gamme MERINO SHIELD TEC est \u00e9galement enti\u00e8rement sans PFC et \u00e0 impact climatique z\u00e9ro avec compensation CO2.     <\/p>\n<p>Avec son look moderne, le PALA PANTS homme est capable d&#8217;affronter de longues escalades sur les hautes parois rocheuses.<\/p>\n<p><span style=\"color: #1b1919;font-size: 22px\">Caract\u00e9ristiques<\/span><\/p>\n<div class=\"pds__accordion-wrapper\">\n<div id=\"pds__accordion-features-wrapper\" class=\"pds__accordion-features-multi-target collapse show\" data-partial-multi-target=\"true\" data-parent=\"#pds__accordion-features\">\n<div class=\"pb-4\">\n<div class=\"overflow-hidden\">\n<div class=\"wysiwyg\">\n<ul>\n<li>Bord r\u00e9glable<\/li>\n<li>Inserts mesh m\u00e9rinos dans la zone de la ceinture<\/li>\n<li>2 poches sup\u00e9rieures<\/li>\n<li>1 poche arri\u00e8re avec fermeture \u00e9clair<\/li>\n<li>Genou moul\u00e9<\/li>\n<li>Coupe r\u00e9guli\u00e8re<\/li>\n<\/ul>\n<p><span style=\"color: #1b1919;font-size: 22px\">Caract\u00e9ristiques du mat\u00e9riau<\/span><\/p>\n<\/div>\n<\/div>\n<\/div>\n<\/div>\n<\/div>\n<div class=\"pds__accordion-wrapper\">\n<div id=\"pds__accordion-material-properties-wrapper\" class=\"pds__accordion-material-properties-multi-target collapse show\" data-partial-multi-target=\"true\" data-parent=\"#pds__accordion-material-properties\">\n<div class=\"pb-4\">\n<div class=\"overflow-hidden\">\n<div class=\"wysiwyg\">\n<ul>\n<li>Grande r\u00e9sistance \u00e0 l&#8217;abrasion : &gt; 50 000 cycles de frottement au test Martindale<\/li>\n<li>Tissu quadri-\u00e9lastique<\/li>\n<li>Respirabilit\u00e9<\/li>\n<li>L\u00e9ger<\/li>\n<li>S\u00e9chage rapide<\/li>\n<li>D\u00e9perlant gr\u00e2ce au rev\u00eatement DWR sans PFC<\/li>\n<li>M\u00e9rinos inside<\/li>\n<li>Sans PFC : l&#8217;eau et la salet\u00e9 glissent sur la peau<\/li>\n<\/ul>\n<p>MATI\u00c8RE PRINCIPALE : 74 % polyamide + 15 % laine (MERINO OWP) + 11 % INSERTS en \u00e9lasthanne : 91 % polyamide + \u00e9lasthanne 9 %<\/p>\n<\/div>\n<\/div>\n<\/div>\n<\/div>\n<\/div>\n","protected":false},"excerpt":{"rendered":"<p>Short \u00e0 coupe athl\u00e9tique extr\u00eamement r\u00e9sistant, fabriqu\u00e9 en mati\u00e8re stretch et con\u00e7u pour l&#8217;escalade en milieu alpin Les tours massives<\/p>\n","protected":false},"featured_media":655165,"template":"","meta":{"_seopress_robots_primary_cat":"none","_seopress_titles_title":"","_seopress_titles_desc":"","_seopress_robots_index":""},"product_brand":[3664],"product_cat":[81,981,982],"product_tag":[],"class_list":{"0":"post-669104","1":"product","2":"type-product","3":"status-publish","4":"has-post-thumbnail","6":"product_brand-ortovox-fr","7":"product_cat-vetements","8":"product_cat-vetements-de-loisirs","9":"product_cat-vetements-pour-hommes","10":"sws-gruppo-abb-libero-fr","11":"sws-conto-ricavi-merci-rivendita-abbigliamento-fr","12":"sws-gruppo-iva-iva81-fr","14":"first","15":"instock","16":"sale","17":"shipping-taxable","18":"purchasable","19":"product-type-variable","20":"has-default-attributes"},"_links":{"self":[{"href":"https:\/\/lucacastelli.com\/fr\/wp-json\/wp\/v2\/product\/669104","targetHints":{"allow":["GET"]}}],"collection":[{"href":"https:\/\/lucacastelli.com\/fr\/wp-json\/wp\/v2\/product"}],"about":[{"href":"https:\/\/lucacastelli.com\/fr\/wp-json\/wp\/v2\/types\/product"}],"wp:featuredmedia":[{"embeddable":true,"href":"https:\/\/lucacastelli.com\/fr\/wp-json\/wp\/v2\/media\/655165"}],"wp:attachment":[{"href":"https:\/\/lucacastelli.com\/fr\/wp-json\/wp\/v2\/media?parent=669104"}],"wp:term":[{"taxonomy":"product_brand","embeddable":true,"href":"https:\/\/lucacastelli.com\/fr\/wp-json\/wp\/v2\/product_brand?post=669104"},{"taxonomy":"product_cat","embeddable":true,"href":"https:\/\/lucacastelli.com\/fr\/wp-json\/wp\/v2\/product_cat?post=669104"},{"taxonomy":"product_tag","embeddable":true,"href":"https:\/\/lucacastelli.com\/fr\/wp-json\/wp\/v2\/product_tag?post=669104"}],"curies":[{"name":"wp","href":"https:\/\/api.w.org\/{rel}","templated":true}]}}