{"id":669059,"date":"2025-12-19T10:18:26","date_gmt":"2025-12-19T09:18:26","guid":{"rendered":"https:\/\/lucacastelli.com\/prodotto\/carte-cadeau-la-liberte-de-choisir\/"},"modified":"2025-12-22T10:31:14","modified_gmt":"2025-12-22T09:31:14","slug":"carte-cadeau-la-liberte-de-choisir","status":"publish","type":"product","link":"https:\/\/lucacastelli.com\/fr\/produit\/carte-cadeau-la-liberte-de-choisir\/","title":{"rendered":"Carte-cadeau &#8211; La libert\u00e9 de choisir"},"content":{"rendered":"<p data-path-to-node=\"2\">Avec notre <b data-path-to-node=\"2\" data-index-in-node=\"14\">Carte-cadeau<\/b>, vous ne vous trompez jamais de taille ou de couleur ! C&#8217;est l&#8217;id\u00e9e parfaite pour les anniversaires, les f\u00eates ou simplement pour faire une surprise, laissant au destinataire le plaisir de choisir ce qu&#8217;il aime vraiment dans notre catalogue. <\/p>\n<p data-path-to-node=\"3\">Disponible en diff\u00e9rentes <b data-path-to-node=\"3\" data-index-in-node=\"23\">valeurs<\/b>, la carte s&#8217;adapte \u00e0 tous les budgets et besoins. Choisissez parmi les montants disponibles et personnalisez votre cadeau en quelques clics. Pratique, \u00e9l\u00e9gante et imm\u00e9diate : offrez un sourire sans stress.  <\/p>\n<p data-path-to-node=\"3\">Si vous souhaitez une Carte-cadeau d&#8217;une valeur sp\u00e9cifique non indiqu\u00e9e, vous pouvez acheter autant de Cartes que n\u00e9cessaire pour atteindre le montant d\u00e9sir\u00e9 et indiquer dans les observations que vous souhaitez une seule Carte.<\/p>\n<p data-path-to-node=\"3\">Notre Carte-cadeau vous sera envoy\u00e9e \u00e0 votre adresse sous forme de Carte Alphanum\u00e9rique.<\/p>\n","protected":false},"excerpt":{"rendered":"<p>Avec notre Carte-cadeau, vous ne vous trompez jamais de taille ou de couleur ! C&#8217;est l&#8217;id\u00e9e parfaite pour les anniversaires,<\/p>\n","protected":false},"featured_media":669062,"template":"","meta":{"_seopress_robots_primary_cat":"none","_seopress_titles_title":"","_seopress_titles_desc":"","_seopress_robots_index":""},"product_brand":[3652],"product_cat":[1477],"product_tag":[],"class_list":{"0":"post-669059","1":"product","2":"type-product","3":"status-publish","4":"has-post-thumbnail","6":"product_brand-luca-castelli-legnami-fr","7":"product_cat-shop-fr","8":"sws-gruppo-iva-iva81-fr","10":"first","11":"instock","12":"shipping-taxable","13":"purchasable","14":"product-type-variable"},"_links":{"self":[{"href":"https:\/\/lucacastelli.com\/fr\/wp-json\/wp\/v2\/product\/669059","targetHints":{"allow":["GET"]}}],"collection":[{"href":"https:\/\/lucacastelli.com\/fr\/wp-json\/wp\/v2\/product"}],"about":[{"href":"https:\/\/lucacastelli.com\/fr\/wp-json\/wp\/v2\/types\/product"}],"wp:featuredmedia":[{"embeddable":true,"href":"https:\/\/lucacastelli.com\/fr\/wp-json\/wp\/v2\/media\/669062"}],"wp:attachment":[{"href":"https:\/\/lucacastelli.com\/fr\/wp-json\/wp\/v2\/media?parent=669059"}],"wp:term":[{"taxonomy":"product_brand","embeddable":true,"href":"https:\/\/lucacastelli.com\/fr\/wp-json\/wp\/v2\/product_brand?post=669059"},{"taxonomy":"product_cat","embeddable":true,"href":"https:\/\/lucacastelli.com\/fr\/wp-json\/wp\/v2\/product_cat?post=669059"},{"taxonomy":"product_tag","embeddable":true,"href":"https:\/\/lucacastelli.com\/fr\/wp-json\/wp\/v2\/product_tag?post=669059"}],"curies":[{"name":"wp","href":"https:\/\/api.w.org\/{rel}","templated":true}]}}