{"id":665107,"date":"2025-12-16T16:43:51","date_gmt":"2025-12-16T15:43:51","guid":{"rendered":"https:\/\/lucacastelli.com\/prodotto\/pfanner-trolley\/"},"modified":"2026-03-13T13:13:39","modified_gmt":"2026-03-13T12:13:39","slug":"pfanner-trolley","status":"publish","type":"product","link":"https:\/\/lucacastelli.com\/fr\/produit\/pfanner-trolley\/","title":{"rendered":"PFANNER Trolley"},"content":{"rendered":"<p>Fabriqu\u00e9 en polyester robuste avec rev\u00eatement hydrofuge et anti-taches, le trolley PFANNER\u00ae r\u00e9siste aux conditions les plus difficiles. Gr\u00e2ce \u00e0 sa structure, la valise tient debout seule et offre une manipulation ais\u00e9e \u00e0 tout moment gr\u00e2ce aux poign\u00e9es lat\u00e9rales et \u00e0 la poign\u00e9e t\u00e9lescopique extractible. Une poche ext\u00e9rieure suppl\u00e9mentaire avec surface velcro pour patch permet un marquage individuel ou une personnalisation.<br \/>\n-Capacit\u00e9 de 110 litres<br \/>\n-Tissu en polyester r\u00e9sistant avec rev\u00eatement hydrofuge et anti-taches<br \/>\n-Roues grandes et robustes, id\u00e9ales pour terrains irr\u00e9guliers<br \/>\n-Design autoportant pour un remplissage pratique<br \/>\n-Compartiments int\u00e9rieurs et poches ext\u00e9rieures, incluant des compartiments pour documents<br \/>\n-Sangles de compression pour s\u00e9curiser le contenu<br \/>\n-Poign\u00e9es lat\u00e9rales et poign\u00e9e t\u00e9lescopique pour une manipulation facile<br \/>\n-Surface velcro pour personnalisation avec patches  <\/p>\n<p>Mat\u00e9riau : 100% polyester avec rev\u00eatement PU<br \/>\nTailles : taille unique<\/p>\n","protected":false},"excerpt":{"rendered":"<p>Fabriqu\u00e9 en polyester robuste avec rev\u00eatement hydrofuge et anti-taches, le trolley PFANNER\u00ae r\u00e9siste aux conditions les plus difficiles. Gr\u00e2ce \u00e0<\/p>\n","protected":false},"featured_media":665108,"template":"","meta":{"_seopress_robots_primary_cat":"none","_seopress_titles_title":"","_seopress_titles_desc":"","_seopress_robots_index":""},"product_brand":[3669],"product_cat":[81,981,1390,144],"product_tag":[],"class_list":{"0":"post-665107","1":"product","2":"type-product","3":"status-publish","4":"has-post-thumbnail","6":"product_brand-pfanner-fr","7":"product_cat-vetements","8":"product_cat-vetements-de-loisirs","9":"product_cat-accessoires-dhabillement","10":"product_cat-equipement","11":"sws-gruppo-no-gruppo-fr","12":"sws-conto-ricavi-merci-rivendita-abbigliamento-fr","13":"sws-gruppo-iva-iva81-fr","15":"first","16":"instock","17":"sale","18":"shipping-taxable","19":"purchasable","20":"product-type-simple"},"_links":{"self":[{"href":"https:\/\/lucacastelli.com\/fr\/wp-json\/wp\/v2\/product\/665107","targetHints":{"allow":["GET"]}}],"collection":[{"href":"https:\/\/lucacastelli.com\/fr\/wp-json\/wp\/v2\/product"}],"about":[{"href":"https:\/\/lucacastelli.com\/fr\/wp-json\/wp\/v2\/types\/product"}],"wp:featuredmedia":[{"embeddable":true,"href":"https:\/\/lucacastelli.com\/fr\/wp-json\/wp\/v2\/media\/665108"}],"wp:attachment":[{"href":"https:\/\/lucacastelli.com\/fr\/wp-json\/wp\/v2\/media?parent=665107"}],"wp:term":[{"taxonomy":"product_brand","embeddable":true,"href":"https:\/\/lucacastelli.com\/fr\/wp-json\/wp\/v2\/product_brand?post=665107"},{"taxonomy":"product_cat","embeddable":true,"href":"https:\/\/lucacastelli.com\/fr\/wp-json\/wp\/v2\/product_cat?post=665107"},{"taxonomy":"product_tag","embeddable":true,"href":"https:\/\/lucacastelli.com\/fr\/wp-json\/wp\/v2\/product_tag?post=665107"}],"curies":[{"name":"wp","href":"https:\/\/api.w.org\/{rel}","templated":true}]}}