{"id":665073,"date":"2025-12-04T15:07:06","date_gmt":"2025-12-04T14:07:06","guid":{"rendered":"https:\/\/lucacastelli.com\/prodotto\/pfanner-dry-workbag\/"},"modified":"2026-03-13T12:54:58","modified_gmt":"2026-03-13T11:54:58","slug":"pfanner-dry-workbag","status":"publish","type":"product","link":"https:\/\/lucacastelli.com\/fr\/produit\/pfanner-dry-workbag\/","title":{"rendered":"PFANNER\u00ae Dry Workbag"},"content":{"rendered":"<p>Notre nouveau sac \u00e0 dos convainc avec un volume de 45 litres, des supports polyvalents pour gourdes, outils et votre casque PROTOS<sup>\u00ae<\/sup>. Plusieurs poches ext\u00e9rieures zipp\u00e9es offrent de l&#8217;espace pour les petits objets, tandis que le syst\u00e8me de portage ergonomique avec bretelles rembourr\u00e9es et dos matelass\u00e9 respirant assure un confort maximal. Gr\u00e2ce \u00e0 la fermeture roll-top, le volume du sac est flexible et prot\u00e9g\u00e9 \u00e0 100 % contre toutes les conditions m\u00e9t\u00e9orologiques.  <\/p>\n<p>&#8211; Supports polyvalents pour gourdes, outils et votre casque PROTOS\u00ae<\/p>\n<p>&#8211; Plusieurs poches ext\u00e9rieures zipp\u00e9es pour petits objets, marqueurs, gants ou m\u00e8tre ruban<\/p>\n<p>&#8211; Volume de 45 litres<\/p>\n<p>&#8211; Syst\u00e8me de portage ergonomique avec bretelles rembourr\u00e9es et dos matelass\u00e9 respirant<\/p>\n<p>&#8211; Sangles de transport amovibles et repliables<\/p>\n<p>&#8211; Fermeture roll-top pour un volume de chargement flexible et une protection 100 % \u00e9tanche<\/p>\n<p>Mat\u00e9riau : 46 % TPU, 43 % nylon, 11 % PU<\/p>\n<p>Dimensions : 45 litres<\/p>\n","protected":false},"excerpt":{"rendered":"<p>Notre nouveau sac \u00e0 dos convainc avec un volume de 45 litres, des supports polyvalents pour gourdes, outils et votre<\/p>\n","protected":false},"featured_media":665076,"template":"","meta":{"_seopress_robots_primary_cat":"","_seopress_titles_title":"","_seopress_titles_desc":"","_seopress_robots_index":""},"product_brand":[3669],"product_cat":[1390,1702,1496,144,1397,1408,81],"product_tag":[],"class_list":{"0":"post-665073","1":"product","2":"type-product","3":"status-publish","4":"has-post-thumbnail","6":"product_brand-pfanner-fr","7":"product_cat-accessoires-dhabillement","8":"product_cat-autres","9":"product_cat-autres-equipements-de-travail","10":"product_cat-equipement","11":"product_cat-equipement-de-travail","12":"product_cat-equipements-de-loisirs","13":"product_cat-vetements","14":"sws-gruppo-no-gruppo","15":"sws-conto-ricavi-merci-rivendita-abbigliamento","16":"sws-gruppo-iva-iva81","18":"first","19":"instock","20":"shipping-taxable","21":"purchasable","22":"product-type-simple"},"_links":{"self":[{"href":"https:\/\/lucacastelli.com\/fr\/wp-json\/wp\/v2\/product\/665073","targetHints":{"allow":["GET"]}}],"collection":[{"href":"https:\/\/lucacastelli.com\/fr\/wp-json\/wp\/v2\/product"}],"about":[{"href":"https:\/\/lucacastelli.com\/fr\/wp-json\/wp\/v2\/types\/product"}],"wp:featuredmedia":[{"embeddable":true,"href":"https:\/\/lucacastelli.com\/fr\/wp-json\/wp\/v2\/media\/665076"}],"wp:attachment":[{"href":"https:\/\/lucacastelli.com\/fr\/wp-json\/wp\/v2\/media?parent=665073"}],"wp:term":[{"taxonomy":"product_brand","embeddable":true,"href":"https:\/\/lucacastelli.com\/fr\/wp-json\/wp\/v2\/product_brand?post=665073"},{"taxonomy":"product_cat","embeddable":true,"href":"https:\/\/lucacastelli.com\/fr\/wp-json\/wp\/v2\/product_cat?post=665073"},{"taxonomy":"product_tag","embeddable":true,"href":"https:\/\/lucacastelli.com\/fr\/wp-json\/wp\/v2\/product_tag?post=665073"}],"curies":[{"name":"wp","href":"https:\/\/api.w.org\/{rel}","templated":true}]}}