{"id":665041,"date":"2025-12-04T16:17:32","date_gmt":"2025-12-04T15:17:32","guid":{"rendered":"https:\/\/lucacastelli.com\/prodotto\/pfanner-veste-impermeable-cama\/"},"modified":"2025-12-04T16:17:32","modified_gmt":"2025-12-04T15:17:32","slug":"pfanner-veste-impermeable-cama","status":"publish","type":"product","link":"https:\/\/lucacastelli.com\/fr\/produit\/pfanner-veste-impermeable-cama\/","title":{"rendered":"PFANNER Veste imperm\u00e9able Cama"},"content":{"rendered":"<p>Veste imperm\u00e9able Cama : fiable, fonctionnelle et durable.<br \/>\nLa veste imperm\u00e9able 3 couches Cama offre une protection professionnelle contre les intemp\u00e9ries en toute situation. Avec une colonne d&#8217;eau de 20 000 mm et une respirabilit\u00e9 de 20 000 g\/m\u00b2 \/ 24 h, elle reste imperm\u00e9able m\u00eame par forte pluie, tout en restant agr\u00e9ablement respirante. Finition de haute qualit\u00e9 et d\u00e9tails bien pens\u00e9s.<br \/>\n&#8211; Capuche, taille et poignets r\u00e9glables pour un ajustement optimal<br \/>\n&#8211; Deux poches lat\u00e9rales et une poche int\u00e9rieure sur la poitrine pour ranger les objets en s\u00e9curit\u00e9<br \/>\n&#8211; Finition sans PFAS pour des performances \u00e9coresponsables<br \/>\n&#8211; Fermetures \u00e9clair \u00e9tanches et hydrofuges  <\/p>\n<p>Mati\u00e8re : 100 % polyester, membrane PU<\/p>\n","protected":false},"excerpt":{"rendered":"<p>Veste imperm\u00e9able Cama : fiable, fonctionnelle et durable. La veste imperm\u00e9able 3 couches Cama offre une protection professionnelle contre les<\/p>\n","protected":false},"featured_media":665052,"template":"","meta":{"_seopress_robots_primary_cat":"none","_seopress_titles_title":"","_seopress_titles_desc":"","_seopress_robots_index":""},"product_brand":[3669],"product_cat":[81,981,982],"product_tag":[],"class_list":{"0":"post-665041","1":"product","2":"type-product","3":"status-publish","4":"has-post-thumbnail","6":"product_brand-pfanner-fr","7":"product_cat-vetements","8":"product_cat-vetements-de-loisirs","9":"product_cat-vetements-pour-hommes","10":"sws-gruppo-no-gruppo-fr","11":"sws-conto-ricavi-merci-rivendita-abbigliamento-fr","12":"sws-gruppo-iva-iva81-fr","14":"first","15":"instock","16":"shipping-taxable","17":"purchasable","18":"product-type-variable","19":"has-default-attributes"},"_links":{"self":[{"href":"https:\/\/lucacastelli.com\/fr\/wp-json\/wp\/v2\/product\/665041","targetHints":{"allow":["GET"]}}],"collection":[{"href":"https:\/\/lucacastelli.com\/fr\/wp-json\/wp\/v2\/product"}],"about":[{"href":"https:\/\/lucacastelli.com\/fr\/wp-json\/wp\/v2\/types\/product"}],"wp:featuredmedia":[{"embeddable":true,"href":"https:\/\/lucacastelli.com\/fr\/wp-json\/wp\/v2\/media\/665052"}],"wp:attachment":[{"href":"https:\/\/lucacastelli.com\/fr\/wp-json\/wp\/v2\/media?parent=665041"}],"wp:term":[{"taxonomy":"product_brand","embeddable":true,"href":"https:\/\/lucacastelli.com\/fr\/wp-json\/wp\/v2\/product_brand?post=665041"},{"taxonomy":"product_cat","embeddable":true,"href":"https:\/\/lucacastelli.com\/fr\/wp-json\/wp\/v2\/product_cat?post=665041"},{"taxonomy":"product_tag","embeddable":true,"href":"https:\/\/lucacastelli.com\/fr\/wp-json\/wp\/v2\/product_tag?post=665041"}],"curies":[{"name":"wp","href":"https:\/\/api.w.org\/{rel}","templated":true}]}}