{"id":665037,"date":"2025-12-09T16:33:19","date_gmt":"2025-12-09T15:33:19","guid":{"rendered":"https:\/\/lucacastelli.com\/prodotto\/traineau-de-debardage-portable\/"},"modified":"2025-12-09T16:33:19","modified_gmt":"2025-12-09T15:33:19","slug":"traineau-de-debardage-portable","status":"publish","type":"product","link":"https:\/\/lucacastelli.com\/fr\/produit\/traineau-de-debardage-portable\/","title":{"rendered":"Tra\u00eeneau de d\u00e9bardage portable"},"content":{"rendered":"<p>Le tra\u00eeneau de d\u00e9bardage Portable Winch est un outil indispensable pour les petits travaux d&#8217;abattage. Le tra\u00eeneau emp\u00eache les billes de s&#8217;accrocher aux racines, souches et autres obstacles. Gr\u00e2ce \u00e0 la grande stabilit\u00e9 de sa coque elliptique, le tra\u00eeneau glisse le long du bois abattu sans endommager les jeunes plants. Fabriqu\u00e9 en plastique haute performance, le tra\u00eeneau est l\u00e9ger, flexible et pratiquement indestructible. Gr\u00e2ce \u00e0 sa large ouverture, il peut transporter simultan\u00e9ment des billes jusqu&#8217;\u00e0 50 cm de diam\u00e8tre ou plusieurs petites billes attach\u00e9es avec une cha\u00eene d&#8217;\u00e9lingage. La friction au sol est consid\u00e9rablement r\u00e9duite, permettant de transporter des charges plus lourdes. Le tra\u00eeneau peut \u00eatre utilis\u00e9 derri\u00e8re un v\u00e9hicule tout-terrain, une motoneige, un petit tracteur ou m\u00eame un cheval, en toute saison, car il r\u00e9siste \u00e0 des \u00e9carts de temp\u00e9rature jusqu&#8217;\u00e0 30 degr\u00e9s.<br \/>\nPoids : 5,1 kg<br \/>\nDimensions : 67 cm x 64 cm<br \/>\nDiam\u00e8tre : 50,8 cm      <\/p>\n<p>&nbsp;<\/p>\n<h3>Description<\/h3>\n<p>Le tra\u00eeneau de d\u00e9bardage Portable Winch est un outil indispensable pour les petits travaux d&#8217;abattage.<\/p>\n<p>CARACT\u00c9RISTIQUES<\/p>\n<p>Mat\u00e9riau : fabriqu\u00e9 en polym\u00e8re plastique haute performance<\/p>\n","protected":false},"excerpt":{"rendered":"<p>Le tra\u00eeneau de d\u00e9bardage Portable Winch est un outil indispensable pour les petits travaux d&#8217;abattage. Le tra\u00eeneau emp\u00eache les billes<\/p>\n","protected":false},"featured_media":659727,"template":"","meta":{"_seopress_robots_primary_cat":"none","_seopress_titles_title":"","_seopress_titles_desc":"","_seopress_robots_index":""},"product_brand":[6633],"product_cat":[33,537],"product_tag":[],"class_list":{"0":"post-665037","1":"product","2":"type-product","3":"status-publish","4":"has-post-thumbnail","6":"product_brand-portable-winch","7":"product_cat-attrezzature","8":"product_cat-attrezzatura-da-lavoro","9":"sws-gruppo-attrezz-fr","10":"sws-conto-ricavi-merci-rivendita-macchinari-fr","11":"sws-gruppo-iva-iva81-fr","13":"first","14":"instock","15":"shipping-taxable","16":"purchasable","17":"product-type-simple"},"_links":{"self":[{"href":"https:\/\/lucacastelli.com\/fr\/wp-json\/wp\/v2\/product\/665037","targetHints":{"allow":["GET"]}}],"collection":[{"href":"https:\/\/lucacastelli.com\/fr\/wp-json\/wp\/v2\/product"}],"about":[{"href":"https:\/\/lucacastelli.com\/fr\/wp-json\/wp\/v2\/types\/product"}],"wp:featuredmedia":[{"embeddable":true,"href":"https:\/\/lucacastelli.com\/fr\/wp-json\/wp\/v2\/media\/659727"}],"wp:attachment":[{"href":"https:\/\/lucacastelli.com\/fr\/wp-json\/wp\/v2\/media?parent=665037"}],"wp:term":[{"taxonomy":"product_brand","embeddable":true,"href":"https:\/\/lucacastelli.com\/fr\/wp-json\/wp\/v2\/product_brand?post=665037"},{"taxonomy":"product_cat","embeddable":true,"href":"https:\/\/lucacastelli.com\/fr\/wp-json\/wp\/v2\/product_cat?post=665037"},{"taxonomy":"product_tag","embeddable":true,"href":"https:\/\/lucacastelli.com\/fr\/wp-json\/wp\/v2\/product_tag?post=665037"}],"curies":[{"name":"wp","href":"https:\/\/api.w.org\/{rel}","templated":true}]}}