{"id":664929,"date":"2025-12-15T10:00:21","date_gmt":"2025-12-15T09:00:21","guid":{"rendered":"https:\/\/lucacastelli.com\/prodotto\/crampons-distel-en-aluminium-3-1-weaver\/"},"modified":"2025-12-15T10:00:21","modified_gmt":"2025-12-15T09:00:21","slug":"crampons-distel-en-aluminium-3-1-weaver","status":"publish","type":"product","link":"https:\/\/lucacastelli.com\/fr\/produit\/crampons-distel-en-aluminium-3-1-weaver\/","title":{"rendered":"Crampons Distel en aluminium 3.1 Weaver"},"content":{"rendered":"<p>Ces crampons sont \u00e9quip\u00e9s d&#8217;une sangle robuste en cuir synth\u00e9tique sur le pied, particuli\u00e8rement r\u00e9sistante \u00e0 la r\u00e9sine et aux copeaux de bois. Ils sont compatibles avec toutes les pointes de rechange disponibles. Poids 2150 g.  <\/p>\n<p>Informations sur l&#8217;article<\/p>\n<p>La troisi\u00e8me version des c\u00e9l\u00e8bres crampons en aluminium Weaver de Distel allie l\u00e9g\u00e8ret\u00e9 et confort pour une exp\u00e9rience d&#8217;escalade exceptionnelle. La tige en aluminium avec sa structure tridimensionnelle minimise le poids et permet de travailler longtemps sans fatigue. La section optimis\u00e9e et l&#8217;alliage plus r\u00e9sistant garantissent une capacit\u00e9 de charge \u00e9lev\u00e9e et une durabilit\u00e9 m\u00eame dans les conditions les plus difficiles. La tige droite transf\u00e8re de mani\u00e8re optimale la force appliqu\u00e9e au tronc et les nervures antid\u00e9rapantes sur le dessous offrent un soutien suppl\u00e9mentaire sur les branches.   <\/p>\n<p>En combinaison avec le large rembourrage optimis\u00e9, la coque pr\u00e9form\u00e9e s&#8217;adapte particuli\u00e8rement confortablement au mollet. La mousse de 20 mm d&#8217;\u00e9paisseur avec sa structure en grille r\u00e9duit les points de pression et amortit les chocs. De plus, la sangle velcro de 100 mm de large r\u00e9duit le risque de points de pression. Les crampons Distel Alu 3.1 Weaver ont une sangle robuste en cuir synth\u00e9tique sur le pied, particuli\u00e8rement r\u00e9sistante \u00e0 la r\u00e9sine et \u00e0 la sciure. Ils sont bien s\u00fbr compatibles avec toutes les pointes de rechange disponibles.    <\/p>\n<ul>\n<li>Tige en aluminium avec structure tridimensionnelle<\/li>\n<li>Capacit\u00e9 de charge et durabilit\u00e9 \u00e9lev\u00e9es<\/li>\n<li>Tige droite pour un transfert optimal de la force sur le tronc<\/li>\n<li>Nervures antid\u00e9rapantes sur le dessous<\/li>\n<li>Rembourrage large et optimis\u00e9 avec coque pr\u00e9form\u00e9e<\/li>\n<li>Mousse de 20 mm d&#8217;\u00e9paisseur avec structure en grille pour r\u00e9duire la pression et amortir les chocs<\/li>\n<li>Sangle velcro de 100 mm de large pour r\u00e9duire les points de pression<\/li>\n<li>Sangle robuste en cuir synth\u00e9tique sur le pied<\/li>\n<li>Circonf\u00e9rence du mollet r\u00e9glable de 31 \u00e0 50 cm<\/li>\n<li>Hauteur de tige r\u00e9glable individuellement de 34,3 \u00e0 47,8 cm<\/li>\n<li>Compatible avec toutes les pointes de rechange propos\u00e9es<\/li>\n<li>Poids 2150 g<\/li>\n<\/ul>\n","protected":false},"excerpt":{"rendered":"<p>Ces crampons sont \u00e9quip\u00e9s d&#8217;une sangle robuste en cuir synth\u00e9tique sur le pied, particuli\u00e8rement r\u00e9sistante \u00e0 la r\u00e9sine et aux<\/p>\n","protected":false},"featured_media":664939,"template":"","meta":{"_seopress_robots_primary_cat":"none","_seopress_titles_title":"","_seopress_titles_desc":"","_seopress_robots_index":""},"product_brand":[3414],"product_cat":[537,814],"product_tag":[],"class_list":{"0":"post-664929","1":"product","2":"type-product","3":"status-publish","4":"has-post-thumbnail","6":"product_brand-distel","7":"product_cat-attrezzatura-da-lavoro","8":"product_cat-imbraghi-e-materiale-di-sicurezza","9":"sws-gruppo-abb-libero-fr","10":"sws-conto-ricavi-merci-rivendita-abbigliamento-fr","11":"sws-gruppo-iva-iva81-fr","13":"first","14":"instock","15":"sale","16":"shipping-taxable","17":"purchasable","18":"product-type-variable"},"_links":{"self":[{"href":"https:\/\/lucacastelli.com\/fr\/wp-json\/wp\/v2\/product\/664929","targetHints":{"allow":["GET"]}}],"collection":[{"href":"https:\/\/lucacastelli.com\/fr\/wp-json\/wp\/v2\/product"}],"about":[{"href":"https:\/\/lucacastelli.com\/fr\/wp-json\/wp\/v2\/types\/product"}],"wp:featuredmedia":[{"embeddable":true,"href":"https:\/\/lucacastelli.com\/fr\/wp-json\/wp\/v2\/media\/664939"}],"wp:attachment":[{"href":"https:\/\/lucacastelli.com\/fr\/wp-json\/wp\/v2\/media?parent=664929"}],"wp:term":[{"taxonomy":"product_brand","embeddable":true,"href":"https:\/\/lucacastelli.com\/fr\/wp-json\/wp\/v2\/product_brand?post=664929"},{"taxonomy":"product_cat","embeddable":true,"href":"https:\/\/lucacastelli.com\/fr\/wp-json\/wp\/v2\/product_cat?post=664929"},{"taxonomy":"product_tag","embeddable":true,"href":"https:\/\/lucacastelli.com\/fr\/wp-json\/wp\/v2\/product_tag?post=664929"}],"curies":[{"name":"wp","href":"https:\/\/api.w.org\/{rel}","templated":true}]}}