{"id":664921,"date":"2025-12-04T18:05:34","date_gmt":"2025-12-04T17:05:34","guid":{"rendered":"https:\/\/lucacastelli.com\/prodotto\/dunlop-bottes-de-securite-dunlop-jobguard-full-safety-black-s5\/"},"modified":"2025-12-04T18:05:34","modified_gmt":"2025-12-04T17:05:34","slug":"dunlop-bottes-de-securite-dunlop-jobguard-full-safety-black-s5","status":"publish","type":"product","link":"https:\/\/lucacastelli.com\/fr\/produit\/dunlop-bottes-de-securite-dunlop-jobguard-full-safety-black-s5\/","title":{"rendered":"DUNLOP Bottes de s\u00e9curit\u00e9 DUNLOP JOBGUARD FULL SAFETY BLACK S5"},"content":{"rendered":"<p>Bottes de s\u00e9curit\u00e9 de chantier ACIFORT DUNLOP avec ajustement optimal de type sneaker.<\/p>\n<p>Tige : en plastique ACIFORT noir r\u00e9sistant aux alcalis et aux acides, renforts sur la tige, doublure l\u00e9g\u00e8re en maille, <b>ajustement optimal de type sneaker<\/b>, embout de protection en acier, hauteur 38 cm.<\/p>\n<p>Semelle : <b>semelle intercalaire en acier,<\/b> semelle en plastique ACIFORT noir r\u00e9sistant aux alcalis et aux acides, profil profond, antid\u00e9rapante et autonettoyante, r\u00e9sistante \u00e0 la chaleur jusqu&#8217;\u00e0 70 \u00b0C.<\/p>\n<p><b><strong>Pointures 39, 40, 41, 42, 43, 44, 45, 46, 47.<\/strong><\/b><\/p>\n<p>Poids de la paire en pointure 42 environ 2140 g.<\/p>\n","protected":false},"excerpt":{"rendered":"<p>Bottes de s\u00e9curit\u00e9 de chantier ACIFORT DUNLOP avec ajustement optimal de type sneaker. Tige : en plastique ACIFORT noir r\u00e9sistant<\/p>\n","protected":false},"featured_media":656790,"template":"","meta":{"_seopress_robots_primary_cat":"none","_seopress_titles_title":"","_seopress_titles_desc":"","_seopress_robots_index":""},"product_brand":[6632],"product_cat":[28,796],"product_tag":[],"class_list":{"0":"post-664921","1":"product","2":"type-product","3":"status-publish","4":"has-post-thumbnail","6":"product_brand-dunlop","7":"product_cat-calzature","8":"product_cat-calzature-da-lavoro","9":"sws-gruppo-abb-libero-fr","10":"sws-conto-ricavi-merci-rivendita-abbigliamento-fr","11":"sws-gruppo-iva-iva81-fr","13":"first","14":"instock","15":"shipping-taxable","16":"purchasable","17":"product-type-variable"},"_links":{"self":[{"href":"https:\/\/lucacastelli.com\/fr\/wp-json\/wp\/v2\/product\/664921","targetHints":{"allow":["GET"]}}],"collection":[{"href":"https:\/\/lucacastelli.com\/fr\/wp-json\/wp\/v2\/product"}],"about":[{"href":"https:\/\/lucacastelli.com\/fr\/wp-json\/wp\/v2\/types\/product"}],"wp:featuredmedia":[{"embeddable":true,"href":"https:\/\/lucacastelli.com\/fr\/wp-json\/wp\/v2\/media\/656790"}],"wp:attachment":[{"href":"https:\/\/lucacastelli.com\/fr\/wp-json\/wp\/v2\/media?parent=664921"}],"wp:term":[{"taxonomy":"product_brand","embeddable":true,"href":"https:\/\/lucacastelli.com\/fr\/wp-json\/wp\/v2\/product_brand?post=664921"},{"taxonomy":"product_cat","embeddable":true,"href":"https:\/\/lucacastelli.com\/fr\/wp-json\/wp\/v2\/product_cat?post=664921"},{"taxonomy":"product_tag","embeddable":true,"href":"https:\/\/lucacastelli.com\/fr\/wp-json\/wp\/v2\/product_tag?post=664921"}],"curies":[{"name":"wp","href":"https:\/\/api.w.org\/{rel}","templated":true}]}}