{"id":664903,"date":"2025-12-16T16:16:10","date_gmt":"2025-12-16T15:16:10","guid":{"rendered":"https:\/\/lucacastelli.com\/prodotto\/stihl-ms-500i-avec-guide-chaine-de-50-cm-et-3-chaines-de-rechange\/"},"modified":"2025-12-16T16:16:10","modified_gmt":"2025-12-16T15:16:10","slug":"stihl-ms-500i-avec-guide-chaine-de-50-cm-et-3-chaines-de-rechange","status":"publish","type":"product","link":"https:\/\/lucacastelli.com\/fr\/produit\/stihl-ms-500i-avec-guide-chaine-de-50-cm-et-3-chaines-de-rechange\/","title":{"rendered":"STIHL MS 500i avec guide-cha\u00eene de 50 cm et 3 cha\u00eenes de rechange"},"content":{"rendered":"<h2 class=\"product-details__title\">Tron\u00e7onneuse \u00e0 injection \u00e9lectronique<\/h2>\n<div class=\"product-details__description richtexteditor\">La premi\u00e8re tron\u00e7onneuse \u00e0 injection \u00e9lectronique STIHL Injection. Meilleur rapport poids\/puissance du march\u00e9. La structure l\u00e9g\u00e8re et l&#8217;excellente acc\u00e9l\u00e9ration permettent de r\u00e9colter et de travailler du bois de grande dimension. Griffes optimis\u00e9es, filtre HD-2 pour une filtration efficace, \u00e9crous imperdables sur le carter et couvercle de filtre sans outil, pompe \u00e0 huile \u00e0 d\u00e9bit r\u00e9glable pour une lubrification optimale, bouchons de r\u00e9servoir sans outil pour un remplissage facile et s\u00fbr. <\/div>\n<div><\/div>\n<div><\/div>\n<div><\/div>\n<table data-test-id=\"pdp-spec-tech-table\">\n<tbody>\n<tr>\n<td>Cylindr\u00e9e<\/td>\n<td>79,2 cm\u00b3<\/td>\n<\/tr>\n<tr>\n<td>Puissance<\/td>\n<td>5 kW<\/td>\n<\/tr>\n<tr>\n<td>Puissance<\/td>\n<td>6,80 ch<\/td>\n<\/tr>\n<tr>\n<td>Puissance<\/td>\n<td>6,70 ch<\/td>\n<\/tr>\n<tr>\n<td>CO2<\/td>\n<td>706 g\/kWh<\/td>\n<\/tr>\n<tr>\n<td>Poids sans carburant<\/td>\n<td>6,3 kg<\/td>\n<\/tr>\n<tr>\n<td>Poids du syst\u00e8me sans carburant<\/td>\n<td>7,57 \/ 7,88 \/ 8,02 \/ 7,56 kg<\/td>\n<\/tr>\n<tr>\n<td>Rapport poids\/puissance<\/td>\n<td>1,24 kg\/kW<\/td>\n<\/tr>\n<tr>\n<td>Longueur du guide-cha\u00eene<\/td>\n<td>50 \/ 63 \/ 71 cm<\/td>\n<\/tr>\n<tr>\n<td>Largeur de rainure<\/td>\n<td>1,60 mm<\/td>\n<\/tr>\n<tr>\n<td>Pas de cha\u00eene<\/td>\n<td>3\/8&#8243;<\/td>\n<\/tr>\n<tr>\n<td>Longueur avec griffe d&#8217;abattage<\/td>\n<td>468 mm<\/td>\n<\/tr>\n<tr>\n<td>Niveau de pression acoustique<\/td>\n<td>106 dB(A)<\/td>\n<\/tr>\n<tr>\n<td>Niveau de puissance acoustique<\/td>\n<td>117 dB(A)<\/td>\n<\/tr>\n<tr>\n<td>Niveau de vibration gauche<\/td>\n<td>4,2 m\/s\u00b2<\/td>\n<\/tr>\n<tr>\n<td>Niveau de vibration droite<\/td>\n<td>4 m\/s\u00b2<\/td>\n<\/tr>\n<\/tbody>\n<\/table>\n<p>&nbsp;<\/p>\n<p>Set compos\u00e9 de :<\/p>\n<p>1 tron\u00e7onneuse STIHL MS 500i avec guide-cha\u00eene de 50 cm<\/p>\n<p>3 cha\u00eenes 50 cm RS 36210000072<\/p>\n","protected":false},"excerpt":{"rendered":"<p>Tron\u00e7onneuse \u00e0 injection \u00e9lectronique La premi\u00e8re tron\u00e7onneuse \u00e0 injection \u00e9lectronique STIHL Injection. Meilleur rapport poids\/puissance du march\u00e9. La structure l\u00e9g\u00e8re<\/p>\n","protected":false},"featured_media":664846,"template":"","meta":{"_seopress_robots_primary_cat":"none","_seopress_titles_title":"","_seopress_titles_desc":"","_seopress_robots_index":""},"product_brand":[3555],"product_cat":[167,1604,1608],"product_tag":[],"class_list":{"0":"post-664903","1":"product","2":"type-product","3":"status-publish","4":"has-post-thumbnail","6":"product_brand-stihl-fr","7":"product_cat-machines","8":"product_cat-tronconneuses","9":"product_cat-tronconneuses-a-moteur","10":"sws-gruppo-macchinari-fr","11":"sws-conto-ricavi-merci-rivendita-macchinari-fr","12":"sws-gruppo-iva-iva81-fr","14":"first","15":"instock","16":"sale","17":"shipping-taxable","18":"purchasable","19":"product-type-simple"},"_links":{"self":[{"href":"https:\/\/lucacastelli.com\/fr\/wp-json\/wp\/v2\/product\/664903","targetHints":{"allow":["GET"]}}],"collection":[{"href":"https:\/\/lucacastelli.com\/fr\/wp-json\/wp\/v2\/product"}],"about":[{"href":"https:\/\/lucacastelli.com\/fr\/wp-json\/wp\/v2\/types\/product"}],"wp:featuredmedia":[{"embeddable":true,"href":"https:\/\/lucacastelli.com\/fr\/wp-json\/wp\/v2\/media\/664846"}],"wp:attachment":[{"href":"https:\/\/lucacastelli.com\/fr\/wp-json\/wp\/v2\/media?parent=664903"}],"wp:term":[{"taxonomy":"product_brand","embeddable":true,"href":"https:\/\/lucacastelli.com\/fr\/wp-json\/wp\/v2\/product_brand?post=664903"},{"taxonomy":"product_cat","embeddable":true,"href":"https:\/\/lucacastelli.com\/fr\/wp-json\/wp\/v2\/product_cat?post=664903"},{"taxonomy":"product_tag","embeddable":true,"href":"https:\/\/lucacastelli.com\/fr\/wp-json\/wp\/v2\/product_tag?post=664903"}],"curies":[{"name":"wp","href":"https:\/\/api.w.org\/{rel}","templated":true}]}}