{"id":664894,"date":"2025-12-16T14:08:57","date_gmt":"2025-12-16T13:08:57","guid":{"rendered":"https:\/\/lucacastelli.com\/prodotto\/stihl-ms-261-c-m-avec-guide-chaine-de-45-cm-et-3-chaines-de-rechange\/"},"modified":"2025-12-16T14:08:57","modified_gmt":"2025-12-16T13:08:57","slug":"stihl-ms-261-c-m-avec-guide-chaine-de-45-cm-et-3-chaines-de-rechange","status":"publish","type":"product","link":"https:\/\/lucacastelli.com\/fr\/produit\/stihl-ms-261-c-m-avec-guide-chaine-de-45-cm-et-3-chaines-de-rechange\/","title":{"rendered":"STIHL MS 261 C-M avec guide-cha\u00eene de 45 cm et 3 cha\u00eenes de rechange"},"content":{"rendered":"<h2 class=\"product-details__title\">Gestion enti\u00e8rement \u00e9lectronique du moteur M-Tronic<\/h2>\n<div class=\"product-details__description richtexteditor\">Tron\u00e7onneuse professionnelle l\u00e9g\u00e8re, maniable et puissante. Le dosage du carburant est ajust\u00e9 \u00e9lectroniquement et s\u2019adapte automatiquement aux conditions m\u00e9t\u00e9orologiques. \u00c9quip\u00e9 d\u2019un filtre HD2, d\u2019une pompe \u00e0 huile \u00e0 d\u00e9bit r\u00e9glable et de d\u00e9tails d\u2019\u00e9quipement sp\u00e9ciaux tels que le silencieux en acier inoxydable, des \u00e9crous anti-perte sur le couvercle de la bobine et un couvercle monobloc avec trois attaches rapides. Jusqu&#8217;\u00e0 20 % de consommation de carburant en moins et jusqu&#8217;\u00e0 50 % d&#8217;\u00e9missions nocives en moins par rapport aux moteurs deux temps STIHL de puissance \u00e9gale, mais sans la technologie 2-MIX.<\/div>\n<div><\/div>\n<div><\/div>\n<table data-test-id=\"pdp-spec-tech-table\">\n<tbody>\n<tr>\n<td>Cylindr\u00e9e<\/td>\n<td>50,2 cm\u00b3<\/td>\n<\/tr>\n<tr>\n<td>Puissance<\/td>\n<td>3 kW<\/td>\n<\/tr>\n<tr>\n<td>Puissance<\/td>\n<td>4,10 ch<\/td>\n<\/tr>\n<tr>\n<td>Puissance<\/td>\n<td>4 bhp<\/td>\n<\/tr>\n<tr>\n<td>CO2<\/td>\n<td>705 g\/kWh<\/td>\n<\/tr>\n<tr>\n<td>Poids \u00e0 vide sans carburant<\/td>\n<td>4,9 kg<\/td>\n<\/tr>\n<tr>\n<td>Poids du syst\u00e8me sans carburant<\/td>\n<td>5,80 \/ 5,92 kg<\/td>\n<\/tr>\n<tr>\n<td>Rapport poids\/puissance<\/td>\n<td>1,60 kg\/kW<\/td>\n<\/tr>\n<tr>\n<td>Longueur du guide-cha\u00eene<\/td>\n<td>40 \/ 45 cm<\/td>\n<\/tr>\n<tr>\n<td>Largeur de rainure<\/td>\n<td>1,30 mm<\/td>\n<\/tr>\n<tr>\n<td>Pas de cha\u00eene<\/td>\n<td>.325&#8243;<\/td>\n<\/tr>\n<tr>\n<td>Longueur de l&#8217;appareil avec griffe d&#8217;abattage<\/td>\n<td>448 mm<\/td>\n<\/tr>\n<tr>\n<td>Niveau de pression acoustique<\/td>\n<td>105 dB(A)<\/td>\n<\/tr>\n<tr>\n<td>Niveau de puissance acoustique<\/td>\n<td>114 dB(A)<\/td>\n<\/tr>\n<tr>\n<td>Valeur de vibration gauche<\/td>\n<td>3,5 m\/s\u00b2<\/td>\n<\/tr>\n<tr>\n<td>Valeur de vibration droite<\/td>\n<td>3,5 m\/s\u00b2<\/td>\n<\/tr>\n<\/tbody>\n<\/table>\n<p>&nbsp;<\/p>\n<p>Set compos\u00e9 de :<\/p>\n<p>1 pc MS 261 C-M avec longueur de coupe de 45 cm<\/p>\n<p>3 pcs cha\u00eenes de rechange RS 45 cm 36900000074<\/p>\n","protected":false},"excerpt":{"rendered":"<p>Gestion enti\u00e8rement \u00e9lectronique du moteur M-Tronic Tron\u00e7onneuse professionnelle l\u00e9g\u00e8re, maniable et puissante. Le dosage du carburant est ajust\u00e9 \u00e9lectroniquement et<\/p>\n","protected":false},"featured_media":664791,"template":"","meta":{"_seopress_robots_primary_cat":"none","_seopress_titles_title":"","_seopress_titles_desc":"","_seopress_robots_index":""},"product_brand":[3555],"product_cat":[167,1604,1608],"product_tag":[],"class_list":{"0":"post-664894","1":"product","2":"type-product","3":"status-publish","4":"has-post-thumbnail","6":"product_brand-stihl-fr","7":"product_cat-machines","8":"product_cat-tronconneuses","9":"product_cat-tronconneuses-a-moteur","10":"sws-gruppo-macchinari-fr","11":"sws-conto-ricavi-merci-rivendita-macchinari-fr","12":"sws-gruppo-iva-iva81-fr","14":"first","15":"instock","16":"sale","17":"shipping-taxable","18":"purchasable","19":"product-type-simple"},"_links":{"self":[{"href":"https:\/\/lucacastelli.com\/fr\/wp-json\/wp\/v2\/product\/664894","targetHints":{"allow":["GET"]}}],"collection":[{"href":"https:\/\/lucacastelli.com\/fr\/wp-json\/wp\/v2\/product"}],"about":[{"href":"https:\/\/lucacastelli.com\/fr\/wp-json\/wp\/v2\/types\/product"}],"wp:featuredmedia":[{"embeddable":true,"href":"https:\/\/lucacastelli.com\/fr\/wp-json\/wp\/v2\/media\/664791"}],"wp:attachment":[{"href":"https:\/\/lucacastelli.com\/fr\/wp-json\/wp\/v2\/media?parent=664894"}],"wp:term":[{"taxonomy":"product_brand","embeddable":true,"href":"https:\/\/lucacastelli.com\/fr\/wp-json\/wp\/v2\/product_brand?post=664894"},{"taxonomy":"product_cat","embeddable":true,"href":"https:\/\/lucacastelli.com\/fr\/wp-json\/wp\/v2\/product_cat?post=664894"},{"taxonomy":"product_tag","embeddable":true,"href":"https:\/\/lucacastelli.com\/fr\/wp-json\/wp\/v2\/product_tag?post=664894"}],"curies":[{"name":"wp","href":"https:\/\/api.w.org\/{rel}","templated":true}]}}