{"id":662393,"date":"2025-12-13T10:23:44","date_gmt":"2025-12-13T09:23:44","guid":{"rendered":"https:\/\/lucacastelli.com\/prodotto\/connexion-bast-ing-vallink\/"},"modified":"2025-12-13T10:23:44","modified_gmt":"2025-12-13T09:23:44","slug":"connexion-bast-ing-vallink","status":"publish","type":"product","link":"https:\/\/lucacastelli.com\/fr\/produit\/connexion-bast-ing-vallink\/","title":{"rendered":"Connexion BaSt-Ing ValLink"},"content":{"rendered":"<p>La connexion BastIng ValLink<\/p>\n<p>La connexion intelligente entre la visseuse \u00e0 chocs et le coin m\u00e9canique ValFast. Le ValLink se visse une seule fois sur la visseuse \u00e0 chocs. Gr\u00e2ce \u00e0 un tendeur excentrique, il est d\u00e9sormais possible de connecter rapidement la visseuse \u00e0 chocs et le ValFast.  <\/p>\n<p>Le coin du mandrin forme ainsi une seule unit\u00e9 et peut \u00eatre transport\u00e9 comme tel.<\/p>\n<p>De plus, la visseuse sans fil et donc le ValFast peuvent \u00eatre facilement contr\u00f4l\u00e9s avec le ruban forestier, ce qui permet de reculer de quelques m\u00e8tres lors de l&#8217;abattage de l&#8217;arbre, de sorte que les branches qui tombent sur le tronc ne repr\u00e9sentent plus un danger.<\/p>\n<p>En desserrant 2 vis, la connexion \u00e0 pince est retir\u00e9e et la visseuse \u00e0 chocs peut continuer \u00e0 \u00eatre utilis\u00e9e normalement.<\/p>\n<p>Types de visseuses \u00e0 chocs compatibles<\/p>\n<p>Makita DTW1001 &amp; 1002<\/p>\n<p>Milwaukee M18<\/p>\n<p>Makita TW001G<\/p>\n<p>Dewalt DCF899<\/p>\n<p>Bosch GDS18V-1050H<\/p>\n<h3>Description<\/h3>\n<p>Le coin m\u00e9canique d&#8217;abattage BaSt-Ing &#8220;ValFast&#8221; est utilis\u00e9 comme alternative au travail p\u00e9nible avec le coin dans la r\u00e9colte du bois. Gr\u00e2ce au coin \u00e0 vis, la hache ou le marteau peuvent rester \u00e0 la maison. <\/p>\n<p>Le coin est optimis\u00e9 pour une utilisation avec une visseuse \u00e0 chocs. ValFast utilise des paliers lisses au lieu de roulements \u00e0 billes ou \u00e0 rouleaux. Ceux-ci absorbent les forces axiales. Le coin peut \u00e9galement \u00eatre actionn\u00e9 avec une cl\u00e9 \u00e0 cliquet.   <\/p>\n<p>Avantages de l&#8217;utilisation d&#8217;un coin m\u00e9canique<\/p>\n<p>&#8211; Insertion du coin sans vibrations<\/p>\n<p>&#8211; Risque de chute du bois consid\u00e9rablement r\u00e9duit<\/p>\n<p>&#8211; Travail plus ergonomique gr\u00e2ce aux forces de levage \u00e9lev\u00e9es<\/p>\n<p>&#8211; S\u00e9curit\u00e9 accrue lors de l&#8217;abattage sur terrains en pente<\/p>\n<p>Fabriqu\u00e9 en Allemagne<\/p>\n","protected":false},"excerpt":{"rendered":"<p>La connexion BastIng ValLink La connexion intelligente entre la visseuse \u00e0 chocs et le coin m\u00e9canique ValFast. Le ValLink se<\/p>\n","protected":false},"featured_media":662396,"template":"","meta":{"_seopress_robots_primary_cat":"none","_seopress_titles_title":"","_seopress_titles_desc":"","_seopress_robots_index":""},"product_brand":[6636],"product_cat":[29,550,268,33,537],"product_tag":[],"class_list":{"0":"post-662393","1":"product","2":"type-product","3":"status-publish","4":"has-post-thumbnail","6":"product_brand-bast-ing","7":"product_cat-macchinari","8":"product_cat-accessori-per-trapani-ed-avvitatori","9":"product_cat-motoseghe","10":"product_cat-attrezzature","11":"product_cat-attrezzatura-da-lavoro","12":"sws-gruppo-macchinari-fr","13":"sws-conto-ricavi-merci-rivendita-macchinari-fr","14":"sws-gruppo-iva-iva81-fr","16":"first","17":"instock","18":"sale","19":"shipping-taxable","20":"purchasable","21":"product-type-simple"},"_links":{"self":[{"href":"https:\/\/lucacastelli.com\/fr\/wp-json\/wp\/v2\/product\/662393","targetHints":{"allow":["GET"]}}],"collection":[{"href":"https:\/\/lucacastelli.com\/fr\/wp-json\/wp\/v2\/product"}],"about":[{"href":"https:\/\/lucacastelli.com\/fr\/wp-json\/wp\/v2\/types\/product"}],"wp:featuredmedia":[{"embeddable":true,"href":"https:\/\/lucacastelli.com\/fr\/wp-json\/wp\/v2\/media\/662396"}],"wp:attachment":[{"href":"https:\/\/lucacastelli.com\/fr\/wp-json\/wp\/v2\/media?parent=662393"}],"wp:term":[{"taxonomy":"product_brand","embeddable":true,"href":"https:\/\/lucacastelli.com\/fr\/wp-json\/wp\/v2\/product_brand?post=662393"},{"taxonomy":"product_cat","embeddable":true,"href":"https:\/\/lucacastelli.com\/fr\/wp-json\/wp\/v2\/product_cat?post=662393"},{"taxonomy":"product_tag","embeddable":true,"href":"https:\/\/lucacastelli.com\/fr\/wp-json\/wp\/v2\/product_tag?post=662393"}],"curies":[{"name":"wp","href":"https:\/\/api.w.org\/{rel}","templated":true}]}}