{"id":662377,"date":"2025-12-12T11:46:48","date_gmt":"2025-12-12T10:46:48","guid":{"rendered":"https:\/\/lucacastelli.com\/prodotto\/coin-mecanique-forstreich-cuneo-tr30-aq\/"},"modified":"2025-12-12T11:46:48","modified_gmt":"2025-12-12T10:46:48","slug":"coin-mecanique-forstreich-cuneo-tr30-aq","status":"publish","type":"product","link":"https:\/\/lucacastelli.com\/fr\/produit\/coin-mecanique-forstreich-cuneo-tr30-aq\/","title":{"rendered":"Coin m\u00e9canique Forstreich Cuneo TR30 AQ"},"content":{"rendered":"<p>Le coin m\u00e9canique TR 30 AQ de Forstreich est la solution id\u00e9ale pour la coupe sans vibrations lors de la r\u00e9colte de bois lourd. La grande force de levage jusqu&#8217;\u00e0 25 t garantit d&#8217;importantes r\u00e9serves de puissance. Le coin d&#8217;abattage TR30AQ a \u00e9t\u00e9 sp\u00e9cialement con\u00e7u pour l&#8217;utilisation avec des visseuses \u00e0 batterie (3\/4&#8221; avec max. 1627 Nm). Il peut toutefois \u00e9galement \u00eatre utilis\u00e9 avec un cliquet standard avec douille de 22 mm.   <\/p>\n<p>Caract\u00e9ristiques techniques :<\/p>\n<ul>\n<li>Force de pression max. (t) : 25<\/li>\n<li>Masse (kg) : 4,2<\/li>\n<li>Longueur (mm) : 495<\/li>\n<li>Largeur (mm) : 80<\/li>\n<li>Hauteur (mm) : 100<\/li>\n<li>Couple max. (Nm) : 1627 Nm Cl\u00e9 \u00e0 douille de 22 mm<\/li>\n<\/ul>\n<p>\u00c9tendue de la fourniture :<\/p>\n<ul>\n<li>Manuel d&#8217;utilisation<\/li>\n<li>Marquage CE et KWF<\/li>\n<\/ul>\n","protected":false},"excerpt":{"rendered":"<p>Le coin m\u00e9canique TR 30 AQ de Forstreich est la solution id\u00e9ale pour la coupe sans vibrations lors de la<\/p>\n","protected":false},"featured_media":662378,"template":"","meta":{"_seopress_robots_primary_cat":"","_seopress_titles_title":"","_seopress_titles_desc":"","_seopress_robots_index":""},"product_brand":[6635],"product_cat":[29,550,268,33,537],"product_tag":[],"class_list":{"0":"post-662377","1":"product","2":"type-product","3":"status-publish","4":"has-post-thumbnail","6":"product_brand-forstreich","7":"product_cat-macchinari","8":"product_cat-accessori-per-trapani-ed-avvitatori","9":"product_cat-motoseghe","10":"product_cat-attrezzature","11":"product_cat-attrezzatura-da-lavoro","12":"sws-gruppo-macchinari-fr","13":"sws-conto-ricavi-merci-rivendita-macchinari-fr","14":"sws-gruppo-iva-iva81-fr","16":"first","17":"instock","18":"sale","19":"shipping-taxable","20":"purchasable","21":"product-type-simple"},"_links":{"self":[{"href":"https:\/\/lucacastelli.com\/fr\/wp-json\/wp\/v2\/product\/662377","targetHints":{"allow":["GET"]}}],"collection":[{"href":"https:\/\/lucacastelli.com\/fr\/wp-json\/wp\/v2\/product"}],"about":[{"href":"https:\/\/lucacastelli.com\/fr\/wp-json\/wp\/v2\/types\/product"}],"wp:featuredmedia":[{"embeddable":true,"href":"https:\/\/lucacastelli.com\/fr\/wp-json\/wp\/v2\/media\/662378"}],"wp:attachment":[{"href":"https:\/\/lucacastelli.com\/fr\/wp-json\/wp\/v2\/media?parent=662377"}],"wp:term":[{"taxonomy":"product_brand","embeddable":true,"href":"https:\/\/lucacastelli.com\/fr\/wp-json\/wp\/v2\/product_brand?post=662377"},{"taxonomy":"product_cat","embeddable":true,"href":"https:\/\/lucacastelli.com\/fr\/wp-json\/wp\/v2\/product_cat?post=662377"},{"taxonomy":"product_tag","embeddable":true,"href":"https:\/\/lucacastelli.com\/fr\/wp-json\/wp\/v2\/product_tag?post=662377"}],"curies":[{"name":"wp","href":"https:\/\/api.w.org\/{rel}","templated":true}]}}