{"id":662370,"date":"2025-12-12T11:47:53","date_gmt":"2025-12-12T10:47:53","guid":{"rendered":"https:\/\/lucacastelli.com\/prodotto\/coin-mecanique-dabattage-forstreich-cuneo-tr-27-hd\/"},"modified":"2025-12-12T11:47:53","modified_gmt":"2025-12-12T10:47:53","slug":"coin-mecanique-dabattage-forstreich-cuneo-tr-27-hd","status":"publish","type":"product","link":"https:\/\/lucacastelli.com\/fr\/produit\/coin-mecanique-dabattage-forstreich-cuneo-tr-27-hd\/","title":{"rendered":"Coin m\u00e9canique d&#8217;abattage Forstreich Cuneo TR 27 HD"},"content":{"rendered":"<p>Le coin m\u00e9canique Forstreich TR 27 HD est la solution id\u00e9ale pour la coupe sans vibrations dans la r\u00e9colte du bois. La grande force de levage jusqu&#8217;\u00e0 24 t garantit d&#8217;importantes r\u00e9serves de puissance pour les arbres de moyenne et grande \u00e9paisseur. Le coin de coupe TR 27 HD peut \u00eatre utilis\u00e9 avec des visseuses \u00e0 batterie (1\/2&#8243; avec max. 1500 Nm). Cependant, il peut \u00e9galement \u00eatre utilis\u00e9 avec une cl\u00e9 \u00e0 cliquet standard avec douille de 20 mm. Le bord arri\u00e8re du coin est arrondi, ce qui facilite le repositionnement du coin.<br \/>\n\u2013 Force de pression max. (t) : 24<br \/>\n\u2013 Poids (kg) : 2,9<br \/>\n\u2013 Longueur (mm) : 385<br \/>\n\u2013 Largeur (mm) : 80<br \/>\n\u2013 Hauteur (mm) : 80<br \/>\nContenu de l&#8217;emballage :<br \/>\n\u2013 Instructions d&#8217;utilisation<br \/>\n\u2013 Marquage CE et KWF   <\/p>\n","protected":false},"excerpt":{"rendered":"<p>Le coin m\u00e9canique Forstreich TR 27 HD est la solution id\u00e9ale pour la coupe sans vibrations dans la r\u00e9colte du<\/p>\n","protected":false},"featured_media":662371,"template":"","meta":{"_seopress_robots_primary_cat":"none","_seopress_titles_title":"","_seopress_titles_desc":"","_seopress_robots_index":""},"product_brand":[6635],"product_cat":[29,550,268,33,537],"product_tag":[],"class_list":{"0":"post-662370","1":"product","2":"type-product","3":"status-publish","4":"has-post-thumbnail","6":"product_brand-forstreich","7":"product_cat-macchinari","8":"product_cat-accessori-per-trapani-ed-avvitatori","9":"product_cat-motoseghe","10":"product_cat-attrezzature","11":"product_cat-attrezzatura-da-lavoro","12":"sws-gruppo-macchinari-fr","13":"sws-conto-ricavi-merci-rivendita-macchinari-fr","14":"sws-gruppo-iva-iva81-fr","16":"first","17":"instock","18":"sale","19":"shipping-taxable","20":"purchasable","21":"product-type-simple"},"_links":{"self":[{"href":"https:\/\/lucacastelli.com\/fr\/wp-json\/wp\/v2\/product\/662370","targetHints":{"allow":["GET"]}}],"collection":[{"href":"https:\/\/lucacastelli.com\/fr\/wp-json\/wp\/v2\/product"}],"about":[{"href":"https:\/\/lucacastelli.com\/fr\/wp-json\/wp\/v2\/types\/product"}],"wp:featuredmedia":[{"embeddable":true,"href":"https:\/\/lucacastelli.com\/fr\/wp-json\/wp\/v2\/media\/662371"}],"wp:attachment":[{"href":"https:\/\/lucacastelli.com\/fr\/wp-json\/wp\/v2\/media?parent=662370"}],"wp:term":[{"taxonomy":"product_brand","embeddable":true,"href":"https:\/\/lucacastelli.com\/fr\/wp-json\/wp\/v2\/product_brand?post=662370"},{"taxonomy":"product_cat","embeddable":true,"href":"https:\/\/lucacastelli.com\/fr\/wp-json\/wp\/v2\/product_cat?post=662370"},{"taxonomy":"product_tag","embeddable":true,"href":"https:\/\/lucacastelli.com\/fr\/wp-json\/wp\/v2\/product_tag?post=662370"}],"curies":[{"name":"wp","href":"https:\/\/api.w.org\/{rel}","templated":true}]}}