{"id":662359,"date":"2025-12-12T11:40:48","date_gmt":"2025-12-12T10:40:48","guid":{"rendered":"https:\/\/lucacastelli.com\/prodotto\/forstreich-coin-mecanique-dabattage-tr24-hd\/"},"modified":"2025-12-12T11:40:48","modified_gmt":"2025-12-12T10:40:48","slug":"forstreich-coin-mecanique-dabattage-tr24-hd","status":"publish","type":"product","link":"https:\/\/lucacastelli.com\/fr\/produit\/forstreich-coin-mecanique-dabattage-tr24-hd\/","title":{"rendered":"Forstreich Coin m\u00e9canique d&#8217;abattage TR24 HD"},"content":{"rendered":"<p>Le coin m\u00e9canique Forstreich TR24 HD est un coin avec une force d&#8217;expansion de 16 tonnes et un poids de 2,1 kg.<br \/>\nLe coin TR 24 HD est une v\u00e9ritable concentration de puissance et l&#8217;aide id\u00e9ale pour l&#8217;abattage d&#8217;arbres de moyen \u00e0 grand diam\u00e8tre. L&#8217;expansion sans vibrations et la force de levage \u00e9lev\u00e9e rendent l&#8217;abattage plus simple et surtout plus s\u00fbr. Cela est rendu possible gr\u00e2ce \u00e0 la broche filet\u00e9e fine et tr\u00e8s r\u00e9sistante. De plus, le coin d&#8217;abattage TR 24 HD se distingue par son poids r\u00e9duit. Utilisable avec des visseuses \u00e0 chocs sans fil de 300 \u00e0 1000 Nm.<br \/>\n\u2013 Force de pression max. (t) : 16<br \/>\n\u2013 Poids (kg) : 2,1<br \/>\n\u2013 Longueur (mm) : 355<br \/>\n\u2013 Largeur (mm) : 80<br \/>\n\u2013 Hauteur (mm) : 73<br \/>\n\u2013 Course \/ tour (mm) : 3<br \/>\nContenu de l&#8217;emballage :<br \/>\n\u2013 Mode d&#8217;emploi<br \/>\n\u2013 Marquage CE et KWF    <\/p>\n","protected":false},"excerpt":{"rendered":"<p>Le coin m\u00e9canique Forstreich TR24 HD est un coin avec une force d&#8217;expansion de 16 tonnes et un poids de<\/p>\n","protected":false},"featured_media":662360,"template":"","meta":{"_seopress_robots_primary_cat":"","_seopress_titles_title":"","_seopress_titles_desc":"","_seopress_robots_index":""},"product_brand":[6635],"product_cat":[29,515,268,33,537],"product_tag":[],"class_list":{"0":"post-662359","1":"product","2":"type-product","3":"status-publish","4":"has-post-thumbnail","6":"product_brand-forstreich","7":"product_cat-macchinari","8":"product_cat-accessori-e-materiale-di-consumo-altri-dispositivi","9":"product_cat-motoseghe","10":"product_cat-attrezzature","11":"product_cat-attrezzatura-da-lavoro","12":"sws-gruppo-macchinari-fr","13":"sws-conto-ricavi-merci-rivendita-macchinari-fr","14":"sws-gruppo-iva-iva81-fr","16":"first","17":"instock","18":"sale","19":"shipping-taxable","20":"purchasable","21":"product-type-simple"},"_links":{"self":[{"href":"https:\/\/lucacastelli.com\/fr\/wp-json\/wp\/v2\/product\/662359","targetHints":{"allow":["GET"]}}],"collection":[{"href":"https:\/\/lucacastelli.com\/fr\/wp-json\/wp\/v2\/product"}],"about":[{"href":"https:\/\/lucacastelli.com\/fr\/wp-json\/wp\/v2\/types\/product"}],"wp:featuredmedia":[{"embeddable":true,"href":"https:\/\/lucacastelli.com\/fr\/wp-json\/wp\/v2\/media\/662360"}],"wp:attachment":[{"href":"https:\/\/lucacastelli.com\/fr\/wp-json\/wp\/v2\/media?parent=662359"}],"wp:term":[{"taxonomy":"product_brand","embeddable":true,"href":"https:\/\/lucacastelli.com\/fr\/wp-json\/wp\/v2\/product_brand?post=662359"},{"taxonomy":"product_cat","embeddable":true,"href":"https:\/\/lucacastelli.com\/fr\/wp-json\/wp\/v2\/product_cat?post=662359"},{"taxonomy":"product_tag","embeddable":true,"href":"https:\/\/lucacastelli.com\/fr\/wp-json\/wp\/v2\/product_tag?post=662359"}],"curies":[{"name":"wp","href":"https:\/\/api.w.org\/{rel}","templated":true}]}}