{"id":662354,"date":"2025-12-10T17:47:05","date_gmt":"2025-12-10T16:47:05","guid":{"rendered":"https:\/\/lucacastelli.com\/prodotto\/eder-cable-de-traction-eder-spillwindenzugseil-8-mm-50-metres\/"},"modified":"2025-12-10T17:47:05","modified_gmt":"2025-12-10T16:47:05","slug":"eder-cable-de-traction-eder-spillwindenzugseil-8-mm-50-metres","status":"publish","type":"product","link":"https:\/\/lucacastelli.com\/fr\/produit\/eder-cable-de-traction-eder-spillwindenzugseil-8-mm-50-metres\/","title":{"rendered":"EDER C\u00e2ble de traction Eder Spillwindenzugseil 8 mm 50 m\u00e8tres"},"content":{"rendered":"<p>Le c\u00e2ble de traction pour treuil Eder de 8 mm en polyester est id\u00e9al pour l&#8217;utilisation avec le treuil Eder 500 B. Le c\u00e2ble statique a une charge de rupture de 2 400 kg.<\/p>\n<ul>\n<li>Force de traction admise 750 kg<\/li>\n<li>Charge de rupture 2 400 kg \/ 2 400 daN<\/li>\n<li>Avec capuchon d&#8217;un c\u00f4t\u00e9<\/li>\n<li>Fabriqu\u00e9 en Allemagne<\/li>\n<\/ul>\n","protected":false},"excerpt":{"rendered":"<p>Le c\u00e2ble de traction pour treuil Eder de 8 mm en polyester est id\u00e9al pour l&#8217;utilisation avec le treuil Eder<\/p>\n","protected":false},"featured_media":660446,"template":"","meta":{"_seopress_robots_primary_cat":"none","_seopress_titles_title":"","_seopress_titles_desc":"","_seopress_robots_index":""},"product_brand":[3627],"product_cat":[144,1397],"product_tag":[],"class_list":{"0":"post-662354","1":"product","2":"type-product","3":"status-publish","4":"has-post-thumbnail","6":"product_brand-eder-fr","7":"product_cat-equipement","8":"product_cat-equipement-de-travail","9":"sws-gruppo-macchinari-fr","10":"sws-conto-ricavi-merci-rivendita-macchinari-fr","11":"sws-gruppo-iva-iva81-fr","13":"first","14":"instock","15":"shipping-taxable","16":"purchasable","17":"product-type-simple"},"_links":{"self":[{"href":"https:\/\/lucacastelli.com\/fr\/wp-json\/wp\/v2\/product\/662354","targetHints":{"allow":["GET"]}}],"collection":[{"href":"https:\/\/lucacastelli.com\/fr\/wp-json\/wp\/v2\/product"}],"about":[{"href":"https:\/\/lucacastelli.com\/fr\/wp-json\/wp\/v2\/types\/product"}],"wp:featuredmedia":[{"embeddable":true,"href":"https:\/\/lucacastelli.com\/fr\/wp-json\/wp\/v2\/media\/660446"}],"wp:attachment":[{"href":"https:\/\/lucacastelli.com\/fr\/wp-json\/wp\/v2\/media?parent=662354"}],"wp:term":[{"taxonomy":"product_brand","embeddable":true,"href":"https:\/\/lucacastelli.com\/fr\/wp-json\/wp\/v2\/product_brand?post=662354"},{"taxonomy":"product_cat","embeddable":true,"href":"https:\/\/lucacastelli.com\/fr\/wp-json\/wp\/v2\/product_cat?post=662354"},{"taxonomy":"product_tag","embeddable":true,"href":"https:\/\/lucacastelli.com\/fr\/wp-json\/wp\/v2\/product_tag?post=662354"}],"curies":[{"name":"wp","href":"https:\/\/api.w.org\/{rel}","templated":true}]}}