{"id":662351,"date":"2025-12-10T17:34:33","date_gmt":"2025-12-10T16:34:33","guid":{"rendered":"https:\/\/lucacastelli.com\/prodotto\/eder-guide-de-positionnement-pour-treuil-500-b\/"},"modified":"2025-12-10T17:34:33","modified_gmt":"2025-12-10T16:34:33","slug":"eder-guide-de-positionnement-pour-treuil-500-b","status":"publish","type":"product","link":"https:\/\/lucacastelli.com\/fr\/produit\/eder-guide-de-positionnement-pour-treuil-500-b\/","title":{"rendered":"EDER Guide de positionnement pour Treuil 500 B"},"content":{"rendered":"<p>Le dispositif de fixation pour le treuil Eder Spillwinde Winch 500 B peut \u00eatre facilement mont\u00e9 avec une sangle de tension sur un point d&#8217;ancrage appropri\u00e9, par exemple un tronc d&#8217;arbre. Ensuite, le Winch 500 B est solidement fix\u00e9 au dispositif de fixation \u00e0 l&#8217;aide d&#8217;une goupille. Le treuil se trouve ainsi imm\u00e9diatement dans la position de travail optimale et peut s&#8217;aligner automatiquement dans la direction de la charge de traction. M\u00eame sans c\u00e2ble de travail tendu, le treuil reste stable dans sa position et est prot\u00e9g\u00e9 de mani\u00e8re fia   <\/p>\n<p><b>Force de traction directe : <\/b>750 kg<\/p>\n<p><b>Poids : <\/b>1,4 kg<\/p>\n<p>&nbsp;<\/p>\n","protected":false},"excerpt":{"rendered":"<p>Le dispositif de fixation pour le treuil Eder Spillwinde Winch 500 B peut \u00eatre facilement mont\u00e9 avec une sangle de<\/p>\n","protected":false},"featured_media":660430,"template":"","meta":{"_seopress_robots_primary_cat":"none","_seopress_titles_title":"","_seopress_titles_desc":"","_seopress_robots_index":""},"product_brand":[3627],"product_cat":[144,1397],"product_tag":[],"class_list":{"0":"post-662351","1":"product","2":"type-product","3":"status-publish","4":"has-post-thumbnail","6":"product_brand-eder-fr","7":"product_cat-equipement","8":"product_cat-equipement-de-travail","9":"sws-gruppo-macchinari-fr","10":"sws-conto-ricavi-merci-rivendita-macchinari-fr","11":"sws-gruppo-iva-iva81-fr","13":"first","14":"instock","15":"shipping-taxable","16":"purchasable","17":"product-type-simple"},"_links":{"self":[{"href":"https:\/\/lucacastelli.com\/fr\/wp-json\/wp\/v2\/product\/662351","targetHints":{"allow":["GET"]}}],"collection":[{"href":"https:\/\/lucacastelli.com\/fr\/wp-json\/wp\/v2\/product"}],"about":[{"href":"https:\/\/lucacastelli.com\/fr\/wp-json\/wp\/v2\/types\/product"}],"wp:featuredmedia":[{"embeddable":true,"href":"https:\/\/lucacastelli.com\/fr\/wp-json\/wp\/v2\/media\/660430"}],"wp:attachment":[{"href":"https:\/\/lucacastelli.com\/fr\/wp-json\/wp\/v2\/media?parent=662351"}],"wp:term":[{"taxonomy":"product_brand","embeddable":true,"href":"https:\/\/lucacastelli.com\/fr\/wp-json\/wp\/v2\/product_brand?post=662351"},{"taxonomy":"product_cat","embeddable":true,"href":"https:\/\/lucacastelli.com\/fr\/wp-json\/wp\/v2\/product_cat?post=662351"},{"taxonomy":"product_tag","embeddable":true,"href":"https:\/\/lucacastelli.com\/fr\/wp-json\/wp\/v2\/product_tag?post=662351"}],"curies":[{"name":"wp","href":"https:\/\/api.w.org\/{rel}","templated":true}]}}