{"id":662341,"date":"2025-12-09T17:17:01","date_gmt":"2025-12-09T16:17:01","guid":{"rendered":"https:\/\/lucacastelli.com\/prodotto\/sac-porte-corde-pour-treuil-portable-12-litres\/"},"modified":"2025-12-09T17:17:01","modified_gmt":"2025-12-09T16:17:01","slug":"sac-porte-corde-pour-treuil-portable-12-litres","status":"publish","type":"product","link":"https:\/\/lucacastelli.com\/fr\/produit\/sac-porte-corde-pour-treuil-portable-12-litres\/","title":{"rendered":"Sac porte-corde pour treuil portable 12 litres"},"content":{"rendered":"<p>Le sac pour corde Portable Winch de 12 litres est fabriqu\u00e9 en vinyle r\u00e9sistant et con\u00e7u pour \u00eatre fix\u00e9 au ch\u00e2ssis de transport sp\u00e9cialement profil\u00e9 (PCA-0104). Il peut contenir jusqu&#8217;\u00e0 50 m de corde de 10 mm (1\/2\u2033). Exactement ce qu&#8217;il vous faut pour r\u00e9cup\u00e9rer le gros gibier ! Il peut \u00e9galement \u00eatre transport\u00e9 avec les clips sup\u00e9rieurs ferm\u00e9s.<br \/>\nVinyle r\u00e9sistant<br \/>\nCAPACIT\u00c9 : 10 MM = 50 M \/ 12 MM = N\/A 12 litres<br \/>\n400 G \/ \u00d8 30 CM \/ Hauteur : 36 CM<br \/>\nPCA-0103   <\/p>\n<p>&nbsp;<\/p>\n<p>CONSEIL SECRET :<br \/>\nsi vous fixez un mousqueton \u00e0 la boucle de ceinture et y faites passer la corde, vous pourrez la ranger encore plus rapidement dans votre sac !<\/p>\n","protected":false},"excerpt":{"rendered":"<p>Le sac pour corde Portable Winch de 12 litres est fabriqu\u00e9 en vinyle r\u00e9sistant et con\u00e7u pour \u00eatre fix\u00e9 au<\/p>\n","protected":false},"featured_media":659777,"template":"","meta":{"_seopress_robots_primary_cat":"none","_seopress_titles_title":"","_seopress_titles_desc":"","_seopress_robots_index":""},"product_brand":[6642],"product_cat":[144,1397],"product_tag":[],"class_list":{"0":"post-662341","1":"product","2":"type-product","3":"status-publish","4":"has-post-thumbnail","6":"product_brand-portable-winch","7":"product_cat-equipement","8":"product_cat-equipement-de-travail","9":"sws-gruppo-attrezz-fr","10":"sws-conto-ricavi-merci-rivendita-macchinari-fr","11":"sws-gruppo-iva-iva81-fr","13":"first","14":"instock","15":"shipping-taxable","16":"purchasable","17":"product-type-simple"},"_links":{"self":[{"href":"https:\/\/lucacastelli.com\/fr\/wp-json\/wp\/v2\/product\/662341","targetHints":{"allow":["GET"]}}],"collection":[{"href":"https:\/\/lucacastelli.com\/fr\/wp-json\/wp\/v2\/product"}],"about":[{"href":"https:\/\/lucacastelli.com\/fr\/wp-json\/wp\/v2\/types\/product"}],"wp:featuredmedia":[{"embeddable":true,"href":"https:\/\/lucacastelli.com\/fr\/wp-json\/wp\/v2\/media\/659777"}],"wp:attachment":[{"href":"https:\/\/lucacastelli.com\/fr\/wp-json\/wp\/v2\/media?parent=662341"}],"wp:term":[{"taxonomy":"product_brand","embeddable":true,"href":"https:\/\/lucacastelli.com\/fr\/wp-json\/wp\/v2\/product_brand?post=662341"},{"taxonomy":"product_cat","embeddable":true,"href":"https:\/\/lucacastelli.com\/fr\/wp-json\/wp\/v2\/product_cat?post=662341"},{"taxonomy":"product_tag","embeddable":true,"href":"https:\/\/lucacastelli.com\/fr\/wp-json\/wp\/v2\/product_tag?post=662341"}],"curies":[{"name":"wp","href":"https:\/\/api.w.org\/{rel}","templated":true}]}}