{"id":662335,"date":"2025-12-10T16:59:27","date_gmt":"2025-12-10T15:59:27","guid":{"rendered":"https:\/\/lucacastelli.com\/prodotto\/eder-treuil-a-cable-winch-500-b\/"},"modified":"2025-12-10T16:59:27","modified_gmt":"2025-12-10T15:59:27","slug":"eder-treuil-a-cable-winch-500-b","status":"publish","type":"product","link":"https:\/\/lucacastelli.com\/fr\/produit\/eder-treuil-a-cable-winch-500-b\/","title":{"rendered":"EDER Treuil \u00e0 c\u00e2ble Winch 500 B"},"content":{"rendered":"<p>Informations sur l&#8217;article<\/p>\n<p>Le treuil \u00e0 batterie Eder Winch 500 B se distingue par son poids r\u00e9duit de seulement 6,5 kg et une capacit\u00e9 de levage\/traction continue de 500 kg. Le treuil peut \u00eatre utilis\u00e9 pour toutes les applications n\u00e9cessitant de soulever ou de tracter des charges. Il convient, par exemple, pour la r\u00e9cup\u00e9ration de gibier, le remorquage, la pose de c\u00e2bles ou le transport de mat\u00e9riaux de construction.  <\/p>\n<ul>\n<li>Force de traction constante<\/li>\n<li>Fonction de maintien de charge<\/li>\n<li>Longueur de c\u00e2ble illimit\u00e9e<\/li>\n<li>Pour c\u00e2bles \u00e0 \u00e2me en acier de 8 mm<\/li>\n<li>Niveau de puissance sonore 75 dB<\/li>\n<li>Syst\u00e8me de batterie Stihl AP500S<\/li>\n<li>Force de levage\/traction 500 kg<\/li>\n<li>Force de traction maximale 750 kg<\/li>\n<li>Vitesse maximale 11,5 m\/min<\/li>\n<li>Levage (500 kg) 8 m\/min<\/li>\n<li>Traction au sol (500 kg) 9,5 m\/min<\/li>\n<li>Dimensions 312 x 272 x 230 mm<\/li>\n<li>Poids 6,5 kg<\/li>\n<\/ul>\n<p>sans batterie\/chargeur<\/p>\n","protected":false},"excerpt":{"rendered":"<p>Informations sur l&#8217;article Le treuil \u00e0 batterie Eder Winch 500 B se distingue par son poids r\u00e9duit de seulement 6,5<\/p>\n","protected":false},"featured_media":662338,"template":"","meta":{"_seopress_robots_primary_cat":"none","_seopress_titles_title":"","_seopress_titles_desc":"","_seopress_robots_index":""},"product_brand":[3627],"product_cat":[144,1397],"product_tag":[],"class_list":{"0":"post-662335","1":"product","2":"type-product","3":"status-publish","4":"has-post-thumbnail","6":"product_brand-eder-fr","7":"product_cat-equipement","8":"product_cat-equipement-de-travail","9":"sws-gruppo-macchinari-fr","10":"sws-conto-ricavi-merci-rivendita-abbigliamento-fr","11":"sws-gruppo-iva-iva81-fr","13":"first","14":"instock","15":"sale","16":"shipping-taxable","17":"purchasable","18":"product-type-simple"},"_links":{"self":[{"href":"https:\/\/lucacastelli.com\/fr\/wp-json\/wp\/v2\/product\/662335","targetHints":{"allow":["GET"]}}],"collection":[{"href":"https:\/\/lucacastelli.com\/fr\/wp-json\/wp\/v2\/product"}],"about":[{"href":"https:\/\/lucacastelli.com\/fr\/wp-json\/wp\/v2\/types\/product"}],"wp:featuredmedia":[{"embeddable":true,"href":"https:\/\/lucacastelli.com\/fr\/wp-json\/wp\/v2\/media\/662338"}],"wp:attachment":[{"href":"https:\/\/lucacastelli.com\/fr\/wp-json\/wp\/v2\/media?parent=662335"}],"wp:term":[{"taxonomy":"product_brand","embeddable":true,"href":"https:\/\/lucacastelli.com\/fr\/wp-json\/wp\/v2\/product_brand?post=662335"},{"taxonomy":"product_cat","embeddable":true,"href":"https:\/\/lucacastelli.com\/fr\/wp-json\/wp\/v2\/product_cat?post=662335"},{"taxonomy":"product_tag","embeddable":true,"href":"https:\/\/lucacastelli.com\/fr\/wp-json\/wp\/v2\/product_tag?post=662335"}],"curies":[{"name":"wp","href":"https:\/\/api.w.org\/{rel}","templated":true}]}}