{"id":662312,"date":"2025-12-10T17:20:31","date_gmt":"2025-12-10T16:20:31","guid":{"rendered":"https:\/\/lucacastelli.com\/prodotto\/eder-plaque-de-levage-pour-treuil-500-b\/"},"modified":"2025-12-10T17:20:31","modified_gmt":"2025-12-10T16:20:31","slug":"eder-plaque-de-levage-pour-treuil-500-b","status":"publish","type":"product","link":"https:\/\/lucacastelli.com\/fr\/produit\/eder-plaque-de-levage-pour-treuil-500-b\/","title":{"rendered":"EDER Plaque de levage pour treuil 500 B"},"content":{"rendered":"<p>La plaque de levage Eder est un accessoire pour le treuil Eder Winch 500 B. Elle permet le levage s\u00e9curis\u00e9 et l&#8217;abaissement contr\u00f4l\u00e9 de charges dynamiques jusqu&#8217;\u00e0 1000 kg gr\u00e2ce au dispositif de dissuasion rigide. La plaque de levage est fix\u00e9e \u00e0 l&#8217;arbre avec des sangles de tension, puis le treuil peut \u00eatre facilement mont\u00e9 sur le dispositif de dissuasion \u00e0 l&#8217;aide de goupilles enfichables. <\/p>\n<ul>\n<li>Capacit\u00e9 de levage max. 500 kg<\/li>\n<li>Charge utile max. 1000 kg<\/li>\n<li>Dimensions 470 x 240 x 170 mm<\/li>\n<li>Poids 5,2 kg<\/li>\n<\/ul>\n","protected":false},"excerpt":{"rendered":"<p>La plaque de levage Eder est un accessoire pour le treuil Eder Winch 500 B. Elle permet le levage s\u00e9curis\u00e9<\/p>\n","protected":false},"featured_media":660422,"template":"","meta":{"_seopress_robots_primary_cat":"","_seopress_titles_title":"","_seopress_titles_desc":"","_seopress_robots_index":""},"product_brand":[3627],"product_cat":[144,1397],"product_tag":[],"class_list":{"0":"post-662312","1":"product","2":"type-product","3":"status-publish","4":"has-post-thumbnail","6":"product_brand-eder-fr","7":"product_cat-equipement","8":"product_cat-equipement-de-travail","9":"sws-gruppo-macchinari-fr","10":"sws-conto-ricavi-merci-rivendita-macchinari-fr","11":"sws-gruppo-iva-iva81-fr","13":"first","14":"instock","15":"shipping-taxable","16":"purchasable","17":"product-type-simple"},"_links":{"self":[{"href":"https:\/\/lucacastelli.com\/fr\/wp-json\/wp\/v2\/product\/662312","targetHints":{"allow":["GET"]}}],"collection":[{"href":"https:\/\/lucacastelli.com\/fr\/wp-json\/wp\/v2\/product"}],"about":[{"href":"https:\/\/lucacastelli.com\/fr\/wp-json\/wp\/v2\/types\/product"}],"wp:featuredmedia":[{"embeddable":true,"href":"https:\/\/lucacastelli.com\/fr\/wp-json\/wp\/v2\/media\/660422"}],"wp:attachment":[{"href":"https:\/\/lucacastelli.com\/fr\/wp-json\/wp\/v2\/media?parent=662312"}],"wp:term":[{"taxonomy":"product_brand","embeddable":true,"href":"https:\/\/lucacastelli.com\/fr\/wp-json\/wp\/v2\/product_brand?post=662312"},{"taxonomy":"product_cat","embeddable":true,"href":"https:\/\/lucacastelli.com\/fr\/wp-json\/wp\/v2\/product_cat?post=662312"},{"taxonomy":"product_tag","embeddable":true,"href":"https:\/\/lucacastelli.com\/fr\/wp-json\/wp\/v2\/product_tag?post=662312"}],"curies":[{"name":"wp","href":"https:\/\/api.w.org\/{rel}","templated":true}]}}